{"id":123268,"date":"2022-08-21T21:09:36","date_gmt":"2022-08-21T21:09:36","guid":{"rendered":"https:\/\/cernelic.hr\/proizvod\/marina-picnic-by-extremis\/"},"modified":"2023-12-08T10:10:29","modified_gmt":"2023-12-08T10:10:29","slug":"marina-picnic-by-extremis","status":"publish","type":"product","link":"https:\/\/cernelic.hr\/en\/proizvod\/marina-picnic-by-extremis\/","title":{"rendered":"MARINA PICNIC by Extremis"},"content":{"rendered":"<p>\u010cudo dizajna \u201eMarina picnic\u201c posjeduje povr\u0161inu koja stvara mirnu i neprekidnu estetiku. S klupama s obje strane, ovaj namje\u0161taj za terasu savr\u0161en je primjer Extremis filozofije: to je stol koji okuplja do 40 ljudi na standardnim duljinama do 12 metara.<\/p>\n","protected":false},"excerpt":{"rendered":"<p>\u010cudo dizajna \u201eMarina picnic\u201c posjeduje povr\u0161inu koja stvara mirnu i neprekidnu estetiku. S klupama s obje strane, ovaj namje\u0161taj za terasu savr\u0161en je primjer Extremis filozofije: to je stol koji okuplja do 40 ljudi na standardnim duljinama do 12 metara.<\/p>\n","protected":false},"featured_media":123301,"template":"","meta":{"_acf_changed":false},"product_brand":[],"product_cat":[3116,3041,2105,3133,3127,3131,2513,2061,2068,2073,3141,3182,3139,3216,3140,2092],"product_tag":[],"berocket_brand":[3233],"class_list":{"0":"post-123268","1":"product","2":"type-product","3":"status-publish","4":"has-post-thumbnail","6":"product_cat-fotelje-garniture-proizvodi","7":"product_cat-horeca-prostori","8":"product_cat-javni","9":"product_cat-klupe-i-separei-horeca-prostori","10":"product_cat-klupe-i-separei","11":"product_cat-namjestaj-za-neformalne-sastanke-i-druzenje","12":"product_cat-outdoor","13":"product_cat-proizvodi","14":"product_cat-prostori","15":"product_cat-rezidencijalni","16":"product_cat-stolovi-outdoor","17":"product_cat-stolovi-za-unutarnje-prostore-rezidencijalni","18":"product_cat-stolovi-za-unutarnje-prostore-javni","19":"product_cat-stolovi-za-vanjske-prostore-rezidencijalni","20":"product_cat-stolovi-za-vanjske-prostore-javni","21":"product_cat-uredi","22":"berocket_brand-extremis","24":"first","25":"instock","26":"product-type-grouped"},"acf":[],"_links":{"self":[{"href":"https:\/\/cernelic.hr\/en\/wp-json\/wp\/v2\/product\/123268","targetHints":{"allow":["GET"]}}],"collection":[{"href":"https:\/\/cernelic.hr\/en\/wp-json\/wp\/v2\/product"}],"about":[{"href":"https:\/\/cernelic.hr\/en\/wp-json\/wp\/v2\/types\/product"}],"wp:featuredmedia":[{"embeddable":true,"href":"https:\/\/cernelic.hr\/en\/wp-json\/wp\/v2\/media\/123301"}],"wp:attachment":[{"href":"https:\/\/cernelic.hr\/en\/wp-json\/wp\/v2\/media?parent=123268"}],"wp:term":[{"taxonomy":"product_brand","embeddable":true,"href":"https:\/\/cernelic.hr\/en\/wp-json\/wp\/v2\/product_brand?post=123268"},{"taxonomy":"product_cat","embeddable":true,"href":"https:\/\/cernelic.hr\/en\/wp-json\/wp\/v2\/product_cat?post=123268"},{"taxonomy":"product_tag","embeddable":true,"href":"https:\/\/cernelic.hr\/en\/wp-json\/wp\/v2\/product_tag?post=123268"},{"taxonomy":"berocket_brand","embeddable":true,"href":"https:\/\/cernelic.hr\/en\/wp-json\/wp\/v2\/berocket_brand?post=123268"}],"curies":[{"name":"wp","href":"https:\/\/api.w.org\/{rel}","templated":true}]}}