{"id":123271,"date":"2022-08-21T21:10:16","date_gmt":"2022-08-21T21:10:16","guid":{"rendered":"https:\/\/cernelic.hr\/proizvod\/pantagruel-table-by-extremis\/"},"modified":"2023-12-08T10:10:39","modified_gmt":"2023-12-08T10:10:39","slug":"pantagruel-table-by-extremis","status":"publish","type":"product","link":"https:\/\/cernelic.hr\/en\/proizvod\/pantagruel-table-by-extremis\/","title":{"rendered":"PANTAGRUEL TABLE by Extremis"},"content":{"rendered":"<p>Stol za vanjsku upotrebu \u201ePantagruel\u201c lako smje\u0161ta osam osoba. Uz nekoliko opcija boja i materijala, uklapa se u svaki unutarnji ili vanjski prostor. Okrugli oblik omogu\u0107uje svima sudjelovanje u razgovoru i kontakt o\u010dima, \u0161to ga \u010dini idealnim za sastanak okruglog stola. \u201eLazy Susan\u201c u sredini olak\u0161ava te\u017eak posao razno\u0161enja hrane i pi\u0107a.<\/p>\n","protected":false},"excerpt":{"rendered":"<p>Stol za vanjsku upotrebu \u201ePantagruel\u201c lako smje\u0161ta osam osoba. Uz nekoliko opcija boja i materijala, uklapa se u svaki unutarnji ili vanjski prostor. Okrugli oblik omogu\u0107uje svima sudjelovanje u razgovoru i kontakt o\u010dima, \u0161to ga \u010dini idealnim za sastanak okruglog stola. \u201eLazy Susan\u201c u sredini olak\u0161ava te\u017eak posao razno\u0161enja hrane i pi\u0107a.<\/p>\n","protected":false},"featured_media":123304,"template":"","meta":{"_acf_changed":false},"product_brand":[],"product_cat":[3041,2105,2513,2061,2068,2073,2118,3141,3182,3139,3134,3181,3135,3215,3140,3216],"product_tag":[],"berocket_brand":[3233],"class_list":{"0":"post-123271","1":"product","2":"type-product","3":"status-publish","4":"has-post-thumbnail","6":"product_cat-horeca-prostori","7":"product_cat-javni","8":"product_cat-outdoor","9":"product_cat-proizvodi","10":"product_cat-prostori","11":"product_cat-rezidencijalni","12":"product_cat-stolovi","13":"product_cat-stolovi-outdoor","14":"product_cat-stolovi-za-unutarnje-prostore-rezidencijalni","15":"product_cat-stolovi-za-unutarnje-prostore-javni","16":"product_cat-stolovi-za-unutarnje-prostore-horeca-prostori","17":"product_cat-stolovi-za-unutarnje-prostore-stolovi","18":"product_cat-stolovi-za-vanjske-prostore","19":"product_cat-stolovi-za-vanjske-prostore-stolovi","20":"product_cat-stolovi-za-vanjske-prostore-javni","21":"product_cat-stolovi-za-vanjske-prostore-rezidencijalni","22":"berocket_brand-extremis","24":"first","25":"instock","26":"product-type-grouped"},"acf":[],"_links":{"self":[{"href":"https:\/\/cernelic.hr\/en\/wp-json\/wp\/v2\/product\/123271","targetHints":{"allow":["GET"]}}],"collection":[{"href":"https:\/\/cernelic.hr\/en\/wp-json\/wp\/v2\/product"}],"about":[{"href":"https:\/\/cernelic.hr\/en\/wp-json\/wp\/v2\/types\/product"}],"wp:featuredmedia":[{"embeddable":true,"href":"https:\/\/cernelic.hr\/en\/wp-json\/wp\/v2\/media\/123304"}],"wp:attachment":[{"href":"https:\/\/cernelic.hr\/en\/wp-json\/wp\/v2\/media?parent=123271"}],"wp:term":[{"taxonomy":"product_brand","embeddable":true,"href":"https:\/\/cernelic.hr\/en\/wp-json\/wp\/v2\/product_brand?post=123271"},{"taxonomy":"product_cat","embeddable":true,"href":"https:\/\/cernelic.hr\/en\/wp-json\/wp\/v2\/product_cat?post=123271"},{"taxonomy":"product_tag","embeddable":true,"href":"https:\/\/cernelic.hr\/en\/wp-json\/wp\/v2\/product_tag?post=123271"},{"taxonomy":"berocket_brand","embeddable":true,"href":"https:\/\/cernelic.hr\/en\/wp-json\/wp\/v2\/berocket_brand?post=123271"}],"curies":[{"name":"wp","href":"https:\/\/api.w.org\/{rel}","templated":true}]}}