{"id":123272,"date":"2022-08-21T21:10:16","date_gmt":"2022-08-21T21:10:16","guid":{"rendered":"https:\/\/cernelic.hr\/proizvod\/picnik-by-extremis\/"},"modified":"2023-12-08T10:10:43","modified_gmt":"2023-12-08T10:10:43","slug":"picnik-by-extremis","status":"publish","type":"product","link":"https:\/\/cernelic.hr\/en\/proizvod\/picnik-by-extremis\/","title":{"rendered":"PICNIK by Extremis"},"content":{"rendered":"<p>\u201ePicnik\u201c posjeduje formu koja udobno smje\u0161ta dvije osobe i odolijeva najte\u017eim uvjetima na otvorenom. Savr\u0161en je primjer izreke &#8220;forma prati funkciju&#8221;. Ovaj namje\u0161taj za terasu pravi je klasik dizajna Extremisove vanjske kolekcije.<\/p>\n","protected":false},"excerpt":{"rendered":"<p>\u201ePicnik\u201c posjeduje formu koja udobno smje\u0161ta dvije osobe i odolijeva najte\u017eim uvjetima na otvorenom. Savr\u0161en je primjer izreke &#8220;forma prati funkciju&#8221;. Ovaj namje\u0161taj za terasu pravi je klasik dizajna Extremisove vanjske kolekcije.<\/p>\n","protected":false},"featured_media":123305,"template":"","meta":{"_acf_changed":false},"product_brand":[],"product_cat":[3116,3041,2105,3133,3127,2513,2061,2068,2073,2087,3113,3115,3101,3105,3109,3141,2118,3216,3135,3140,3215,3237,3238],"product_tag":[],"berocket_brand":[3233],"class_list":{"0":"post-123272","1":"product","2":"type-product","3":"status-publish","4":"has-post-thumbnail","6":"product_cat-fotelje-garniture-proizvodi","7":"product_cat-horeca-prostori","8":"product_cat-javni","9":"product_cat-klupe-i-separei-horeca-prostori","10":"product_cat-klupe-i-separei","11":"product_cat-outdoor","12":"product_cat-proizvodi","13":"product_cat-prostori","14":"product_cat-rezidencijalni","15":"product_cat-stolice","16":"product_cat-stolice-za-vanjske-prostore-javni","17":"product_cat-stolice-za-vanjske-prostore-outdoor","18":"product_cat-stolice-za-vanjske-prostore","19":"product_cat-stolice-za-vanjske-prostore-horeca-prostori","20":"product_cat-stolice-za-vanjske-prostore-rezidencijalni","21":"product_cat-stolovi-outdoor","22":"product_cat-stolovi","23":"product_cat-stolovi-za-vanjske-prostore-rezidencijalni","24":"product_cat-stolovi-za-vanjske-prostore","25":"product_cat-stolovi-za-vanjske-prostore-javni","26":"product_cat-stolovi-za-vanjske-prostore-stolovi","27":"product_cat-urbana-oprema","28":"product_cat-urbana-oprema-outdoor","29":"berocket_brand-extremis","31":"first","32":"instock","33":"product-type-grouped"},"acf":[],"_links":{"self":[{"href":"https:\/\/cernelic.hr\/en\/wp-json\/wp\/v2\/product\/123272","targetHints":{"allow":["GET"]}}],"collection":[{"href":"https:\/\/cernelic.hr\/en\/wp-json\/wp\/v2\/product"}],"about":[{"href":"https:\/\/cernelic.hr\/en\/wp-json\/wp\/v2\/types\/product"}],"wp:featuredmedia":[{"embeddable":true,"href":"https:\/\/cernelic.hr\/en\/wp-json\/wp\/v2\/media\/123305"}],"wp:attachment":[{"href":"https:\/\/cernelic.hr\/en\/wp-json\/wp\/v2\/media?parent=123272"}],"wp:term":[{"taxonomy":"product_brand","embeddable":true,"href":"https:\/\/cernelic.hr\/en\/wp-json\/wp\/v2\/product_brand?post=123272"},{"taxonomy":"product_cat","embeddable":true,"href":"https:\/\/cernelic.hr\/en\/wp-json\/wp\/v2\/product_cat?post=123272"},{"taxonomy":"product_tag","embeddable":true,"href":"https:\/\/cernelic.hr\/en\/wp-json\/wp\/v2\/product_tag?post=123272"},{"taxonomy":"berocket_brand","embeddable":true,"href":"https:\/\/cernelic.hr\/en\/wp-json\/wp\/v2\/berocket_brand?post=123272"}],"curies":[{"name":"wp","href":"https:\/\/api.w.org\/{rel}","templated":true}]}}