{"id":123276,"date":"2022-08-21T21:10:52","date_gmt":"2022-08-21T21:10:52","guid":{"rendered":"https:\/\/cernelic.hr\/proizvod\/solluna-by-extremis\/"},"modified":"2023-12-08T10:10:59","modified_gmt":"2023-12-08T10:10:59","slug":"solluna-by-extremis","status":"publish","type":"product","link":"https:\/\/cernelic.hr\/en\/proizvod\/solluna-by-extremis\/","title":{"rendered":"SOL+LUNA by Extremis"},"content":{"rendered":"<p>Ovo nije le\u017ealjka, nije trosjed, ovo je &#8211; oboje. Pretvorite le\u017ealjku u udoban vanjski lounge trosjed dodavanjem udobnih jastuka. Ova multifunkcionalnost \u010dini \u201eSol+Luna\u201c kolekciju savr\u0161enim rje\u0161enjem ukoliko tra\u017eite u\u0161tedu prostora za svoje balkone ili terase. Vitki skulpturalni okvir \u010distih arhitektonskih linija odgovara estetici modernih zgrada, urbanih sredina i butik hotela. Prostor za pohranu \u010duva dragocjenosti dok se kupate u bazenu.<\/p>\n","protected":false},"excerpt":{"rendered":"<p>Ovo nije le\u017ealjka, nije trosjed, ovo je &#8211; oboje. Pretvorite le\u017ealjku u udoban vanjski lounge trosjed dodavanjem udobnih jastuka. Ova multifunkcionalnost \u010dini \u201eSol+Luna\u201c kolekciju savr\u0161enim rje\u0161enjem ukoliko tra\u017eite u\u0161tedu prostora za svoje balkone ili terase. Vitki skulpturalni okvir \u010distih arhitektonskih linija odgovara estetici modernih zgrada, urbanih sredina i butik hotela. Prostor za pohranu \u010duva dragocjenosti [&hellip;]<\/p>\n","protected":false},"featured_media":123309,"template":"","meta":{"_acf_changed":false},"product_brand":[],"product_cat":[2111,3116,3211,3212,3214,3210,3213,3209,3041,2105,3225,3242,3226,2159,3241,2513,2061,2068,2073],"product_tag":[],"berocket_brand":[3233],"class_list":{"0":"post-123276","1":"product","2":"type-product","3":"status-publish","4":"has-post-thumbnail","6":"product_cat-dvorane","7":"product_cat-fotelje-garniture-proizvodi","8":"product_cat-fotelje-i-garniture-vanjske-prostore","9":"product_cat-fotelje-i-garniture-vanjske-prostore-javni","10":"product_cat-fotelje-i-garniture-vanjske-prostore-outdoor","11":"product_cat-fotelje-i-garniture-za-vanjske-prostore-horeca-prostori","12":"product_cat-fotelje-i-garniture-za-vanjske-prostore-dvorane","13":"product_cat-fotelje-i-garniture-za-vanjske-prostore","14":"product_cat-horeca-prostori","15":"product_cat-javni","16":"product_cat-lezaljke-horeca-prostori","17":"product_cat-lezaljke-outdoor","18":"product_cat-lezaljke-rezidencijalni","19":"product_cat-lezaljke","20":"product_cat-lezaljke-lezaljke","21":"product_cat-outdoor","22":"product_cat-proizvodi","23":"product_cat-prostori","24":"product_cat-rezidencijalni","25":"berocket_brand-extremis","27":"first","28":"instock","29":"product-type-grouped"},"acf":[],"_links":{"self":[{"href":"https:\/\/cernelic.hr\/en\/wp-json\/wp\/v2\/product\/123276","targetHints":{"allow":["GET"]}}],"collection":[{"href":"https:\/\/cernelic.hr\/en\/wp-json\/wp\/v2\/product"}],"about":[{"href":"https:\/\/cernelic.hr\/en\/wp-json\/wp\/v2\/types\/product"}],"wp:featuredmedia":[{"embeddable":true,"href":"https:\/\/cernelic.hr\/en\/wp-json\/wp\/v2\/media\/123309"}],"wp:attachment":[{"href":"https:\/\/cernelic.hr\/en\/wp-json\/wp\/v2\/media?parent=123276"}],"wp:term":[{"taxonomy":"product_brand","embeddable":true,"href":"https:\/\/cernelic.hr\/en\/wp-json\/wp\/v2\/product_brand?post=123276"},{"taxonomy":"product_cat","embeddable":true,"href":"https:\/\/cernelic.hr\/en\/wp-json\/wp\/v2\/product_cat?post=123276"},{"taxonomy":"product_tag","embeddable":true,"href":"https:\/\/cernelic.hr\/en\/wp-json\/wp\/v2\/product_tag?post=123276"},{"taxonomy":"berocket_brand","embeddable":true,"href":"https:\/\/cernelic.hr\/en\/wp-json\/wp\/v2\/berocket_brand?post=123276"}],"curies":[{"name":"wp","href":"https:\/\/api.w.org\/{rel}","templated":true}]}}