{"id":123278,"date":"2022-08-21T21:11:12","date_gmt":"2022-08-21T21:11:12","guid":{"rendered":"https:\/\/cernelic.hr\/proizvod\/tiki-by-extremis\/"},"modified":"2023-12-08T10:11:06","modified_gmt":"2023-12-08T10:11:06","slug":"tiki-by-extremis","status":"publish","type":"product","link":"https:\/\/cernelic.hr\/en\/proizvod\/tiki-by-extremis\/","title":{"rendered":"TIKI by Extremis"},"content":{"rendered":"<p>\u201eTiki\u201c su idealne ergonomske stolice za svaku zabavu, u zatvorenom ili na otvorenom. \u010celi\u010dne noge i sjedalo daju dizajnu \u010distu, nekompliciranu liniju. Ili za\u0161to se ne odlu\u010diti za stilski zaokret, s drvenim sjedalom? Sa svojim minimalisti\u010dkim konturama ova se barska stolica neprimjetno uklapa u bilo kakvo opremanje kafi\u0107a, ali i nagla\u0161ava sam \u0161ank. \u201eTiki\u201c nudi udobno sjedenje i podr\u0161ku za umorna stopala. \u010cak i s opcijskim naslonom za le\u0111a, va\u0161i gosti imaju optimalnu slobodu kretanja, potrebnu da se mi\u010du uz glazbu dok sjede. I ne brinite, dodatni jastuk ne\u0107e odnijeti vjetar, jer je sigurno pri\u010dvr\u0161\u0107en za sjedalo.<\/p>\n","protected":false},"excerpt":{"rendered":"<p>\u201eTiki\u201c su idealne ergonomske stolice za svaku zabavu, u zatvorenom ili na otvorenom. \u010celi\u010dne noge i sjedalo daju dizajnu \u010distu, nekompliciranu liniju. Ili za\u0161to se ne odlu\u010diti za stilski zaokret, s drvenim sjedalom? Sa svojim minimalisti\u010dkim konturama ova se barska stolica neprimjetno uklapa u bilo kakvo opremanje kafi\u0107a, ali i nagla\u0161ava sam \u0161ank. \u201eTiki\u201c nudi [&hellip;]<\/p>\n","protected":false},"featured_media":123311,"template":"","meta":{"_acf_changed":false},"product_brand":[],"product_cat":[3110,3106,3102,3098,3111,3107,3103,3099,3114,3041,2105,3131,2513,2061,2068,2073,2087,3112,3108,3104,3100,3101,3115,3113,3109,3105,3141,2118,3134,3182,3139,3140,3135,3216,2092,3217,3218],"product_tag":[],"berocket_brand":[3233],"class_list":{"0":"post-123278","1":"product","2":"type-product","3":"status-publish","4":"has-post-thumbnail","6":"product_cat-barske-stolice-za-unutarnje-prostore-javni","7":"product_cat-barske-stolice-za-unutarnje-prostore-rezidencijalni","8":"product_cat-barske-stolice-za-unutarnje-prostore-horeca-prostori","9":"product_cat-barske-stolice-za-unutarnje-prostore","10":"product_cat-barske-stolice-za-vanjske-prostore-javni","11":"product_cat-barske-stolice-za-vanjske-prostore-rezidencijalni","12":"product_cat-barske-stolice-za-vanjske-prostore-horeca-prostori","13":"product_cat-barske-stolice-za-vanjske-prostore","14":"product_cat-barske-stolice-za-vanjske-prostore-outdoor","15":"product_cat-horeca-prostori","16":"product_cat-javni","17":"product_cat-namjestaj-za-neformalne-sastanke-i-druzenje","18":"product_cat-outdoor","19":"product_cat-proizvodi","20":"product_cat-prostori","21":"product_cat-rezidencijalni","22":"product_cat-stolice","23":"product_cat-stolice-za-unutarnje-prostore-javni","24":"product_cat-stolice-za-unutarnje-prostore-rezidencijalni","25":"product_cat-stolice-za-unutarnje-prostore-horeca-prostori","26":"product_cat-stolice-za-unutarnje-prostore","27":"product_cat-stolice-za-vanjske-prostore","28":"product_cat-stolice-za-vanjske-prostore-outdoor","29":"product_cat-stolice-za-vanjske-prostore-javni","30":"product_cat-stolice-za-vanjske-prostore-rezidencijalni","31":"product_cat-stolice-za-vanjske-prostore-horeca-prostori","32":"product_cat-stolovi-outdoor","33":"product_cat-stolovi","34":"product_cat-stolovi-za-unutarnje-prostore-horeca-prostori","35":"product_cat-stolovi-za-unutarnje-prostore-rezidencijalni","36":"product_cat-stolovi-za-unutarnje-prostore-javni","37":"product_cat-stolovi-za-vanjske-prostore-javni","38":"product_cat-stolovi-za-vanjske-prostore","39":"product_cat-stolovi-za-vanjske-prostore-rezidencijalni","40":"product_cat-uredi","41":"product_cat-visoki-barski-stolovi-vanjske-prostore","42":"product_cat-visoki-barski-stolovi-za-unutarnje-prostore","43":"berocket_brand-extremis","45":"first","46":"instock","47":"product-type-grouped"},"acf":[],"_links":{"self":[{"href":"https:\/\/cernelic.hr\/en\/wp-json\/wp\/v2\/product\/123278","targetHints":{"allow":["GET"]}}],"collection":[{"href":"https:\/\/cernelic.hr\/en\/wp-json\/wp\/v2\/product"}],"about":[{"href":"https:\/\/cernelic.hr\/en\/wp-json\/wp\/v2\/types\/product"}],"wp:featuredmedia":[{"embeddable":true,"href":"https:\/\/cernelic.hr\/en\/wp-json\/wp\/v2\/media\/123311"}],"wp:attachment":[{"href":"https:\/\/cernelic.hr\/en\/wp-json\/wp\/v2\/media?parent=123278"}],"wp:term":[{"taxonomy":"product_brand","embeddable":true,"href":"https:\/\/cernelic.hr\/en\/wp-json\/wp\/v2\/product_brand?post=123278"},{"taxonomy":"product_cat","embeddable":true,"href":"https:\/\/cernelic.hr\/en\/wp-json\/wp\/v2\/product_cat?post=123278"},{"taxonomy":"product_tag","embeddable":true,"href":"https:\/\/cernelic.hr\/en\/wp-json\/wp\/v2\/product_tag?post=123278"},{"taxonomy":"berocket_brand","embeddable":true,"href":"https:\/\/cernelic.hr\/en\/wp-json\/wp\/v2\/berocket_brand?post=123278"}],"curies":[{"name":"wp","href":"https:\/\/api.w.org\/{rel}","templated":true}]}}