{"id":123279,"date":"2022-08-21T21:11:30","date_gmt":"2022-08-21T21:11:30","guid":{"rendered":"https:\/\/cernelic.hr\/proizvod\/virus-by-extremis\/"},"modified":"2023-12-08T10:11:09","modified_gmt":"2023-12-08T10:11:09","slug":"virus-by-extremis","status":"publish","type":"product","link":"https:\/\/cernelic.hr\/en\/proizvod\/virus-by-extremis\/","title":{"rendered":"VIRUS by Extremis"},"content":{"rendered":"<p>Extremisov \u201eVirus\u201c donosi \u017eivot \u010dak i na najsterilnijim mjestima. Kad ga pogledate odozgo, mo\u017eete vidjeti njegov okrugli oblik s razli\u010dito oblikovanim sjedalima. Kompaktan dizajn koji je odgovor za manje stambene prostore, balkone, urbane vrtove ili u prostore za odmor u uredima ili \u0161kolama. Na\u0161 cilj? Zajedni\u0161tvo, bilo gdje.<\/p>\n","protected":false},"excerpt":{"rendered":"<p>Extremisov \u201eVirus\u201c donosi \u017eivot \u010dak i na najsterilnijim mjestima. Kad ga pogledate odozgo, mo\u017eete vidjeti njegov okrugli oblik s razli\u010dito oblikovanim sjedalima. Kompaktan dizajn koji je odgovor za manje stambene prostore, balkone, urbane vrtove ili u prostore za odmor u uredima ili \u0161kolama. Na\u0161 cilj? Zajedni\u0161tvo, bilo gdje.<\/p>\n","protected":false},"featured_media":123312,"template":"","meta":{"_acf_changed":false},"product_brand":[],"product_cat":[3116,3041,2105,3127,3133,2513,2061,2068,2073,2087,3113,3115,3101,3105,3109,3141,2118,3216,3135,3140,3215,3237,3238],"product_tag":[],"berocket_brand":[3233],"class_list":{"0":"post-123279","1":"product","2":"type-product","3":"status-publish","4":"has-post-thumbnail","6":"product_cat-fotelje-garniture-proizvodi","7":"product_cat-horeca-prostori","8":"product_cat-javni","9":"product_cat-klupe-i-separei","10":"product_cat-klupe-i-separei-horeca-prostori","11":"product_cat-outdoor","12":"product_cat-proizvodi","13":"product_cat-prostori","14":"product_cat-rezidencijalni","15":"product_cat-stolice","16":"product_cat-stolice-za-vanjske-prostore-javni","17":"product_cat-stolice-za-vanjske-prostore-outdoor","18":"product_cat-stolice-za-vanjske-prostore","19":"product_cat-stolice-za-vanjske-prostore-horeca-prostori","20":"product_cat-stolice-za-vanjske-prostore-rezidencijalni","21":"product_cat-stolovi-outdoor","22":"product_cat-stolovi","23":"product_cat-stolovi-za-vanjske-prostore-rezidencijalni","24":"product_cat-stolovi-za-vanjske-prostore","25":"product_cat-stolovi-za-vanjske-prostore-javni","26":"product_cat-stolovi-za-vanjske-prostore-stolovi","27":"product_cat-urbana-oprema","28":"product_cat-urbana-oprema-outdoor","29":"berocket_brand-extremis","31":"first","32":"instock","33":"product-type-grouped"},"acf":[],"_links":{"self":[{"href":"https:\/\/cernelic.hr\/en\/wp-json\/wp\/v2\/product\/123279","targetHints":{"allow":["GET"]}}],"collection":[{"href":"https:\/\/cernelic.hr\/en\/wp-json\/wp\/v2\/product"}],"about":[{"href":"https:\/\/cernelic.hr\/en\/wp-json\/wp\/v2\/types\/product"}],"wp:featuredmedia":[{"embeddable":true,"href":"https:\/\/cernelic.hr\/en\/wp-json\/wp\/v2\/media\/123312"}],"wp:attachment":[{"href":"https:\/\/cernelic.hr\/en\/wp-json\/wp\/v2\/media?parent=123279"}],"wp:term":[{"taxonomy":"product_brand","embeddable":true,"href":"https:\/\/cernelic.hr\/en\/wp-json\/wp\/v2\/product_brand?post=123279"},{"taxonomy":"product_cat","embeddable":true,"href":"https:\/\/cernelic.hr\/en\/wp-json\/wp\/v2\/product_cat?post=123279"},{"taxonomy":"product_tag","embeddable":true,"href":"https:\/\/cernelic.hr\/en\/wp-json\/wp\/v2\/product_tag?post=123279"},{"taxonomy":"berocket_brand","embeddable":true,"href":"https:\/\/cernelic.hr\/en\/wp-json\/wp\/v2\/berocket_brand?post=123279"}],"curies":[{"name":"wp","href":"https:\/\/api.w.org\/{rel}","templated":true}]}}