{"id":125968,"date":"2022-09-20T06:26:53","date_gmt":"2022-09-20T06:26:53","guid":{"rendered":"https:\/\/cernelic.hr\/proizvod\/cosmo-systems-by-schonbuch\/"},"modified":"2023-12-08T11:10:09","modified_gmt":"2023-12-08T11:10:09","slug":"cosmo-systems-by-schonbuch","status":"publish","type":"product","link":"https:\/\/cernelic.hr\/en\/proizvod\/cosmo-systems-by-schonbuch\/","title":{"rendered":"COSMO Systems by Sch\u00f6nbuch"},"content":{"rendered":"<p>COSMO je niz prakti\u010dnih niskih, bo\u010dnih i visokih plo\u010da koje se mogu konfigurirati na razli\u010dite na\u010dine. Posebna zna\u010dajka dizajna serije su elementi s otvorenim prednjim dijelom, koji dodaju zanimljivost njezinom namjerno suzdr\u017eanom cjelokupnom izgledu dijele\u0107i lice ormara. COSMO linija nudi razli\u010dite mogu\u0107e konfiguracije, prednje dizajne i unutarnje rasporede \u0161to ga \u010dini idealnim za svako ure\u0111enje ureda, ure\u0111enje stana ili ure\u0111enje ku\u0107e.<br \/>\nElegantan po dizajnu \u2013 u svakom prostoru.<\/p>\n","protected":false},"excerpt":{"rendered":"<p>COSMO je niz prakti\u010dnih niskih, bo\u010dnih i visokih plo\u010da koje se mogu konfigurirati na razli\u010dite na\u010dine. Posebna zna\u010dajka dizajna serije su elementi s otvorenim prednjim dijelom, koji dodaju zanimljivost njezinom namjerno suzdr\u017eanom cjelokupnom izgledu dijele\u0107i lice ormara. COSMO linija nudi razli\u010dite mogu\u0107e konfiguracije, prednje dizajne i unutarnje rasporede \u0161to ga \u010dini idealnim za svako ure\u0111enje [&hellip;]<\/p>\n","protected":false},"featured_media":124933,"template":"","meta":{"_acf_changed":false},"product_brand":[],"product_cat":[3041,3162,3080,3264,3166,2171,3165,3081,2061,2068,2073,2092],"product_tag":[],"berocket_brand":[3259],"class_list":{"0":"post-125968","1":"product","2":"type-product","3":"status-publish","4":"has-post-thumbnail","6":"product_cat-horeca-prostori","7":"product_cat-komode","8":"product_cat-ladicari","9":"product_cat-namjestaj-za-odlaganje-i-arhiviranje-ormari","10":"product_cat-ormari-i-komode-rezidencijalni","11":"product_cat-ormari-i-komode","12":"product_cat-ormari-i-komode-horeca-prostori","13":"product_cat-police-i-regali","14":"product_cat-proizvodi","15":"product_cat-prostori","16":"product_cat-rezidencijalni","17":"product_cat-uredi","18":"berocket_brand-schonbuch","20":"first","21":"instock","22":"product-type-grouped"},"acf":[],"_links":{"self":[{"href":"https:\/\/cernelic.hr\/en\/wp-json\/wp\/v2\/product\/125968","targetHints":{"allow":["GET"]}}],"collection":[{"href":"https:\/\/cernelic.hr\/en\/wp-json\/wp\/v2\/product"}],"about":[{"href":"https:\/\/cernelic.hr\/en\/wp-json\/wp\/v2\/types\/product"}],"wp:featuredmedia":[{"embeddable":true,"href":"https:\/\/cernelic.hr\/en\/wp-json\/wp\/v2\/media\/124933"}],"wp:attachment":[{"href":"https:\/\/cernelic.hr\/en\/wp-json\/wp\/v2\/media?parent=125968"}],"wp:term":[{"taxonomy":"product_brand","embeddable":true,"href":"https:\/\/cernelic.hr\/en\/wp-json\/wp\/v2\/product_brand?post=125968"},{"taxonomy":"product_cat","embeddable":true,"href":"https:\/\/cernelic.hr\/en\/wp-json\/wp\/v2\/product_cat?post=125968"},{"taxonomy":"product_tag","embeddable":true,"href":"https:\/\/cernelic.hr\/en\/wp-json\/wp\/v2\/product_tag?post=125968"},{"taxonomy":"berocket_brand","embeddable":true,"href":"https:\/\/cernelic.hr\/en\/wp-json\/wp\/v2\/berocket_brand?post=125968"}],"curies":[{"name":"wp","href":"https:\/\/api.w.org\/{rel}","templated":true}]}}