{"id":125969,"date":"2022-09-20T06:26:53","date_gmt":"2022-09-20T06:26:53","guid":{"rendered":"https:\/\/cernelic.hr\/proizvod\/s7-systems-by-schonbuch\/"},"modified":"2023-12-08T11:22:31","modified_gmt":"2023-12-08T11:22:31","slug":"s7-systems-by-schonbuch","status":"publish","type":"product","link":"https:\/\/cernelic.hr\/en\/proizvod\/s7-systems-by-schonbuch\/","title":{"rendered":"S7 Systems by Sch\u00f6nbuch"},"content":{"rendered":"<p>Uvjerljiva jasno\u0107a i bezvremenska elegancija. S7 je vi\u0161enamjenski, modularni sustav koji se mo\u017ee fleksibilno konfigurirati, rasporediti i koristiti u svim prostorima; za ure\u0111enje stana, ure\u0111enje ureda i\/ili ure\u0111enje ku\u0107e. Ime je dobio po svojoj klju\u010dnoj dizajnerskoj zna\u010dajci: zidnim aluminijskim policama debljine 7 milimetara.<\/p>\n","protected":false},"excerpt":{"rendered":"<p>Uvjerljiva jasno\u0107a i bezvremenska elegancija. S7 je vi\u0161enamjenski, modularni sustav koji se mo\u017ee fleksibilno konfigurirati, rasporediti i koristiti u svim prostorima; za ure\u0111enje stana, ure\u0111enje ureda i\/ili ure\u0111enje ku\u0107e. Ime je dobio po svojoj klju\u010dnoj dizajnerskoj zna\u010dajci: zidnim aluminijskim policama debljine 7 milimetara.<\/p>\n","protected":false},"featured_media":126241,"template":"","meta":{"_acf_changed":false},"product_brand":[],"product_cat":[3041,3162,3080,3264,3165,3166,2171,3081,2061,2068,2073,2092],"product_tag":[],"berocket_brand":[3259],"class_list":{"0":"post-125969","1":"product","2":"type-product","3":"status-publish","4":"has-post-thumbnail","6":"product_cat-horeca-prostori","7":"product_cat-komode","8":"product_cat-ladicari","9":"product_cat-namjestaj-za-odlaganje-i-arhiviranje-ormari","10":"product_cat-ormari-i-komode-horeca-prostori","11":"product_cat-ormari-i-komode-rezidencijalni","12":"product_cat-ormari-i-komode","13":"product_cat-police-i-regali","14":"product_cat-proizvodi","15":"product_cat-prostori","16":"product_cat-rezidencijalni","17":"product_cat-uredi","18":"berocket_brand-schonbuch","20":"first","21":"instock","22":"product-type-grouped"},"acf":[],"_links":{"self":[{"href":"https:\/\/cernelic.hr\/en\/wp-json\/wp\/v2\/product\/125969","targetHints":{"allow":["GET"]}}],"collection":[{"href":"https:\/\/cernelic.hr\/en\/wp-json\/wp\/v2\/product"}],"about":[{"href":"https:\/\/cernelic.hr\/en\/wp-json\/wp\/v2\/types\/product"}],"wp:featuredmedia":[{"embeddable":true,"href":"https:\/\/cernelic.hr\/en\/wp-json\/wp\/v2\/media\/126241"}],"wp:attachment":[{"href":"https:\/\/cernelic.hr\/en\/wp-json\/wp\/v2\/media?parent=125969"}],"wp:term":[{"taxonomy":"product_brand","embeddable":true,"href":"https:\/\/cernelic.hr\/en\/wp-json\/wp\/v2\/product_brand?post=125969"},{"taxonomy":"product_cat","embeddable":true,"href":"https:\/\/cernelic.hr\/en\/wp-json\/wp\/v2\/product_cat?post=125969"},{"taxonomy":"product_tag","embeddable":true,"href":"https:\/\/cernelic.hr\/en\/wp-json\/wp\/v2\/product_tag?post=125969"},{"taxonomy":"berocket_brand","embeddable":true,"href":"https:\/\/cernelic.hr\/en\/wp-json\/wp\/v2\/berocket_brand?post=125969"}],"curies":[{"name":"wp","href":"https:\/\/api.w.org\/{rel}","templated":true}]}}