{"id":125970,"date":"2022-09-20T06:26:53","date_gmt":"2022-09-20T06:26:53","guid":{"rendered":"https:\/\/cernelic.hr\/proizvod\/stripes-systems-by-schonbuch\/"},"modified":"2023-12-08T11:22:34","modified_gmt":"2023-12-08T11:22:34","slug":"stripes-systems-by-schonbuch","status":"publish","type":"product","link":"https:\/\/cernelic.hr\/en\/proizvod\/stripes-systems-by-schonbuch\/","title":{"rendered":"STRIPES Systems by Sch\u00f6nbuch"},"content":{"rendered":"<p>Prakti\u010dno, arhitektonsko, osobno. Modularni sustav STRIPES nudi niz trpnih elemenata razli\u010ditih dimenzija koji se mogu dodavati i kombinirati u gotovo beskona\u010dnim varijacijama. Idealan za opremanje ureda, ulaznih prostora i konferencijskih soba, pojedina\u010dni moduli mogu se konfigurirati da se savr\u0161eno uklapaju u svaki prostor.<br \/>\nSTRIPES je idealan za spremanje gotovo svega: od ki\u0161obrana, torbi i spisa do uredske i tehni\u010dke opreme i materijala, sve ima svoj dom. STRIPES nudi mnogo prostora za kreativnost, ima niz funkcija i elegantan, puristi\u010dki izgled. Bezvremenski modularni sustav koji ulazne prostore, ali i stambene i poslovne prostore pretvara u novo iskustvo.<\/p>\n","protected":false},"excerpt":{"rendered":"<p>Prakti\u010dno, arhitektonsko, osobno. Modularni sustav STRIPES nudi niz trpnih elemenata razli\u010ditih dimenzija koji se mogu dodavati i kombinirati u gotovo beskona\u010dnim varijacijama. Idealan za opremanje ureda, ulaznih prostora i konferencijskih soba, pojedina\u010dni moduli mogu se konfigurirati da se savr\u0161eno uklapaju u svaki prostor. STRIPES je idealan za spremanje gotovo svega: od ki\u0161obrana, torbi i spisa [&hellip;]<\/p>\n","protected":false},"featured_media":126242,"template":"","meta":{"_acf_changed":false},"product_brand":[],"product_cat":[3263,3261,3041,3162,3080,3264,2171,3165,3166,3081,2061,2068,2073,2092],"product_tag":[],"berocket_brand":[3259],"class_list":{"0":"post-125970","1":"product","2":"type-product","3":"status-publish","4":"has-post-thumbnail","6":"product_cat-arhive-i-garderobe","7":"product_cat-garderobni-ormari","8":"product_cat-horeca-prostori","9":"product_cat-komode","10":"product_cat-ladicari","11":"product_cat-namjestaj-za-odlaganje-i-arhiviranje-ormari","12":"product_cat-ormari-i-komode","13":"product_cat-ormari-i-komode-horeca-prostori","14":"product_cat-ormari-i-komode-rezidencijalni","15":"product_cat-police-i-regali","16":"product_cat-proizvodi","17":"product_cat-prostori","18":"product_cat-rezidencijalni","19":"product_cat-uredi","20":"berocket_brand-schonbuch","22":"first","23":"instock","24":"product-type-grouped"},"acf":[],"_links":{"self":[{"href":"https:\/\/cernelic.hr\/en\/wp-json\/wp\/v2\/product\/125970","targetHints":{"allow":["GET"]}}],"collection":[{"href":"https:\/\/cernelic.hr\/en\/wp-json\/wp\/v2\/product"}],"about":[{"href":"https:\/\/cernelic.hr\/en\/wp-json\/wp\/v2\/types\/product"}],"wp:featuredmedia":[{"embeddable":true,"href":"https:\/\/cernelic.hr\/en\/wp-json\/wp\/v2\/media\/126242"}],"wp:attachment":[{"href":"https:\/\/cernelic.hr\/en\/wp-json\/wp\/v2\/media?parent=125970"}],"wp:term":[{"taxonomy":"product_brand","embeddable":true,"href":"https:\/\/cernelic.hr\/en\/wp-json\/wp\/v2\/product_brand?post=125970"},{"taxonomy":"product_cat","embeddable":true,"href":"https:\/\/cernelic.hr\/en\/wp-json\/wp\/v2\/product_cat?post=125970"},{"taxonomy":"product_tag","embeddable":true,"href":"https:\/\/cernelic.hr\/en\/wp-json\/wp\/v2\/product_tag?post=125970"},{"taxonomy":"berocket_brand","embeddable":true,"href":"https:\/\/cernelic.hr\/en\/wp-json\/wp\/v2\/berocket_brand?post=125970"}],"curies":[{"name":"wp","href":"https:\/\/api.w.org\/{rel}","templated":true}]}}