{"id":125972,"date":"2022-09-20T06:26:53","date_gmt":"2022-09-20T06:26:53","guid":{"rendered":"https:\/\/cernelic.hr\/proizvod\/chest-storage-by-schonbuch\/"},"modified":"2023-12-08T11:09:50","modified_gmt":"2023-12-08T11:09:50","slug":"chest-storage-by-schonbuch","status":"publish","type":"product","link":"https:\/\/cernelic.hr\/en\/proizvod\/chest-storage-by-schonbuch\/","title":{"rendered":"CHEST Storage by Sch\u00f6nbuch"},"content":{"rendered":"<p>CHEST je suvremeni komad vi\u0161enamjenskog namje\u0161taja. Dostupan je u 3 \u0161irine.<br \/>\nSchonbuch CHEST je idealan za pohranjivanje cipela i, ovisno o veli\u010dini i odabranoj verziji, mo\u017ee primiti izme\u0111u 3 i 10 pari. Tako\u0111er je odli\u010dan dom za druge dodatke, svakodnevne stvari ili igra\u010dke.<br \/>\nBilo da se radi o spremi\u0161tu ili klupici \u2013 CHEST nudi obadvoje u jednom kako bi zadovoljio beskrajnu raznolikost potreba.<\/p>\n","protected":false},"excerpt":{"rendered":"<p>CHEST je suvremeni komad vi\u0161enamjenskog namje\u0161taja. Dostupan je u 3 \u0161irine. Schonbuch CHEST je idealan za pohranjivanje cipela i, ovisno o veli\u010dini i odabranoj verziji, mo\u017ee primiti izme\u0111u 3 i 10 pari. Tako\u0111er je odli\u010dan dom za druge dodatke, svakodnevne stvari ili igra\u010dke. Bilo da se radi o spremi\u0161tu ili klupici \u2013 CHEST nudi obadvoje [&hellip;]<\/p>\n","protected":false},"featured_media":124926,"template":"","meta":{"_acf_changed":false},"product_brand":[],"product_cat":[3041,3162,3165,3166,2171,2061,2068,2073],"product_tag":[],"berocket_brand":[3259],"class_list":{"0":"post-125972","1":"product","2":"type-product","3":"status-publish","4":"has-post-thumbnail","6":"product_cat-horeca-prostori","7":"product_cat-komode","8":"product_cat-ormari-i-komode-horeca-prostori","9":"product_cat-ormari-i-komode-rezidencijalni","10":"product_cat-ormari-i-komode","11":"product_cat-proizvodi","12":"product_cat-prostori","13":"product_cat-rezidencijalni","14":"berocket_brand-schonbuch","16":"first","17":"instock","18":"product-type-grouped"},"acf":[],"_links":{"self":[{"href":"https:\/\/cernelic.hr\/en\/wp-json\/wp\/v2\/product\/125972","targetHints":{"allow":["GET"]}}],"collection":[{"href":"https:\/\/cernelic.hr\/en\/wp-json\/wp\/v2\/product"}],"about":[{"href":"https:\/\/cernelic.hr\/en\/wp-json\/wp\/v2\/types\/product"}],"wp:featuredmedia":[{"embeddable":true,"href":"https:\/\/cernelic.hr\/en\/wp-json\/wp\/v2\/media\/124926"}],"wp:attachment":[{"href":"https:\/\/cernelic.hr\/en\/wp-json\/wp\/v2\/media?parent=125972"}],"wp:term":[{"taxonomy":"product_brand","embeddable":true,"href":"https:\/\/cernelic.hr\/en\/wp-json\/wp\/v2\/product_brand?post=125972"},{"taxonomy":"product_cat","embeddable":true,"href":"https:\/\/cernelic.hr\/en\/wp-json\/wp\/v2\/product_cat?post=125972"},{"taxonomy":"product_tag","embeddable":true,"href":"https:\/\/cernelic.hr\/en\/wp-json\/wp\/v2\/product_tag?post=125972"},{"taxonomy":"berocket_brand","embeddable":true,"href":"https:\/\/cernelic.hr\/en\/wp-json\/wp\/v2\/berocket_brand?post=125972"}],"curies":[{"name":"wp","href":"https:\/\/api.w.org\/{rel}","templated":true}]}}