{"id":125975,"date":"2022-09-20T06:26:53","date_gmt":"2022-09-20T06:26:53","guid":{"rendered":"https:\/\/cernelic.hr\/proizvod\/cover-storage-by-schonbuch\/"},"modified":"2023-12-08T11:10:12","modified_gmt":"2023-12-08T11:10:12","slug":"cover-storage-by-schonbuch","status":"publish","type":"product","link":"https:\/\/cernelic.hr\/en\/proizvod\/cover-storage-by-schonbuch\/","title":{"rendered":"COVER Storage by Sch\u00f6nbuch"},"content":{"rendered":"<p>Ormari\u0107 za cipele\u2026 Ormari\u0107 za cipele COVER utjelovljuje \u010distu prakti\u010dnost.<br \/>\nOrmari mogu biti montirani na zid ili stajati na postolju. Kompatibilan s bilo kojim stilom interijera, COVER je prakti\u010dan klasik.<\/p>\n","protected":false},"excerpt":{"rendered":"<p>Ormari\u0107 za cipele\u2026 Ormari\u0107 za cipele COVER utjelovljuje \u010distu prakti\u010dnost. Ormari mogu biti montirani na zid ili stajati na postolju. Kompatibilan s bilo kojim stilom interijera, COVER je prakti\u010dan klasik.<\/p>\n","protected":false},"featured_media":124934,"template":"","meta":{"_acf_changed":false},"product_brand":[],"product_cat":[3162,2171,3166,2061,2068,2073],"product_tag":[],"berocket_brand":[3259],"class_list":{"0":"post-125975","1":"product","2":"type-product","3":"status-publish","4":"has-post-thumbnail","6":"product_cat-komode","7":"product_cat-ormari-i-komode","8":"product_cat-ormari-i-komode-rezidencijalni","9":"product_cat-proizvodi","10":"product_cat-prostori","11":"product_cat-rezidencijalni","12":"berocket_brand-schonbuch","14":"first","15":"instock","16":"product-type-grouped"},"acf":[],"_links":{"self":[{"href":"https:\/\/cernelic.hr\/en\/wp-json\/wp\/v2\/product\/125975","targetHints":{"allow":["GET"]}}],"collection":[{"href":"https:\/\/cernelic.hr\/en\/wp-json\/wp\/v2\/product"}],"about":[{"href":"https:\/\/cernelic.hr\/en\/wp-json\/wp\/v2\/types\/product"}],"wp:featuredmedia":[{"embeddable":true,"href":"https:\/\/cernelic.hr\/en\/wp-json\/wp\/v2\/media\/124934"}],"wp:attachment":[{"href":"https:\/\/cernelic.hr\/en\/wp-json\/wp\/v2\/media?parent=125975"}],"wp:term":[{"taxonomy":"product_brand","embeddable":true,"href":"https:\/\/cernelic.hr\/en\/wp-json\/wp\/v2\/product_brand?post=125975"},{"taxonomy":"product_cat","embeddable":true,"href":"https:\/\/cernelic.hr\/en\/wp-json\/wp\/v2\/product_cat?post=125975"},{"taxonomy":"product_tag","embeddable":true,"href":"https:\/\/cernelic.hr\/en\/wp-json\/wp\/v2\/product_tag?post=125975"},{"taxonomy":"berocket_brand","embeddable":true,"href":"https:\/\/cernelic.hr\/en\/wp-json\/wp\/v2\/berocket_brand?post=125975"}],"curies":[{"name":"wp","href":"https:\/\/api.w.org\/{rel}","templated":true}]}}