{"id":125976,"date":"2022-09-20T06:26:53","date_gmt":"2022-09-20T06:26:53","guid":{"rendered":"https:\/\/cernelic.hr\/proizvod\/hesperide-dyo-storage-by-schonbuch\/"},"modified":"2023-12-08T11:10:57","modified_gmt":"2023-12-08T11:10:57","slug":"hesperide-dyo-storage-by-schonbuch","status":"publish","type":"product","link":"https:\/\/cernelic.hr\/en\/proizvod\/hesperide-dyo-storage-by-schonbuch\/","title":{"rendered":"HESPERIDE DYO Storage by Sch\u00f6nbuch"},"content":{"rendered":"<p>Uredski namje\u0161taj&#8230; Modernisti\u010dki i elegantan \u2013 dvije rije\u010di koje opisuju HESPERIDE DYO.<br \/>\nAsortiman HESPERIDE DYO uklju\u010duje \u0161irok izbor bo\u010dnih i niskih dasaka razli\u010ditih visina i \u0161irina, plutaju\u0107e konzole, klupe, vje\u0161alice za kapute, kuke za kapute, ogledala i dodatke.<\/p>\n","protected":false},"excerpt":{"rendered":"<p>Uredski namje\u0161taj&#8230; Modernisti\u010dki i elegantan \u2013 dvije rije\u010di koje opisuju HESPERIDE DYO. Asortiman HESPERIDE DYO uklju\u010duje \u0161irok izbor bo\u010dnih i niskih dasaka razli\u010ditih visina i \u0161irina, plutaju\u0107e konzole, klupe, vje\u0161alice za kapute, kuke za kapute, ogledala i dodatke.<\/p>\n","protected":false},"featured_media":124949,"template":"","meta":{"_acf_changed":false},"product_brand":[],"product_cat":[3087,3041,3162,3264,3165,2171,3166,2061,2068,2073,2092],"product_tag":[],"berocket_brand":[3259],"class_list":{"0":"post-125976","1":"product","2":"type-product","3":"status-publish","4":"has-post-thumbnail","6":"product_cat-home-office","7":"product_cat-horeca-prostori","8":"product_cat-komode","9":"product_cat-namjestaj-za-odlaganje-i-arhiviranje-ormari","10":"product_cat-ormari-i-komode-horeca-prostori","11":"product_cat-ormari-i-komode","12":"product_cat-ormari-i-komode-rezidencijalni","13":"product_cat-proizvodi","14":"product_cat-prostori","15":"product_cat-rezidencijalni","16":"product_cat-uredi","17":"berocket_brand-schonbuch","19":"first","20":"instock","21":"product-type-grouped"},"acf":[],"_links":{"self":[{"href":"https:\/\/cernelic.hr\/en\/wp-json\/wp\/v2\/product\/125976","targetHints":{"allow":["GET"]}}],"collection":[{"href":"https:\/\/cernelic.hr\/en\/wp-json\/wp\/v2\/product"}],"about":[{"href":"https:\/\/cernelic.hr\/en\/wp-json\/wp\/v2\/types\/product"}],"wp:featuredmedia":[{"embeddable":true,"href":"https:\/\/cernelic.hr\/en\/wp-json\/wp\/v2\/media\/124949"}],"wp:attachment":[{"href":"https:\/\/cernelic.hr\/en\/wp-json\/wp\/v2\/media?parent=125976"}],"wp:term":[{"taxonomy":"product_brand","embeddable":true,"href":"https:\/\/cernelic.hr\/en\/wp-json\/wp\/v2\/product_brand?post=125976"},{"taxonomy":"product_cat","embeddable":true,"href":"https:\/\/cernelic.hr\/en\/wp-json\/wp\/v2\/product_cat?post=125976"},{"taxonomy":"product_tag","embeddable":true,"href":"https:\/\/cernelic.hr\/en\/wp-json\/wp\/v2\/product_tag?post=125976"},{"taxonomy":"berocket_brand","embeddable":true,"href":"https:\/\/cernelic.hr\/en\/wp-json\/wp\/v2\/berocket_brand?post=125976"}],"curies":[{"name":"wp","href":"https:\/\/api.w.org\/{rel}","templated":true}]}}