{"id":125977,"date":"2022-09-20T06:26:53","date_gmt":"2022-09-20T06:26:53","guid":{"rendered":"https:\/\/cernelic.hr\/proizvod\/kaidan-storage-by-schonbuche\/"},"modified":"2023-12-08T11:11:04","modified_gmt":"2023-12-08T11:11:04","slug":"kaidan-storage-by-schonbuche","status":"publish","type":"product","link":"https:\/\/cernelic.hr\/en\/proizvod\/kaidan-storage-by-schonbuche\/","title":{"rendered":"KAIDAN Storage by Sch\u00f6nbuche"},"content":{"rendered":"<p>Klju\u010dna zna\u010dajka dizajna KAIDAN-a \u2013 su blago nagnuta vrata i fronte ladica. Odmah je prepoznatljiv zahvaljuju\u0107i svojem puristi\u010dkim izgledom kojeg &#8220;voli&#8221; svaki dizajner interijera.<\/p>\n","protected":false},"excerpt":{"rendered":"<p>Klju\u010dna zna\u010dajka dizajna KAIDAN-a \u2013 su blago nagnuta vrata i fronte ladica. Odmah je prepoznatljiv zahvaljuju\u0107i svojem puristi\u010dkim izgledom kojeg &#8220;voli&#8221; svaki dizajner interijera.<\/p>\n","protected":false},"featured_media":124952,"template":"","meta":{"_acf_changed":false},"product_brand":[],"product_cat":[3087,3041,3162,3264,3166,3165,2171,2061,2068,2073,2092],"product_tag":[],"berocket_brand":[3259],"class_list":{"0":"post-125977","1":"product","2":"type-product","3":"status-publish","4":"has-post-thumbnail","6":"product_cat-home-office","7":"product_cat-horeca-prostori","8":"product_cat-komode","9":"product_cat-namjestaj-za-odlaganje-i-arhiviranje-ormari","10":"product_cat-ormari-i-komode-rezidencijalni","11":"product_cat-ormari-i-komode-horeca-prostori","12":"product_cat-ormari-i-komode","13":"product_cat-proizvodi","14":"product_cat-prostori","15":"product_cat-rezidencijalni","16":"product_cat-uredi","17":"berocket_brand-schonbuch","19":"first","20":"instock","21":"product-type-grouped"},"acf":[],"_links":{"self":[{"href":"https:\/\/cernelic.hr\/en\/wp-json\/wp\/v2\/product\/125977","targetHints":{"allow":["GET"]}}],"collection":[{"href":"https:\/\/cernelic.hr\/en\/wp-json\/wp\/v2\/product"}],"about":[{"href":"https:\/\/cernelic.hr\/en\/wp-json\/wp\/v2\/types\/product"}],"wp:featuredmedia":[{"embeddable":true,"href":"https:\/\/cernelic.hr\/en\/wp-json\/wp\/v2\/media\/124952"}],"wp:attachment":[{"href":"https:\/\/cernelic.hr\/en\/wp-json\/wp\/v2\/media?parent=125977"}],"wp:term":[{"taxonomy":"product_brand","embeddable":true,"href":"https:\/\/cernelic.hr\/en\/wp-json\/wp\/v2\/product_brand?post=125977"},{"taxonomy":"product_cat","embeddable":true,"href":"https:\/\/cernelic.hr\/en\/wp-json\/wp\/v2\/product_cat?post=125977"},{"taxonomy":"product_tag","embeddable":true,"href":"https:\/\/cernelic.hr\/en\/wp-json\/wp\/v2\/product_tag?post=125977"},{"taxonomy":"berocket_brand","embeddable":true,"href":"https:\/\/cernelic.hr\/en\/wp-json\/wp\/v2\/berocket_brand?post=125977"}],"curies":[{"name":"wp","href":"https:\/\/api.w.org\/{rel}","templated":true}]}}