{"id":125978,"date":"2022-09-20T06:26:53","date_gmt":"2022-09-20T06:26:53","guid":{"rendered":"https:\/\/cernelic.hr\/proizvod\/plain-storage-by-schonbuch\/"},"modified":"2023-12-08T11:11:53","modified_gmt":"2023-12-08T11:11:53","slug":"plain-storage-by-schonbuch","status":"publish","type":"product","link":"https:\/\/cernelic.hr\/en\/proizvod\/plain-storage-by-schonbuch\/","title":{"rendered":"PLAIN Storage by Sch\u00f6nbuch"},"content":{"rendered":"<p>Komoda&#8230; Savr\u0161eno isplanirana. Posebnost PLAIN bo\u010dnih i visokih plo\u010da su njihove potpuno glatke fronte. \u010cista, elegantna i prakti\u010dna, njihova klizna vrata kli\u017eu bez napora i tiho se smje\u0161taju na svoje mjesto. PLAIN nudi prakti\u010dno skladi\u0161tenje obu\u0107e, modnih dodataka i drugih predmeta koje mo\u017eete pokupiti u prolazu dok izlazite iz ku\u0107e. Ovisno o boji, PLAIN se mo\u017ee stopiti s okolinom ili se pretvoriti u upe\u010datljivu zna\u010dajku svakog prostora; bilo za opremanje stana ili opremanje ku\u0107e. Kako god bilo, PLAIN je prakti\u010dno savr\u0161enstvo i bezvremenski purizam.<\/p>\n","protected":false},"excerpt":{"rendered":"<p>Komoda&#8230; Savr\u0161eno isplanirana. Posebnost PLAIN bo\u010dnih i visokih plo\u010da su njihove potpuno glatke fronte. \u010cista, elegantna i prakti\u010dna, njihova klizna vrata kli\u017eu bez napora i tiho se smje\u0161taju na svoje mjesto. PLAIN nudi prakti\u010dno skladi\u0161tenje obu\u0107e, modnih dodataka i drugih predmeta koje mo\u017eete pokupiti u prolazu dok izlazite iz ku\u0107e. Ovisno o boji, PLAIN se [&hellip;]<\/p>\n","protected":false},"featured_media":124969,"template":"","meta":{"_acf_changed":false},"product_brand":[],"product_cat":[3087,3041,3162,3264,3165,2171,3166,2061,2068,2073,2092],"product_tag":[],"berocket_brand":[3259],"class_list":{"0":"post-125978","1":"product","2":"type-product","3":"status-publish","4":"has-post-thumbnail","6":"product_cat-home-office","7":"product_cat-horeca-prostori","8":"product_cat-komode","9":"product_cat-namjestaj-za-odlaganje-i-arhiviranje-ormari","10":"product_cat-ormari-i-komode-horeca-prostori","11":"product_cat-ormari-i-komode","12":"product_cat-ormari-i-komode-rezidencijalni","13":"product_cat-proizvodi","14":"product_cat-prostori","15":"product_cat-rezidencijalni","16":"product_cat-uredi","17":"berocket_brand-schonbuch","19":"first","20":"instock","21":"product-type-grouped"},"acf":[],"_links":{"self":[{"href":"https:\/\/cernelic.hr\/en\/wp-json\/wp\/v2\/product\/125978","targetHints":{"allow":["GET"]}}],"collection":[{"href":"https:\/\/cernelic.hr\/en\/wp-json\/wp\/v2\/product"}],"about":[{"href":"https:\/\/cernelic.hr\/en\/wp-json\/wp\/v2\/types\/product"}],"wp:featuredmedia":[{"embeddable":true,"href":"https:\/\/cernelic.hr\/en\/wp-json\/wp\/v2\/media\/124969"}],"wp:attachment":[{"href":"https:\/\/cernelic.hr\/en\/wp-json\/wp\/v2\/media?parent=125978"}],"wp:term":[{"taxonomy":"product_brand","embeddable":true,"href":"https:\/\/cernelic.hr\/en\/wp-json\/wp\/v2\/product_brand?post=125978"},{"taxonomy":"product_cat","embeddable":true,"href":"https:\/\/cernelic.hr\/en\/wp-json\/wp\/v2\/product_cat?post=125978"},{"taxonomy":"product_tag","embeddable":true,"href":"https:\/\/cernelic.hr\/en\/wp-json\/wp\/v2\/product_tag?post=125978"},{"taxonomy":"berocket_brand","embeddable":true,"href":"https:\/\/cernelic.hr\/en\/wp-json\/wp\/v2\/berocket_brand?post=125978"}],"curies":[{"name":"wp","href":"https:\/\/api.w.org\/{rel}","templated":true}]}}