{"id":125979,"date":"2022-09-20T06:26:53","date_gmt":"2022-09-20T06:26:53","guid":{"rendered":"https:\/\/cernelic.hr\/proizvod\/set-storage-by-schonbuch\/"},"modified":"2023-12-08T11:12:06","modified_gmt":"2023-12-08T11:12:06","slug":"set-storage-by-schonbuch","status":"publish","type":"product","link":"https:\/\/cernelic.hr\/en\/proizvod\/set-storage-by-schonbuch\/","title":{"rendered":"SET Storage by Sch\u00f6nbuch"},"content":{"rendered":"<p>Ormari\u0107 za cipele&#8230; Set za pro\u0161irenje. Funkcionalni sustav ormara SET temelji se na ideji zamjene jednog velikog ormara s nizom uskih. To otvara niz zanimljivih mogu\u0107nosti: osim najboljeg mogu\u0107eg iskori\u0161tavanja raspolo\u017eivog prostora, pojedina\u010dni elementi mogu se zavr\u0161iti u izboru mat boja i boja visokog sjaja i kombinirati kako bi se stvorili \u0161areni, upe\u010datljivi ili suptilni aran\u017emani po \u017eelji sva\u010dijeg ukusa. SET je funkcionalni vrhunac koji se uklapa u svaki dizajn i stil ure\u0111enja ureda. Sami ili u grupi, njegovi puristi\u010dki oblici dopu\u0161taju bojama da govore. A tu je i jo\u0161 jedna zgodna prednost: ako vam ikada ponestane prostora za pohranu, jednostavno dodajte jo\u0161 jedan ormari\u0107. \u0160tovi\u0161e, ako se situacija u va\u0161em uredu ikada promijeni, tanki SET ormari\u0107i mogu se promijeniti s njom. Uredno nikada nije izgledalo tako dobro.<\/p>\n","protected":false},"excerpt":{"rendered":"<p>Ormari\u0107 za cipele&#8230; Set za pro\u0161irenje. Funkcionalni sustav ormara SET temelji se na ideji zamjene jednog velikog ormara s nizom uskih. To otvara niz zanimljivih mogu\u0107nosti: osim najboljeg mogu\u0107eg iskori\u0161tavanja raspolo\u017eivog prostora, pojedina\u010dni elementi mogu se zavr\u0161iti u izboru mat boja i boja visokog sjaja i kombinirati kako bi se stvorili \u0161areni, upe\u010datljivi ili suptilni [&hellip;]<\/p>\n","protected":false},"featured_media":124975,"template":"","meta":{"_acf_changed":false},"product_brand":[],"product_cat":[3162,3166,2171,2061,2068,2073],"product_tag":[],"berocket_brand":[3259],"class_list":{"0":"post-125979","1":"product","2":"type-product","3":"status-publish","4":"has-post-thumbnail","6":"product_cat-komode","7":"product_cat-ormari-i-komode-rezidencijalni","8":"product_cat-ormari-i-komode","9":"product_cat-proizvodi","10":"product_cat-prostori","11":"product_cat-rezidencijalni","12":"berocket_brand-schonbuch","14":"first","15":"instock","16":"product-type-grouped"},"acf":[],"_links":{"self":[{"href":"https:\/\/cernelic.hr\/en\/wp-json\/wp\/v2\/product\/125979","targetHints":{"allow":["GET"]}}],"collection":[{"href":"https:\/\/cernelic.hr\/en\/wp-json\/wp\/v2\/product"}],"about":[{"href":"https:\/\/cernelic.hr\/en\/wp-json\/wp\/v2\/types\/product"}],"wp:featuredmedia":[{"embeddable":true,"href":"https:\/\/cernelic.hr\/en\/wp-json\/wp\/v2\/media\/124975"}],"wp:attachment":[{"href":"https:\/\/cernelic.hr\/en\/wp-json\/wp\/v2\/media?parent=125979"}],"wp:term":[{"taxonomy":"product_brand","embeddable":true,"href":"https:\/\/cernelic.hr\/en\/wp-json\/wp\/v2\/product_brand?post=125979"},{"taxonomy":"product_cat","embeddable":true,"href":"https:\/\/cernelic.hr\/en\/wp-json\/wp\/v2\/product_cat?post=125979"},{"taxonomy":"product_tag","embeddable":true,"href":"https:\/\/cernelic.hr\/en\/wp-json\/wp\/v2\/product_tag?post=125979"},{"taxonomy":"berocket_brand","embeddable":true,"href":"https:\/\/cernelic.hr\/en\/wp-json\/wp\/v2\/berocket_brand?post=125979"}],"curies":[{"name":"wp","href":"https:\/\/api.w.org\/{rel}","templated":true}]}}