{"id":125980,"date":"2022-09-20T06:26:53","date_gmt":"2022-09-20T06:26:53","guid":{"rendered":"https:\/\/cernelic.hr\/proizvod\/simetria-storage-by-schonbuch\/"},"modified":"2023-12-08T11:12:07","modified_gmt":"2023-12-08T11:12:07","slug":"simetria-storage-by-schonbuch","status":"publish","type":"product","link":"https:\/\/cernelic.hr\/en\/proizvod\/simetria-storage-by-schonbuch\/","title":{"rendered":"SIMETRIA Storage by Sch\u00f6nbuch"},"content":{"rendered":"<p>Zidni element&#8230; SIMETRIA je serija od osam vrlo posebnih vrhunaca interijera. Izra\u0111eni od tankih listova drva, delikatni, tanki zidni ormari\u0107i duboki su samo 14 ili 18 cm te su izvanredno elegantni i lagani. Kru\u017ene, polukru\u017ene, pravokutne i kvadratne, njihove suptilne forme daju im prirodnu privla\u010dnost pa su stoga \u010dest odabir mnogih studia za dizajn interijera. SIMETRIA je tako\u0111er vrlo prakti\u010dna, unosi red u opremanje stanova pru\u017eaju\u0107i prikladno skladi\u0161tenje omiljenih komada i svakodnevnih stvari. Od hodnika i dnevnih prostora do ku\u0107nih ureda i kupaonica, serija SIMETRIA \u010dini ukrasnu zna\u010dajku bilo gdje. Jednostavno inspirativno.<\/p>\n","protected":false},"excerpt":{"rendered":"<p>Zidni element&#8230; SIMETRIA je serija od osam vrlo posebnih vrhunaca interijera. Izra\u0111eni od tankih listova drva, delikatni, tanki zidni ormari\u0107i duboki su samo 14 ili 18 cm te su izvanredno elegantni i lagani. Kru\u017ene, polukru\u017ene, pravokutne i kvadratne, njihove suptilne forme daju im prirodnu privla\u010dnost pa su stoga \u010dest odabir mnogih studia za dizajn interijera. [&hellip;]<\/p>\n","protected":false},"featured_media":124976,"template":"","meta":{"_acf_changed":false},"product_brand":[],"product_cat":[3041,3162,3165,3166,2171,2061,2068,2073],"product_tag":[],"berocket_brand":[3259],"class_list":{"0":"post-125980","1":"product","2":"type-product","3":"status-publish","4":"has-post-thumbnail","6":"product_cat-horeca-prostori","7":"product_cat-komode","8":"product_cat-ormari-i-komode-horeca-prostori","9":"product_cat-ormari-i-komode-rezidencijalni","10":"product_cat-ormari-i-komode","11":"product_cat-proizvodi","12":"product_cat-prostori","13":"product_cat-rezidencijalni","14":"berocket_brand-schonbuch","16":"first","17":"instock","18":"product-type-grouped"},"acf":[],"_links":{"self":[{"href":"https:\/\/cernelic.hr\/en\/wp-json\/wp\/v2\/product\/125980","targetHints":{"allow":["GET"]}}],"collection":[{"href":"https:\/\/cernelic.hr\/en\/wp-json\/wp\/v2\/product"}],"about":[{"href":"https:\/\/cernelic.hr\/en\/wp-json\/wp\/v2\/types\/product"}],"wp:featuredmedia":[{"embeddable":true,"href":"https:\/\/cernelic.hr\/en\/wp-json\/wp\/v2\/media\/124976"}],"wp:attachment":[{"href":"https:\/\/cernelic.hr\/en\/wp-json\/wp\/v2\/media?parent=125980"}],"wp:term":[{"taxonomy":"product_brand","embeddable":true,"href":"https:\/\/cernelic.hr\/en\/wp-json\/wp\/v2\/product_brand?post=125980"},{"taxonomy":"product_cat","embeddable":true,"href":"https:\/\/cernelic.hr\/en\/wp-json\/wp\/v2\/product_cat?post=125980"},{"taxonomy":"product_tag","embeddable":true,"href":"https:\/\/cernelic.hr\/en\/wp-json\/wp\/v2\/product_tag?post=125980"},{"taxonomy":"berocket_brand","embeddable":true,"href":"https:\/\/cernelic.hr\/en\/wp-json\/wp\/v2\/berocket_brand?post=125980"}],"curies":[{"name":"wp","href":"https:\/\/api.w.org\/{rel}","templated":true}]}}