{"id":125981,"date":"2022-09-20T06:26:53","date_gmt":"2022-09-20T06:26:53","guid":{"rendered":"https:\/\/cernelic.hr\/proizvod\/urban-storage-by-schonbuch\/"},"modified":"2023-12-08T11:22:54","modified_gmt":"2023-12-08T11:22:54","slug":"urban-storage-by-schonbuch","status":"publish","type":"product","link":"https:\/\/cernelic.hr\/en\/proizvod\/urban-storage-by-schonbuch\/","title":{"rendered":"URBAN Storage by Sch\u00f6nbuch"},"content":{"rendered":"<p>Schonbuch komoda&#8230; Preglednost i kapacitet. Linija funkcionalnog namje\u0161taja URBAN za ulazne prostore suvremena je u svojoj prakti\u010dnosti. Ormari su dostupni u dvije \u0161irine, s vratima, ladicama ili kombinacijom to dvoje. \u0160krinja slu\u017ei i kao klupica. U unutra\u0161njosti URBAN artikli mogu biti opremljeni policama za cipele. Odgovaraju\u0107e ogledalo mo\u017ee se objesiti u vodoravnom ili okomitom formatu, a cijeli asortiman mo\u017ee se fleksibilno konfigurirati i pro\u0161iriti u bilo kojem trenutku. Idealan kao kompletno rje\u0161enje za uske ili kompaktne hodnike. Puristi\u010dki, prakti\u010dan, jednostavno savr\u0161en.<\/p>\n","protected":false},"excerpt":{"rendered":"<p>Schonbuch komoda&#8230; Preglednost i kapacitet. Linija funkcionalnog namje\u0161taja URBAN za ulazne prostore suvremena je u svojoj prakti\u010dnosti. Ormari su dostupni u dvije \u0161irine, s vratima, ladicama ili kombinacijom to dvoje. \u0160krinja slu\u017ei i kao klupica. U unutra\u0161njosti URBAN artikli mogu biti opremljeni policama za cipele. Odgovaraju\u0107e ogledalo mo\u017ee se objesiti u vodoravnom ili okomitom formatu, [&hellip;]<\/p>\n","protected":false},"featured_media":126245,"template":"","meta":{"_acf_changed":false},"product_brand":[],"product_cat":[3162,2171,3166,2061,2068,2073],"product_tag":[],"berocket_brand":[3259],"class_list":{"0":"post-125981","1":"product","2":"type-product","3":"status-publish","4":"has-post-thumbnail","6":"product_cat-komode","7":"product_cat-ormari-i-komode","8":"product_cat-ormari-i-komode-rezidencijalni","9":"product_cat-proizvodi","10":"product_cat-prostori","11":"product_cat-rezidencijalni","12":"berocket_brand-schonbuch","14":"first","15":"instock","16":"product-type-grouped"},"acf":[],"_links":{"self":[{"href":"https:\/\/cernelic.hr\/en\/wp-json\/wp\/v2\/product\/125981","targetHints":{"allow":["GET"]}}],"collection":[{"href":"https:\/\/cernelic.hr\/en\/wp-json\/wp\/v2\/product"}],"about":[{"href":"https:\/\/cernelic.hr\/en\/wp-json\/wp\/v2\/types\/product"}],"wp:featuredmedia":[{"embeddable":true,"href":"https:\/\/cernelic.hr\/en\/wp-json\/wp\/v2\/media\/126245"}],"wp:attachment":[{"href":"https:\/\/cernelic.hr\/en\/wp-json\/wp\/v2\/media?parent=125981"}],"wp:term":[{"taxonomy":"product_brand","embeddable":true,"href":"https:\/\/cernelic.hr\/en\/wp-json\/wp\/v2\/product_brand?post=125981"},{"taxonomy":"product_cat","embeddable":true,"href":"https:\/\/cernelic.hr\/en\/wp-json\/wp\/v2\/product_cat?post=125981"},{"taxonomy":"product_tag","embeddable":true,"href":"https:\/\/cernelic.hr\/en\/wp-json\/wp\/v2\/product_tag?post=125981"},{"taxonomy":"berocket_brand","embeddable":true,"href":"https:\/\/cernelic.hr\/en\/wp-json\/wp\/v2\/berocket_brand?post=125981"}],"curies":[{"name":"wp","href":"https:\/\/api.w.org\/{rel}","templated":true}]}}