{"id":125983,"date":"2022-09-20T06:26:53","date_gmt":"2022-09-20T06:26:53","guid":{"rendered":"https:\/\/cernelic.hr\/proizvod\/angle-by-schonbuch\/"},"modified":"2023-12-08T11:09:06","modified_gmt":"2023-12-08T11:09:06","slug":"angle-by-schonbuch","status":"publish","type":"product","link":"https:\/\/cernelic.hr\/en\/proizvod\/angle-by-schonbuch\/","title":{"rendered":"ANGLE by Sch\u00f6nbuch"},"content":{"rendered":"<p>Schonbuch stalak za kapute\/jakne\u2026Senzacija kreativnog prostora. Stalak za kapute ANGLE izra\u0111en je od crnog metala i izvrstan je kao pregrada ili paravan. Bez obzira na upotrebu, uvijek je izuzetno robustan i mo\u017ee primiti bilo koji broj odjevnih predmeta, bilo na vje\u0161alicama ili na dodatnim malim kukicama, koje se prodaju u setovima od pet komada, a koje se mogu dodati na stalak. Izra\u0111ene od crnog poliamida, kuke se lako mogu premjestiti bez pada. ANGLE se mo\u017ee nadopuniti odgovaraju\u0107im stalkom za ki\u0161obrane, dostupnim u dvije veli\u010dine. Puristi\u010dki u izgledu, zanimljiv u svojim oblicima, ovaj stalak za kapute je posebna liga. Koristite pojedina\u010dno ili u grupama; za opremanje stanova. opremanje ku\u0107a i\/ili opremanje ureda.<\/p>\n","protected":false},"excerpt":{"rendered":"<p>Schonbuch stalak za kapute\/jakne\u2026Senzacija kreativnog prostora. Stalak za kapute ANGLE izra\u0111en je od crnog metala i izvrstan je kao pregrada ili paravan. Bez obzira na upotrebu, uvijek je izuzetno robustan i mo\u017ee primiti bilo koji broj odjevnih predmeta, bilo na vje\u0161alicama ili na dodatnim malim kukicama, koje se prodaju u setovima od pet komada, a [&hellip;]<\/p>\n","protected":false},"featured_media":124914,"template":"","meta":{"_acf_changed":false},"product_brand":[],"product_cat":[3248,2514,3086,3249,3170,3071,3175,3078,3147,2111,3041,2105,2085,3070,2061,2068,2073,2092],"product_tag":[],"berocket_brand":[3259],"class_list":{"0":"post-125983","1":"product","2":"type-product","3":"status-publish","4":"has-post-thumbnail","6":"product_cat-accessories-javni","7":"product_cat-accessories","8":"product_cat-accessories-uredi","9":"product_cat-accessories-dvorane","10":"product_cat-accessories-rezidencijalni","11":"product_cat-accessories-proizvodi-accessories","12":"product_cat-accessories-horeca-prostori","13":"product_cat-accessories-namjestaj-za-urede","14":"product_cat-accessories-za-unutarnje-prostore-accessories-proizvodi-accessories","15":"product_cat-dvorane","16":"product_cat-horeca-prostori","17":"product_cat-javni","18":"product_cat-namjestaj-za-urede","19":"product_cat-proizvodi-accessories","20":"product_cat-proizvodi","21":"product_cat-prostori","22":"product_cat-rezidencijalni","23":"product_cat-uredi","24":"berocket_brand-schonbuch","26":"first","27":"instock","28":"product-type-grouped"},"acf":[],"_links":{"self":[{"href":"https:\/\/cernelic.hr\/en\/wp-json\/wp\/v2\/product\/125983","targetHints":{"allow":["GET"]}}],"collection":[{"href":"https:\/\/cernelic.hr\/en\/wp-json\/wp\/v2\/product"}],"about":[{"href":"https:\/\/cernelic.hr\/en\/wp-json\/wp\/v2\/types\/product"}],"wp:featuredmedia":[{"embeddable":true,"href":"https:\/\/cernelic.hr\/en\/wp-json\/wp\/v2\/media\/124914"}],"wp:attachment":[{"href":"https:\/\/cernelic.hr\/en\/wp-json\/wp\/v2\/media?parent=125983"}],"wp:term":[{"taxonomy":"product_brand","embeddable":true,"href":"https:\/\/cernelic.hr\/en\/wp-json\/wp\/v2\/product_brand?post=125983"},{"taxonomy":"product_cat","embeddable":true,"href":"https:\/\/cernelic.hr\/en\/wp-json\/wp\/v2\/product_cat?post=125983"},{"taxonomy":"product_tag","embeddable":true,"href":"https:\/\/cernelic.hr\/en\/wp-json\/wp\/v2\/product_tag?post=125983"},{"taxonomy":"berocket_brand","embeddable":true,"href":"https:\/\/cernelic.hr\/en\/wp-json\/wp\/v2\/berocket_brand?post=125983"}],"curies":[{"name":"wp","href":"https:\/\/api.w.org\/{rel}","templated":true}]}}