{"id":125984,"date":"2022-09-20T06:26:53","date_gmt":"2022-09-20T06:26:53","guid":{"rendered":"https:\/\/cernelic.hr\/proizvod\/bow-by-schonbuch\/"},"modified":"2023-12-08T11:09:19","modified_gmt":"2023-12-08T11:09:19","slug":"bow-by-schonbuch","status":"publish","type":"product","link":"https:\/\/cernelic.hr\/en\/proizvod\/bow-by-schonbuch\/","title":{"rendered":"BOW by Sch\u00f6nbuch"},"content":{"rendered":"<p>Stalak za kapute\/jakne\u2026Kreativni fokus na bitne stvari mo\u017ee rezultirati puristi\u010dkim naglaskom interijera \u2013 a BOW stalak za kapute to dokazuje. Njegove delikatne proporcije otkrivaju njegovu pravu snagu. Zapanjuju\u0107e, stup je postavljen prema bo\u010dnoj strani podno\u017eja, daju\u0107i BOW-u izgled velikog nosa\u010da, posebno sa strane. Dolazi sa stupom od punog hrasta ili oraha s nauljenom, prirodnom zavr\u0161nom obradom ili od hrastovine s zavr\u0161nom obradom s porama drva obojenim u crno. Alternativno, BOW se mo\u017ee naru\u010diti od \u010delika s fino teksturiranim premazom u \u017eeljenoj boji. Ravna \u010deli\u010dna podna plo\u010da je zavr\u0161ena u skladu s premazom ili furnirom. Na vrhu \u0161ipke za vje\u0161anje, gotovo nevidljiva ravna plasti\u010dna traka \u0161titi ga od pomicanja vje\u0161alica. BOW je zgodan dodatak svakom interijeru i idealan \u010dak i za uske prostore. Njegov jednostavan izgled tako\u0111er ga \u010dini savr\u0161enim poslovnim partnerom za opremanje ureda. Maksimalni minimalizam.<\/p>\n","protected":false},"excerpt":{"rendered":"<p>Stalak za kapute\/jakne\u2026Kreativni fokus na bitne stvari mo\u017ee rezultirati puristi\u010dkim naglaskom interijera \u2013 a BOW stalak za kapute to dokazuje. Njegove delikatne proporcije otkrivaju njegovu pravu snagu. Zapanjuju\u0107e, stup je postavljen prema bo\u010dnoj strani podno\u017eja, daju\u0107i BOW-u izgled velikog nosa\u010da, posebno sa strane. Dolazi sa stupom od punog hrasta ili oraha s nauljenom, prirodnom zavr\u0161nom [&hellip;]<\/p>\n","protected":false},"featured_media":124920,"template":"","meta":{"_acf_changed":false},"product_brand":[],"product_cat":[3078,3248,2514,3086,3249,3170,3071,3175,3147,2111,3041,2105,2085,3070,2061,2068,2073,2092],"product_tag":[],"berocket_brand":[3259],"class_list":{"0":"post-125984","1":"product","2":"type-product","3":"status-publish","4":"has-post-thumbnail","6":"product_cat-accessories-namjestaj-za-urede","7":"product_cat-accessories-javni","8":"product_cat-accessories","9":"product_cat-accessories-uredi","10":"product_cat-accessories-dvorane","11":"product_cat-accessories-rezidencijalni","12":"product_cat-accessories-proizvodi-accessories","13":"product_cat-accessories-horeca-prostori","14":"product_cat-accessories-za-unutarnje-prostore-accessories-proizvodi-accessories","15":"product_cat-dvorane","16":"product_cat-horeca-prostori","17":"product_cat-javni","18":"product_cat-namjestaj-za-urede","19":"product_cat-proizvodi-accessories","20":"product_cat-proizvodi","21":"product_cat-prostori","22":"product_cat-rezidencijalni","23":"product_cat-uredi","24":"berocket_brand-schonbuch","26":"first","27":"instock","28":"product-type-grouped"},"acf":[],"_links":{"self":[{"href":"https:\/\/cernelic.hr\/en\/wp-json\/wp\/v2\/product\/125984","targetHints":{"allow":["GET"]}}],"collection":[{"href":"https:\/\/cernelic.hr\/en\/wp-json\/wp\/v2\/product"}],"about":[{"href":"https:\/\/cernelic.hr\/en\/wp-json\/wp\/v2\/types\/product"}],"wp:featuredmedia":[{"embeddable":true,"href":"https:\/\/cernelic.hr\/en\/wp-json\/wp\/v2\/media\/124920"}],"wp:attachment":[{"href":"https:\/\/cernelic.hr\/en\/wp-json\/wp\/v2\/media?parent=125984"}],"wp:term":[{"taxonomy":"product_brand","embeddable":true,"href":"https:\/\/cernelic.hr\/en\/wp-json\/wp\/v2\/product_brand?post=125984"},{"taxonomy":"product_cat","embeddable":true,"href":"https:\/\/cernelic.hr\/en\/wp-json\/wp\/v2\/product_cat?post=125984"},{"taxonomy":"product_tag","embeddable":true,"href":"https:\/\/cernelic.hr\/en\/wp-json\/wp\/v2\/product_tag?post=125984"},{"taxonomy":"berocket_brand","embeddable":true,"href":"https:\/\/cernelic.hr\/en\/wp-json\/wp\/v2\/berocket_brand?post=125984"}],"curies":[{"name":"wp","href":"https:\/\/api.w.org\/{rel}","templated":true}]}}