{"id":125986,"date":"2022-09-20T06:26:53","date_gmt":"2022-09-20T06:26:53","guid":{"rendered":"https:\/\/cernelic.hr\/proizvod\/epoca-by-schonbuch\/"},"modified":"2023-12-08T11:22:20","modified_gmt":"2023-12-08T11:22:20","slug":"epoca-by-schonbuch","status":"publish","type":"product","link":"https:\/\/cernelic.hr\/en\/proizvod\/epoca-by-schonbuch\/","title":{"rendered":"EPOCA by Sch\u00f6nbuch"},"content":{"rendered":"<p>Schonbuch zidni stalak\u2026 Zidni stalak za kapute EPOCA slika je elegantne prakti\u010dnosti. Dolazi u tri \u0161irine, s jednom \u0161ipkom za vje\u0161anje i dvije kuke ili s dvije \u0161ipke za vje\u0161anje i tri kuke. \u0160ine i kuke izra\u0111ene su od bru\u0161enog nehr\u0111aju\u0107eg \u010delika. Za osobni pe\u010dat, EPOCA se mo\u017ee zavr\u0161iti u mat bojama po izboru ili u neonsko ru\u017ei\u010dastoj. Cool i elegantan, pristaje svakom interijeru; za ure\u0111enje ureda, ure\u0111enje ku\u0107a i\/ili ure\u0111enje stanova. Linija EPOCA uklju\u010duje i konzole sa ili bez ladica, te okrugla zidna ogledala u raznim veli\u010dinama. Puristi\u010dka konstanta za niz namjena.<\/p>\n","protected":false},"excerpt":{"rendered":"<p>Schonbuch zidni stalak\u2026 Zidni stalak za kapute EPOCA slika je elegantne prakti\u010dnosti. Dolazi u tri \u0161irine, s jednom \u0161ipkom za vje\u0161anje i dvije kuke ili s dvije \u0161ipke za vje\u0161anje i tri kuke. \u0160ine i kuke izra\u0111ene su od bru\u0161enog nehr\u0111aju\u0107eg \u010delika. Za osobni pe\u010dat, EPOCA se mo\u017ee zavr\u0161iti u mat bojama po izboru ili [&hellip;]<\/p>\n","protected":false},"featured_media":126238,"template":"","meta":{"_acf_changed":false},"product_brand":[],"product_cat":[3078,3248,2514,3086,3249,3170,3071,3175,3147,2111,3041,2105,2085,3070,2061,2068,2073,2092],"product_tag":[],"berocket_brand":[3259],"class_list":{"0":"post-125986","1":"product","2":"type-product","3":"status-publish","4":"has-post-thumbnail","6":"product_cat-accessories-namjestaj-za-urede","7":"product_cat-accessories-javni","8":"product_cat-accessories","9":"product_cat-accessories-uredi","10":"product_cat-accessories-dvorane","11":"product_cat-accessories-rezidencijalni","12":"product_cat-accessories-proizvodi-accessories","13":"product_cat-accessories-horeca-prostori","14":"product_cat-accessories-za-unutarnje-prostore-accessories-proizvodi-accessories","15":"product_cat-dvorane","16":"product_cat-horeca-prostori","17":"product_cat-javni","18":"product_cat-namjestaj-za-urede","19":"product_cat-proizvodi-accessories","20":"product_cat-proizvodi","21":"product_cat-prostori","22":"product_cat-rezidencijalni","23":"product_cat-uredi","24":"berocket_brand-schonbuch","26":"first","27":"instock","28":"product-type-grouped"},"acf":[],"_links":{"self":[{"href":"https:\/\/cernelic.hr\/en\/wp-json\/wp\/v2\/product\/125986","targetHints":{"allow":["GET"]}}],"collection":[{"href":"https:\/\/cernelic.hr\/en\/wp-json\/wp\/v2\/product"}],"about":[{"href":"https:\/\/cernelic.hr\/en\/wp-json\/wp\/v2\/types\/product"}],"wp:featuredmedia":[{"embeddable":true,"href":"https:\/\/cernelic.hr\/en\/wp-json\/wp\/v2\/media\/126238"}],"wp:attachment":[{"href":"https:\/\/cernelic.hr\/en\/wp-json\/wp\/v2\/media?parent=125986"}],"wp:term":[{"taxonomy":"product_brand","embeddable":true,"href":"https:\/\/cernelic.hr\/en\/wp-json\/wp\/v2\/product_brand?post=125986"},{"taxonomy":"product_cat","embeddable":true,"href":"https:\/\/cernelic.hr\/en\/wp-json\/wp\/v2\/product_cat?post=125986"},{"taxonomy":"product_tag","embeddable":true,"href":"https:\/\/cernelic.hr\/en\/wp-json\/wp\/v2\/product_tag?post=125986"},{"taxonomy":"berocket_brand","embeddable":true,"href":"https:\/\/cernelic.hr\/en\/wp-json\/wp\/v2\/berocket_brand?post=125986"}],"curies":[{"name":"wp","href":"https:\/\/api.w.org\/{rel}","templated":true}]}}