{"id":125990,"date":"2022-09-20T06:27:42","date_gmt":"2022-09-20T06:27:42","guid":{"rendered":"https:\/\/cernelic.hr\/proizvod\/line-by-schonbuch\/"},"modified":"2023-12-08T11:11:14","modified_gmt":"2023-12-08T11:11:14","slug":"line-by-schonbuch","status":"publish","type":"product","link":"https:\/\/cernelic.hr\/en\/proizvod\/line-by-schonbuch\/","title":{"rendered":"LINE by Sch\u00f6nbuch"},"content":{"rendered":"<p>LINE stalak za kapute je suvremeni klasik s \u010dvrstim fokusom na bitne stvari. Raspon varijanti stalno se pro\u0161iruje, sa \u0161irokim izborom mat boja i boja visokog sjaja kao i verzijama u drvu oraha ili hrasta sve kako bi se uklopio u svaki dizajn interijera. Bilo da je minimalisti\u010dka samostalna, jednobojna serija, \u0161areni zidni element ili u pastelnim nijansama, klasi\u010dnim nijansama ili neonsko ru\u017ei\u010dastoj, ova vje\u0161alica za kapute uvijek je zgodna to\u010dka. Serija LINE uklju\u010duje i magnetski zidni element za pri\u010dvr\u0161\u0107ivanje bilje\u0161ki, kartica i fotografija na magnetne privjeske, ukrasnu traku i zidno ogledalo te ormari\u0107e i cipelare s raznim unutarnjim rasporedima. Skladi\u0161tenje kaputa koje \u0161tedi prostor, gotovo beskona\u010dne mogu\u0107e kombinacije i prozirni dizajn koji jednako dobro funkcionira u domu kao i na ulazima u agencije ili u \u010dekaonicama i hotelima.<\/p>\n","protected":false},"excerpt":{"rendered":"<p>LINE stalak za kapute je suvremeni klasik s \u010dvrstim fokusom na bitne stvari. Raspon varijanti stalno se pro\u0161iruje, sa \u0161irokim izborom mat boja i boja visokog sjaja kao i verzijama u drvu oraha ili hrasta sve kako bi se uklopio u svaki dizajn interijera. Bilo da je minimalisti\u010dka samostalna, jednobojna serija, \u0161areni zidni element ili [&hellip;]<\/p>\n","protected":false},"featured_media":124957,"template":"","meta":{"_acf_changed":false},"product_brand":[],"product_cat":[3170,3071,3175,3078,3248,2514,3086,3249,3147,2111,3041,2105,2085,3070,2061,2068,2073,2092],"product_tag":[],"berocket_brand":[3259],"class_list":{"0":"post-125990","1":"product","2":"type-product","3":"status-publish","4":"has-post-thumbnail","6":"product_cat-accessories-rezidencijalni","7":"product_cat-accessories-proizvodi-accessories","8":"product_cat-accessories-horeca-prostori","9":"product_cat-accessories-namjestaj-za-urede","10":"product_cat-accessories-javni","11":"product_cat-accessories","12":"product_cat-accessories-uredi","13":"product_cat-accessories-dvorane","14":"product_cat-accessories-za-unutarnje-prostore-accessories-proizvodi-accessories","15":"product_cat-dvorane","16":"product_cat-horeca-prostori","17":"product_cat-javni","18":"product_cat-namjestaj-za-urede","19":"product_cat-proizvodi-accessories","20":"product_cat-proizvodi","21":"product_cat-prostori","22":"product_cat-rezidencijalni","23":"product_cat-uredi","24":"berocket_brand-schonbuch","26":"first","27":"instock","28":"product-type-grouped"},"acf":[],"_links":{"self":[{"href":"https:\/\/cernelic.hr\/en\/wp-json\/wp\/v2\/product\/125990","targetHints":{"allow":["GET"]}}],"collection":[{"href":"https:\/\/cernelic.hr\/en\/wp-json\/wp\/v2\/product"}],"about":[{"href":"https:\/\/cernelic.hr\/en\/wp-json\/wp\/v2\/types\/product"}],"wp:featuredmedia":[{"embeddable":true,"href":"https:\/\/cernelic.hr\/en\/wp-json\/wp\/v2\/media\/124957"}],"wp:attachment":[{"href":"https:\/\/cernelic.hr\/en\/wp-json\/wp\/v2\/media?parent=125990"}],"wp:term":[{"taxonomy":"product_brand","embeddable":true,"href":"https:\/\/cernelic.hr\/en\/wp-json\/wp\/v2\/product_brand?post=125990"},{"taxonomy":"product_cat","embeddable":true,"href":"https:\/\/cernelic.hr\/en\/wp-json\/wp\/v2\/product_cat?post=125990"},{"taxonomy":"product_tag","embeddable":true,"href":"https:\/\/cernelic.hr\/en\/wp-json\/wp\/v2\/product_tag?post=125990"},{"taxonomy":"berocket_brand","embeddable":true,"href":"https:\/\/cernelic.hr\/en\/wp-json\/wp\/v2\/berocket_brand?post=125990"}],"curies":[{"name":"wp","href":"https:\/\/api.w.org\/{rel}","templated":true}]}}