{"id":125991,"date":"2022-09-20T06:27:42","date_gmt":"2022-09-20T06:27:42","guid":{"rendered":"https:\/\/cernelic.hr\/proizvod\/mask-by-schonbuch\/"},"modified":"2023-12-08T11:11:21","modified_gmt":"2023-12-08T11:11:21","slug":"mask-by-schonbuch","status":"publish","type":"product","link":"https:\/\/cernelic.hr\/en\/proizvod\/mask-by-schonbuch\/","title":{"rendered":"MASK by Sch\u00f6nbuch"},"content":{"rendered":"<p>MASK je zidni stalak za kapute koji na kreativan na\u010din kombinira niz razli\u010ditih funkcija kako bi ga iskoristio svaki dizajner interijera u svom stvarala\u0161tvu. Sastoji se od dvodijelnog ovala koji se sastoji od drvene plo\u010de s desne strane i ne\u0161to manjeg zrcalnog panela s lijeve strane.<br \/>\nSavr\u0161eno sve-u-jednom rje\u0161enje, ovaj puristi\u010dki dizajn predstavlja geometrijske oblike na potpuno nov na\u010din.<\/p>\n","protected":false},"excerpt":{"rendered":"<p>MASK je zidni stalak za kapute koji na kreativan na\u010din kombinira niz razli\u010ditih funkcija kako bi ga iskoristio svaki dizajner interijera u svom stvarala\u0161tvu. Sastoji se od dvodijelnog ovala koji se sastoji od drvene plo\u010de s desne strane i ne\u0161to manjeg zrcalnog panela s lijeve strane. Savr\u0161eno sve-u-jednom rje\u0161enje, ovaj puristi\u010dki dizajn predstavlja geometrijske oblike [&hellip;]<\/p>\n","protected":false},"featured_media":124960,"template":"","meta":{"_acf_changed":false},"product_brand":[],"product_cat":[3078,3175,2514,3086,3248,3249,3071,3170,3147,2111,3041,2105,2085,3143,3070,2061,2068,2073,2092],"product_tag":[],"berocket_brand":[3259],"class_list":{"0":"post-125991","1":"product","2":"type-product","3":"status-publish","4":"has-post-thumbnail","6":"product_cat-accessories-namjestaj-za-urede","7":"product_cat-accessories-horeca-prostori","8":"product_cat-accessories","9":"product_cat-accessories-uredi","10":"product_cat-accessories-javni","11":"product_cat-accessories-dvorane","12":"product_cat-accessories-proizvodi-accessories","13":"product_cat-accessories-rezidencijalni","14":"product_cat-accessories-za-unutarnje-prostore-accessories-proizvodi-accessories","15":"product_cat-dvorane","16":"product_cat-horeca-prostori","17":"product_cat-javni","18":"product_cat-namjestaj-za-urede","19":"product_cat-ogledala","20":"product_cat-proizvodi-accessories","21":"product_cat-proizvodi","22":"product_cat-prostori","23":"product_cat-rezidencijalni","24":"product_cat-uredi","25":"berocket_brand-schonbuch","27":"first","28":"instock","29":"product-type-grouped"},"acf":[],"_links":{"self":[{"href":"https:\/\/cernelic.hr\/en\/wp-json\/wp\/v2\/product\/125991","targetHints":{"allow":["GET"]}}],"collection":[{"href":"https:\/\/cernelic.hr\/en\/wp-json\/wp\/v2\/product"}],"about":[{"href":"https:\/\/cernelic.hr\/en\/wp-json\/wp\/v2\/types\/product"}],"wp:featuredmedia":[{"embeddable":true,"href":"https:\/\/cernelic.hr\/en\/wp-json\/wp\/v2\/media\/124960"}],"wp:attachment":[{"href":"https:\/\/cernelic.hr\/en\/wp-json\/wp\/v2\/media?parent=125991"}],"wp:term":[{"taxonomy":"product_brand","embeddable":true,"href":"https:\/\/cernelic.hr\/en\/wp-json\/wp\/v2\/product_brand?post=125991"},{"taxonomy":"product_cat","embeddable":true,"href":"https:\/\/cernelic.hr\/en\/wp-json\/wp\/v2\/product_cat?post=125991"},{"taxonomy":"product_tag","embeddable":true,"href":"https:\/\/cernelic.hr\/en\/wp-json\/wp\/v2\/product_tag?post=125991"},{"taxonomy":"berocket_brand","embeddable":true,"href":"https:\/\/cernelic.hr\/en\/wp-json\/wp\/v2\/berocket_brand?post=125991"}],"curies":[{"name":"wp","href":"https:\/\/api.w.org\/{rel}","templated":true}]}}