{"id":125992,"date":"2022-09-20T06:27:42","date_gmt":"2022-09-20T06:27:42","guid":{"rendered":"https:\/\/cernelic.hr\/proizvod\/match-by-schonbuch\/"},"modified":"2023-12-08T11:11:25","modified_gmt":"2023-12-08T11:11:25","slug":"match-by-schonbuch","status":"publish","type":"product","link":"https:\/\/cernelic.hr\/en\/proizvod\/match-by-schonbuch\/","title":{"rendered":"MATCH by Sch\u00f6nbuch"},"content":{"rendered":"<p>Uvjerljiva jasno\u0107a koja se uklapa u moderan dizajn interijera. Upe\u010datljive zna\u010dajke linije MATCH su asimetri\u010dni dvodijelni dizajn i prakti\u010dnost koja \u0161tedi prostor. Zidna vje\u0161alica za kapute ima pretinac za pohranu, dvije \u0161ipke i tri kuke. Mo\u017ee se nadopuniti odgovaraju\u0107om konzolom s dva otvora pod kutom od 90\u00b0 jedan u odnosu na drugi \u2013 \u0161to je za\u0161titni znak ove serije. Elegantno zidno ogledalo s crnim rubovima savr\u0161en je dodatak za ulazne prostore. Arhitektonski, \u010dist i bezvremenski dizajn koji sam po sebi inspirira nove ideje za ure\u0111enje.<\/p>\n","protected":false},"excerpt":{"rendered":"<p>Uvjerljiva jasno\u0107a koja se uklapa u moderan dizajn interijera. Upe\u010datljive zna\u010dajke linije MATCH su asimetri\u010dni dvodijelni dizajn i prakti\u010dnost koja \u0161tedi prostor. Zidna vje\u0161alica za kapute ima pretinac za pohranu, dvije \u0161ipke i tri kuke. Mo\u017ee se nadopuniti odgovaraju\u0107om konzolom s dva otvora pod kutom od 90\u00b0 jedan u odnosu na drugi \u2013 \u0161to je [&hellip;]<\/p>\n","protected":false},"featured_media":124962,"template":"","meta":{"_acf_changed":false},"product_brand":[],"product_cat":[3071,3175,3078,3248,2514,3086,3249,3170,3147,2111,3041,2105,2085,3070,2061,2068,2073,2092],"product_tag":[],"berocket_brand":[3259],"class_list":{"0":"post-125992","1":"product","2":"type-product","3":"status-publish","4":"has-post-thumbnail","6":"product_cat-accessories-proizvodi-accessories","7":"product_cat-accessories-horeca-prostori","8":"product_cat-accessories-namjestaj-za-urede","9":"product_cat-accessories-javni","10":"product_cat-accessories","11":"product_cat-accessories-uredi","12":"product_cat-accessories-dvorane","13":"product_cat-accessories-rezidencijalni","14":"product_cat-accessories-za-unutarnje-prostore-accessories-proizvodi-accessories","15":"product_cat-dvorane","16":"product_cat-horeca-prostori","17":"product_cat-javni","18":"product_cat-namjestaj-za-urede","19":"product_cat-proizvodi-accessories","20":"product_cat-proizvodi","21":"product_cat-prostori","22":"product_cat-rezidencijalni","23":"product_cat-uredi","24":"berocket_brand-schonbuch","26":"first","27":"instock","28":"product-type-grouped"},"acf":[],"_links":{"self":[{"href":"https:\/\/cernelic.hr\/en\/wp-json\/wp\/v2\/product\/125992","targetHints":{"allow":["GET"]}}],"collection":[{"href":"https:\/\/cernelic.hr\/en\/wp-json\/wp\/v2\/product"}],"about":[{"href":"https:\/\/cernelic.hr\/en\/wp-json\/wp\/v2\/types\/product"}],"wp:featuredmedia":[{"embeddable":true,"href":"https:\/\/cernelic.hr\/en\/wp-json\/wp\/v2\/media\/124962"}],"wp:attachment":[{"href":"https:\/\/cernelic.hr\/en\/wp-json\/wp\/v2\/media?parent=125992"}],"wp:term":[{"taxonomy":"product_brand","embeddable":true,"href":"https:\/\/cernelic.hr\/en\/wp-json\/wp\/v2\/product_brand?post=125992"},{"taxonomy":"product_cat","embeddable":true,"href":"https:\/\/cernelic.hr\/en\/wp-json\/wp\/v2\/product_cat?post=125992"},{"taxonomy":"product_tag","embeddable":true,"href":"https:\/\/cernelic.hr\/en\/wp-json\/wp\/v2\/product_tag?post=125992"},{"taxonomy":"berocket_brand","embeddable":true,"href":"https:\/\/cernelic.hr\/en\/wp-json\/wp\/v2\/berocket_brand?post=125992"}],"curies":[{"name":"wp","href":"https:\/\/api.w.org\/{rel}","templated":true}]}}