{"id":125993,"date":"2022-09-20T06:27:42","date_gmt":"2022-09-20T06:27:42","guid":{"rendered":"https:\/\/cernelic.hr\/proizvod\/panton-by-schonbuch\/"},"modified":"2023-12-08T11:11:45","modified_gmt":"2023-12-08T11:11:45","slug":"panton-by-schonbuch","status":"publish","type":"product","link":"https:\/\/cernelic.hr\/en\/proizvod\/panton-by-schonbuch\/","title":{"rendered":"PANTON by Sch\u00f6nbuch"},"content":{"rendered":"<p>Klasi\u010dan namje\u0161taj dizajniran za ure\u0111enje ureda ili ure\u0111enje stana ili ku\u0107e. PANTON COATSTAND ima bezvremensku kvalitetu koju preferira arhitektonski ured. Prvi put stvoren 1971., sada se pojavljuje u novom izdanju, u znak po\u0161tovanja prema radu slavnog danskog dizajnera. Njegov elegantni, zakrivljeni oblik pje\u0161\u010danog sata izra\u0111en je od metala koji se mo\u017ee dovr\u0161iti u nizu boja. Za dodatni prostor za vje\u0161anje naru\u010dite dodatni set od \u010detiri male kuke za kapute u odgovaraju\u0107oj zavr\u0161nici. Kada se ne koristi, PANTON ima prisutnost fine skulpture koja se optimalno sljubljuje uz namje\u0161taj po mjeri. Vrhunac dizajna za urede i ulazne prostore koja apsolutno privla\u010di poglede.<\/p>\n","protected":false},"excerpt":{"rendered":"<p>Klasi\u010dan namje\u0161taj dizajniran za ure\u0111enje ureda ili ure\u0111enje stana ili ku\u0107e. PANTON COATSTAND ima bezvremensku kvalitetu koju preferira arhitektonski ured. Prvi put stvoren 1971., sada se pojavljuje u novom izdanju, u znak po\u0161tovanja prema radu slavnog danskog dizajnera. Njegov elegantni, zakrivljeni oblik pje\u0161\u010danog sata izra\u0111en je od metala koji se mo\u017ee dovr\u0161iti u nizu boja. [&hellip;]<\/p>\n","protected":false},"featured_media":124965,"template":"","meta":{"_acf_changed":false},"product_brand":[],"product_cat":[3249,3170,3071,3175,3078,3248,2514,3086,3147,2111,3041,2105,2085,3070,2061,2068,2073,2092],"product_tag":[],"berocket_brand":[3259],"class_list":{"0":"post-125993","1":"product","2":"type-product","3":"status-publish","4":"has-post-thumbnail","6":"product_cat-accessories-dvorane","7":"product_cat-accessories-rezidencijalni","8":"product_cat-accessories-proizvodi-accessories","9":"product_cat-accessories-horeca-prostori","10":"product_cat-accessories-namjestaj-za-urede","11":"product_cat-accessories-javni","12":"product_cat-accessories","13":"product_cat-accessories-uredi","14":"product_cat-accessories-za-unutarnje-prostore-accessories-proizvodi-accessories","15":"product_cat-dvorane","16":"product_cat-horeca-prostori","17":"product_cat-javni","18":"product_cat-namjestaj-za-urede","19":"product_cat-proizvodi-accessories","20":"product_cat-proizvodi","21":"product_cat-prostori","22":"product_cat-rezidencijalni","23":"product_cat-uredi","24":"berocket_brand-schonbuch","26":"first","27":"instock","28":"product-type-grouped"},"acf":[],"_links":{"self":[{"href":"https:\/\/cernelic.hr\/en\/wp-json\/wp\/v2\/product\/125993","targetHints":{"allow":["GET"]}}],"collection":[{"href":"https:\/\/cernelic.hr\/en\/wp-json\/wp\/v2\/product"}],"about":[{"href":"https:\/\/cernelic.hr\/en\/wp-json\/wp\/v2\/types\/product"}],"wp:featuredmedia":[{"embeddable":true,"href":"https:\/\/cernelic.hr\/en\/wp-json\/wp\/v2\/media\/124965"}],"wp:attachment":[{"href":"https:\/\/cernelic.hr\/en\/wp-json\/wp\/v2\/media?parent=125993"}],"wp:term":[{"taxonomy":"product_brand","embeddable":true,"href":"https:\/\/cernelic.hr\/en\/wp-json\/wp\/v2\/product_brand?post=125993"},{"taxonomy":"product_cat","embeddable":true,"href":"https:\/\/cernelic.hr\/en\/wp-json\/wp\/v2\/product_cat?post=125993"},{"taxonomy":"product_tag","embeddable":true,"href":"https:\/\/cernelic.hr\/en\/wp-json\/wp\/v2\/product_tag?post=125993"},{"taxonomy":"berocket_brand","embeddable":true,"href":"https:\/\/cernelic.hr\/en\/wp-json\/wp\/v2\/berocket_brand?post=125993"}],"curies":[{"name":"wp","href":"https:\/\/api.w.org\/{rel}","templated":true}]}}