{"id":125995,"date":"2022-09-20T06:27:42","date_gmt":"2022-09-20T06:27:42","guid":{"rendered":"https:\/\/cernelic.hr\/proizvod\/pina-by-schonbuch\/"},"modified":"2023-12-08T11:11:47","modified_gmt":"2023-12-08T11:11:47","slug":"pina-by-schonbuch","status":"publish","type":"product","link":"https:\/\/cernelic.hr\/en\/proizvod\/pina-by-schonbuch\/","title":{"rendered":"PINA by Sch\u00f6nbuch"},"content":{"rendered":"<p>Inspirativna instalacija koja se uklapa u svaki dizajn interijera. PINA je zidna vje\u0161alica za kapute koja apsolutno privla\u010di pa\u017enju. Dizajnirana od strane Laurenta Batissea, odmah priziva niz plesnih koraka sna\u017enog, razigranog karaktera. Inspirirana oblicima u\u017eeta za preskakanje, lukovi nude dodatni kapacitet za smje\u0161taj odje\u0107e na vje\u0161alice. PINA dolazi s \u010detiri kukice, ili s pet kukica i malom posudom za klju\u010deve i druge svakodnevne predmete. Dostupna u citrusno \u017eutoj, ru\u017einoj ili crnoj boji, PINA je naj\u0161armantnija pozivnica za vje\u0161anje kaputa, \u0161e\u0161ira i jakni \u2014 a mo\u017eda \u010dak i za ples.<\/p>\n","protected":false},"excerpt":{"rendered":"<p>Inspirativna instalacija koja se uklapa u svaki dizajn interijera. PINA je zidna vje\u0161alica za kapute koja apsolutno privla\u010di pa\u017enju. Dizajnirana od strane Laurenta Batissea, odmah priziva niz plesnih koraka sna\u017enog, razigranog karaktera. Inspirirana oblicima u\u017eeta za preskakanje, lukovi nude dodatni kapacitet za smje\u0161taj odje\u0107e na vje\u0161alice. PINA dolazi s \u010detiri kukice, ili s pet kukica [&hellip;]<\/p>\n","protected":false},"featured_media":124966,"template":"","meta":{"_acf_changed":false},"product_brand":[],"product_cat":[2514,3086,3249,3170,3071,3175,3078,3248,3147,2111,3041,2105,2085,3070,2061,2068,2073,2092],"product_tag":[],"berocket_brand":[3259],"class_list":{"0":"post-125995","1":"product","2":"type-product","3":"status-publish","4":"has-post-thumbnail","6":"product_cat-accessories","7":"product_cat-accessories-uredi","8":"product_cat-accessories-dvorane","9":"product_cat-accessories-rezidencijalni","10":"product_cat-accessories-proizvodi-accessories","11":"product_cat-accessories-horeca-prostori","12":"product_cat-accessories-namjestaj-za-urede","13":"product_cat-accessories-javni","14":"product_cat-accessories-za-unutarnje-prostore-accessories-proizvodi-accessories","15":"product_cat-dvorane","16":"product_cat-horeca-prostori","17":"product_cat-javni","18":"product_cat-namjestaj-za-urede","19":"product_cat-proizvodi-accessories","20":"product_cat-proizvodi","21":"product_cat-prostori","22":"product_cat-rezidencijalni","23":"product_cat-uredi","24":"berocket_brand-schonbuch","26":"first","27":"instock","28":"product-type-grouped"},"acf":[],"_links":{"self":[{"href":"https:\/\/cernelic.hr\/en\/wp-json\/wp\/v2\/product\/125995","targetHints":{"allow":["GET"]}}],"collection":[{"href":"https:\/\/cernelic.hr\/en\/wp-json\/wp\/v2\/product"}],"about":[{"href":"https:\/\/cernelic.hr\/en\/wp-json\/wp\/v2\/types\/product"}],"wp:featuredmedia":[{"embeddable":true,"href":"https:\/\/cernelic.hr\/en\/wp-json\/wp\/v2\/media\/124966"}],"wp:attachment":[{"href":"https:\/\/cernelic.hr\/en\/wp-json\/wp\/v2\/media?parent=125995"}],"wp:term":[{"taxonomy":"product_brand","embeddable":true,"href":"https:\/\/cernelic.hr\/en\/wp-json\/wp\/v2\/product_brand?post=125995"},{"taxonomy":"product_cat","embeddable":true,"href":"https:\/\/cernelic.hr\/en\/wp-json\/wp\/v2\/product_cat?post=125995"},{"taxonomy":"product_tag","embeddable":true,"href":"https:\/\/cernelic.hr\/en\/wp-json\/wp\/v2\/product_tag?post=125995"},{"taxonomy":"berocket_brand","embeddable":true,"href":"https:\/\/cernelic.hr\/en\/wp-json\/wp\/v2\/berocket_brand?post=125995"}],"curies":[{"name":"wp","href":"https:\/\/api.w.org\/{rel}","templated":true}]}}