{"id":125996,"date":"2022-09-20T06:27:42","date_gmt":"2022-09-20T06:27:42","guid":{"rendered":"https:\/\/cernelic.hr\/proizvod\/pivot-by-schonbuch\/"},"modified":"2023-12-08T11:11:51","modified_gmt":"2023-12-08T11:11:51","slug":"pivot-by-schonbuch","status":"publish","type":"product","link":"https:\/\/cernelic.hr\/en\/proizvod\/pivot-by-schonbuch\/","title":{"rendered":"PIVOT by Sch\u00f6nbuch"},"content":{"rendered":"<p>PIVOT je elegantan stalak za kapute s dvije razli\u010dite duljine, zavr\u0161ene u poliranom kromu. Odjevni predmeti se mogu staviti ravno na njih ili objesiti na vje\u0161alicu. PIVOT je obra\u0111en pra\u0161kastim premazom u pravom hrastovom ili orahovom furniru. \u010celi\u010dna podna plo\u010da dr\u017ei ga \u010dvrsto na mjestu. PIVOT se isporu\u010duje kao ravno zapakiran, trodijelni set (uklju\u010den pribor za monta\u017eu) za prakti\u010dno samostalno sastavljanje. Funkcionalni dodatak idealan za opremanje ureda ili \u010dekaonica.<\/p>\n","protected":false},"excerpt":{"rendered":"<p>PIVOT je elegantan stalak za kapute s dvije razli\u010dite duljine, zavr\u0161ene u poliranom kromu. Odjevni predmeti se mogu staviti ravno na njih ili objesiti na vje\u0161alicu. PIVOT je obra\u0111en pra\u0161kastim premazom u pravom hrastovom ili orahovom furniru. \u010celi\u010dna podna plo\u010da dr\u017ei ga \u010dvrsto na mjestu. PIVOT se isporu\u010duje kao ravno zapakiran, trodijelni set (uklju\u010den pribor [&hellip;]<\/p>\n","protected":false},"featured_media":124968,"template":"","meta":{"_acf_changed":false},"product_brand":[],"product_cat":[3170,3071,3175,3078,3248,2514,3086,3249,3147,2111,3041,2105,2085,3070,2061,2068,2073,2092],"product_tag":[],"berocket_brand":[3259],"class_list":{"0":"post-125996","1":"product","2":"type-product","3":"status-publish","4":"has-post-thumbnail","6":"product_cat-accessories-rezidencijalni","7":"product_cat-accessories-proizvodi-accessories","8":"product_cat-accessories-horeca-prostori","9":"product_cat-accessories-namjestaj-za-urede","10":"product_cat-accessories-javni","11":"product_cat-accessories","12":"product_cat-accessories-uredi","13":"product_cat-accessories-dvorane","14":"product_cat-accessories-za-unutarnje-prostore-accessories-proizvodi-accessories","15":"product_cat-dvorane","16":"product_cat-horeca-prostori","17":"product_cat-javni","18":"product_cat-namjestaj-za-urede","19":"product_cat-proizvodi-accessories","20":"product_cat-proizvodi","21":"product_cat-prostori","22":"product_cat-rezidencijalni","23":"product_cat-uredi","24":"berocket_brand-schonbuch","26":"first","27":"instock","28":"product-type-grouped"},"acf":[],"_links":{"self":[{"href":"https:\/\/cernelic.hr\/en\/wp-json\/wp\/v2\/product\/125996","targetHints":{"allow":["GET"]}}],"collection":[{"href":"https:\/\/cernelic.hr\/en\/wp-json\/wp\/v2\/product"}],"about":[{"href":"https:\/\/cernelic.hr\/en\/wp-json\/wp\/v2\/types\/product"}],"wp:featuredmedia":[{"embeddable":true,"href":"https:\/\/cernelic.hr\/en\/wp-json\/wp\/v2\/media\/124968"}],"wp:attachment":[{"href":"https:\/\/cernelic.hr\/en\/wp-json\/wp\/v2\/media?parent=125996"}],"wp:term":[{"taxonomy":"product_brand","embeddable":true,"href":"https:\/\/cernelic.hr\/en\/wp-json\/wp\/v2\/product_brand?post=125996"},{"taxonomy":"product_cat","embeddable":true,"href":"https:\/\/cernelic.hr\/en\/wp-json\/wp\/v2\/product_cat?post=125996"},{"taxonomy":"product_tag","embeddable":true,"href":"https:\/\/cernelic.hr\/en\/wp-json\/wp\/v2\/product_tag?post=125996"},{"taxonomy":"berocket_brand","embeddable":true,"href":"https:\/\/cernelic.hr\/en\/wp-json\/wp\/v2\/berocket_brand?post=125996"}],"curies":[{"name":"wp","href":"https:\/\/api.w.org\/{rel}","templated":true}]}}