{"id":125997,"date":"2022-09-20T06:27:42","date_gmt":"2022-09-20T06:27:42","guid":{"rendered":"https:\/\/cernelic.hr\/proizvod\/rack-by-schonbuch\/"},"modified":"2023-12-08T11:11:57","modified_gmt":"2023-12-08T11:11:57","slug":"rack-by-schonbuch","status":"publish","type":"product","link":"https:\/\/cernelic.hr\/en\/proizvod\/rack-by-schonbuch\/","title":{"rendered":"RACK by Sch\u00f6nbuch"},"content":{"rendered":"<p>Stalak za kapute koji je vitak i funkcionalan. Stalak za kapute RACK dostupan je u dva dizajna \u2013 okrugli ili kvadratni. RACK mo\u017ee primiti velike koli\u010dine vanjske odje\u0107e i stvara dojam prostora kada je prazan. Za ve\u0107i kapacitet vje\u0161anja naru\u010dite dodatni set od \u010detiri dodatne kuke s odgovaraju\u0107im zavr\u0161ecima. RACK se isporu\u010duje ravno zapakiran (uklju\u010den pribor za monta\u017eu) za prakti\u010dno samostalno sastavljanje. Staklena polica dostupna je za narud\u017ebu zasebno za zidnu verziju. Cool i chic za opremanje ureda i opremanje stanova.<\/p>\n","protected":false},"excerpt":{"rendered":"<p>Stalak za kapute koji je vitak i funkcionalan. Stalak za kapute RACK dostupan je u dva dizajna \u2013 okrugli ili kvadratni. RACK mo\u017ee primiti velike koli\u010dine vanjske odje\u0107e i stvara dojam prostora kada je prazan. Za ve\u0107i kapacitet vje\u0161anja naru\u010dite dodatni set od \u010detiri dodatne kuke s odgovaraju\u0107im zavr\u0161ecima. RACK se isporu\u010duje ravno zapakiran (uklju\u010den [&hellip;]<\/p>\n","protected":false},"featured_media":124971,"template":"","meta":{"_acf_changed":false},"product_brand":[],"product_cat":[3175,3078,3248,2514,3086,3249,3170,3071,3147,2111,3041,2105,2085,3070,2061,2068,2073,2092],"product_tag":[],"berocket_brand":[3259],"class_list":{"0":"post-125997","1":"product","2":"type-product","3":"status-publish","4":"has-post-thumbnail","6":"product_cat-accessories-horeca-prostori","7":"product_cat-accessories-namjestaj-za-urede","8":"product_cat-accessories-javni","9":"product_cat-accessories","10":"product_cat-accessories-uredi","11":"product_cat-accessories-dvorane","12":"product_cat-accessories-rezidencijalni","13":"product_cat-accessories-proizvodi-accessories","14":"product_cat-accessories-za-unutarnje-prostore-accessories-proizvodi-accessories","15":"product_cat-dvorane","16":"product_cat-horeca-prostori","17":"product_cat-javni","18":"product_cat-namjestaj-za-urede","19":"product_cat-proizvodi-accessories","20":"product_cat-proizvodi","21":"product_cat-prostori","22":"product_cat-rezidencijalni","23":"product_cat-uredi","24":"berocket_brand-schonbuch","26":"first","27":"instock","28":"product-type-grouped"},"acf":[],"_links":{"self":[{"href":"https:\/\/cernelic.hr\/en\/wp-json\/wp\/v2\/product\/125997","targetHints":{"allow":["GET"]}}],"collection":[{"href":"https:\/\/cernelic.hr\/en\/wp-json\/wp\/v2\/product"}],"about":[{"href":"https:\/\/cernelic.hr\/en\/wp-json\/wp\/v2\/types\/product"}],"wp:featuredmedia":[{"embeddable":true,"href":"https:\/\/cernelic.hr\/en\/wp-json\/wp\/v2\/media\/124971"}],"wp:attachment":[{"href":"https:\/\/cernelic.hr\/en\/wp-json\/wp\/v2\/media?parent=125997"}],"wp:term":[{"taxonomy":"product_brand","embeddable":true,"href":"https:\/\/cernelic.hr\/en\/wp-json\/wp\/v2\/product_brand?post=125997"},{"taxonomy":"product_cat","embeddable":true,"href":"https:\/\/cernelic.hr\/en\/wp-json\/wp\/v2\/product_cat?post=125997"},{"taxonomy":"product_tag","embeddable":true,"href":"https:\/\/cernelic.hr\/en\/wp-json\/wp\/v2\/product_tag?post=125997"},{"taxonomy":"berocket_brand","embeddable":true,"href":"https:\/\/cernelic.hr\/en\/wp-json\/wp\/v2\/berocket_brand?post=125997"}],"curies":[{"name":"wp","href":"https:\/\/api.w.org\/{rel}","templated":true}]}}