{"id":126001,"date":"2022-09-20T06:27:42","date_gmt":"2022-09-20T06:27:42","guid":{"rendered":"https:\/\/cernelic.hr\/proizvod\/sled-by-schonbuch\/"},"modified":"2023-12-08T11:12:17","modified_gmt":"2023-12-08T11:12:17","slug":"sled-by-schonbuch","status":"publish","type":"product","link":"https:\/\/cernelic.hr\/en\/proizvod\/sled-by-schonbuch\/","title":{"rendered":"SLED by Sch\u00f6nbuch"},"content":{"rendered":"<p>SLED, zidna vje\u0161alica za kapute, izra\u0111ena je od punog hrasta i dostupna u dvije \u0161irine. Postoje dvije mogu\u0107e zavr\u0161ne obrade: nauljena ili crna boja s drvenim porama. Njegovo klasi\u010dno udubljenje prekrasan je detalj koji je tradicionalno obra\u0111en. Predmeti se mogu objesiti na SLED ili na vje\u0161alice za kapute ili na kuke. Gornja \u0161ipka uklju\u010duje tanak, gotovo nevidljiv plasti\u010dni za\u0161titnik koji \u0161titi drvo od u\u010dinaka vje\u0161alica; donja \u0161ipka je opremljena s 3 ili 4 kuke na strani okrenutoj prema zidu i idealna je za dje\u010dju odje\u0107u, torbe i druge dodatke. SLED se isporu\u010duje u dva dijela (uklju\u010den pribor za pri\u010dvr\u0161\u0107ivanje). Vrhunac ru\u010dne izrade koji se upotrebljava za opremanje stana, opremanje ureda ili ure\u0111enje trgovina.<\/p>\n","protected":false},"excerpt":{"rendered":"<p>SLED, zidna vje\u0161alica za kapute, izra\u0111ena je od punog hrasta i dostupna u dvije \u0161irine. Postoje dvije mogu\u0107e zavr\u0161ne obrade: nauljena ili crna boja s drvenim porama. Njegovo klasi\u010dno udubljenje prekrasan je detalj koji je tradicionalno obra\u0111en. Predmeti se mogu objesiti na SLED ili na vje\u0161alice za kapute ili na kuke. Gornja \u0161ipka uklju\u010duje tanak, [&hellip;]<\/p>\n","protected":false},"featured_media":124980,"template":"","meta":{"_acf_changed":false},"product_brand":[],"product_cat":[2514,3086,3249,3170,3071,3175,3078,3248,3147,2111,3041,2105,2085,3070,2061,2068,2073,2092],"product_tag":[],"berocket_brand":[3259],"class_list":{"0":"post-126001","1":"product","2":"type-product","3":"status-publish","4":"has-post-thumbnail","6":"product_cat-accessories","7":"product_cat-accessories-uredi","8":"product_cat-accessories-dvorane","9":"product_cat-accessories-rezidencijalni","10":"product_cat-accessories-proizvodi-accessories","11":"product_cat-accessories-horeca-prostori","12":"product_cat-accessories-namjestaj-za-urede","13":"product_cat-accessories-javni","14":"product_cat-accessories-za-unutarnje-prostore-accessories-proizvodi-accessories","15":"product_cat-dvorane","16":"product_cat-horeca-prostori","17":"product_cat-javni","18":"product_cat-namjestaj-za-urede","19":"product_cat-proizvodi-accessories","20":"product_cat-proizvodi","21":"product_cat-prostori","22":"product_cat-rezidencijalni","23":"product_cat-uredi","24":"berocket_brand-schonbuch","26":"first","27":"instock","28":"product-type-grouped"},"acf":[],"_links":{"self":[{"href":"https:\/\/cernelic.hr\/en\/wp-json\/wp\/v2\/product\/126001","targetHints":{"allow":["GET"]}}],"collection":[{"href":"https:\/\/cernelic.hr\/en\/wp-json\/wp\/v2\/product"}],"about":[{"href":"https:\/\/cernelic.hr\/en\/wp-json\/wp\/v2\/types\/product"}],"wp:featuredmedia":[{"embeddable":true,"href":"https:\/\/cernelic.hr\/en\/wp-json\/wp\/v2\/media\/124980"}],"wp:attachment":[{"href":"https:\/\/cernelic.hr\/en\/wp-json\/wp\/v2\/media?parent=126001"}],"wp:term":[{"taxonomy":"product_brand","embeddable":true,"href":"https:\/\/cernelic.hr\/en\/wp-json\/wp\/v2\/product_brand?post=126001"},{"taxonomy":"product_cat","embeddable":true,"href":"https:\/\/cernelic.hr\/en\/wp-json\/wp\/v2\/product_cat?post=126001"},{"taxonomy":"product_tag","embeddable":true,"href":"https:\/\/cernelic.hr\/en\/wp-json\/wp\/v2\/product_tag?post=126001"},{"taxonomy":"berocket_brand","embeddable":true,"href":"https:\/\/cernelic.hr\/en\/wp-json\/wp\/v2\/berocket_brand?post=126001"}],"curies":[{"name":"wp","href":"https:\/\/api.w.org\/{rel}","templated":true}]}}