{"id":126002,"date":"2022-09-20T06:27:42","date_gmt":"2022-09-20T06:27:42","guid":{"rendered":"https:\/\/cernelic.hr\/proizvod\/slim-by-schonbuch\/"},"modified":"2023-12-08T11:12:19","modified_gmt":"2023-12-08T11:12:19","slug":"slim-by-schonbuch","status":"publish","type":"product","link":"https:\/\/cernelic.hr\/en\/proizvod\/slim-by-schonbuch\/","title":{"rendered":"SLIM by Sch\u00f6nbuch"},"content":{"rendered":"<p>Vje\u0161alica za kapute SLIM minimalisti\u010dki je vrhunac. Dizajniran s fokusom na bitne stvari, njegov smanjeni izgled \u010dini ga kompatibilnim s bilo kojim stilom interijera i prikladnim za ure\u0111enje stanova, ku\u0107a kao i za opremanje ureda, trgovina, galerija i bilo koji drugi komercijalni prostor. Suptilna me\u0111uigra vitke, cilindri\u010dne vodoravne \u0161ine i njene pravokutne okomite potpore daje SLIM-u modernu eleganciju. Stalak za kapute mo\u017ee se postaviti paralelno ili okomito na zid.<\/p>\n","protected":false},"excerpt":{"rendered":"<p>Vje\u0161alica za kapute SLIM minimalisti\u010dki je vrhunac. Dizajniran s fokusom na bitne stvari, njegov smanjeni izgled \u010dini ga kompatibilnim s bilo kojim stilom interijera i prikladnim za ure\u0111enje stanova, ku\u0107a kao i za opremanje ureda, trgovina, galerija i bilo koji drugi komercijalni prostor. Suptilna me\u0111uigra vitke, cilindri\u010dne vodoravne \u0161ine i njene pravokutne okomite potpore daje [&hellip;]<\/p>\n","protected":false},"featured_media":124981,"template":"","meta":{"_acf_changed":false},"product_brand":[],"product_cat":[3071,3175,3078,3248,2514,3086,3249,3170,3147,2111,3041,2105,2085,3070,2061,2068,2073,2092],"product_tag":[],"berocket_brand":[3259],"class_list":{"0":"post-126002","1":"product","2":"type-product","3":"status-publish","4":"has-post-thumbnail","6":"product_cat-accessories-proizvodi-accessories","7":"product_cat-accessories-horeca-prostori","8":"product_cat-accessories-namjestaj-za-urede","9":"product_cat-accessories-javni","10":"product_cat-accessories","11":"product_cat-accessories-uredi","12":"product_cat-accessories-dvorane","13":"product_cat-accessories-rezidencijalni","14":"product_cat-accessories-za-unutarnje-prostore-accessories-proizvodi-accessories","15":"product_cat-dvorane","16":"product_cat-horeca-prostori","17":"product_cat-javni","18":"product_cat-namjestaj-za-urede","19":"product_cat-proizvodi-accessories","20":"product_cat-proizvodi","21":"product_cat-prostori","22":"product_cat-rezidencijalni","23":"product_cat-uredi","24":"berocket_brand-schonbuch","26":"first","27":"instock","28":"product-type-grouped"},"acf":[],"_links":{"self":[{"href":"https:\/\/cernelic.hr\/en\/wp-json\/wp\/v2\/product\/126002","targetHints":{"allow":["GET"]}}],"collection":[{"href":"https:\/\/cernelic.hr\/en\/wp-json\/wp\/v2\/product"}],"about":[{"href":"https:\/\/cernelic.hr\/en\/wp-json\/wp\/v2\/types\/product"}],"wp:featuredmedia":[{"embeddable":true,"href":"https:\/\/cernelic.hr\/en\/wp-json\/wp\/v2\/media\/124981"}],"wp:attachment":[{"href":"https:\/\/cernelic.hr\/en\/wp-json\/wp\/v2\/media?parent=126002"}],"wp:term":[{"taxonomy":"product_brand","embeddable":true,"href":"https:\/\/cernelic.hr\/en\/wp-json\/wp\/v2\/product_brand?post=126002"},{"taxonomy":"product_cat","embeddable":true,"href":"https:\/\/cernelic.hr\/en\/wp-json\/wp\/v2\/product_cat?post=126002"},{"taxonomy":"product_tag","embeddable":true,"href":"https:\/\/cernelic.hr\/en\/wp-json\/wp\/v2\/product_tag?post=126002"},{"taxonomy":"berocket_brand","embeddable":true,"href":"https:\/\/cernelic.hr\/en\/wp-json\/wp\/v2\/berocket_brand?post=126002"}],"curies":[{"name":"wp","href":"https:\/\/api.w.org\/{rel}","templated":true}]}}