{"id":126003,"date":"2022-09-20T06:27:42","date_gmt":"2022-09-20T06:27:42","guid":{"rendered":"https:\/\/cernelic.hr\/proizvod\/slot-by-schonbuch\/"},"modified":"2023-12-08T11:12:20","modified_gmt":"2023-12-08T11:12:20","slug":"slot-by-schonbuch","status":"publish","type":"product","link":"https:\/\/cernelic.hr\/en\/proizvod\/slot-by-schonbuch\/","title":{"rendered":"SLOT by Sch\u00f6nbuch"},"content":{"rendered":"<p>Kada \u010disto\u0107a dolazi sama po sebi. Zidne vje\u0161alice za kapute serije SLOT kombiniraju dobro promi\u0161ljenu prakti\u010dnost s jasnim dizajnom. Dostupni u kru\u017enim ili izdu\u017eenim oblicima sa zaobljenim krajevima koji o\u017eivljavaju geometriju. Dekorativne u svom dizajnu i sa \u0161irokim izborom mat boja i boja visokog sjaja, prednje strane raznih SLOT predmeta mogu se stilizirati u upe\u010datljivim bojama ili prigu\u0161enim tonovima. Koristiti se za opremanje stanova i opremanje hotela.<\/p>\n","protected":false},"excerpt":{"rendered":"<p>Kada \u010disto\u0107a dolazi sama po sebi. Zidne vje\u0161alice za kapute serije SLOT kombiniraju dobro promi\u0161ljenu prakti\u010dnost s jasnim dizajnom. Dostupni u kru\u017enim ili izdu\u017eenim oblicima sa zaobljenim krajevima koji o\u017eivljavaju geometriju. Dekorativne u svom dizajnu i sa \u0161irokim izborom mat boja i boja visokog sjaja, prednje strane raznih SLOT predmeta mogu se stilizirati u upe\u010datljivim [&hellip;]<\/p>\n","protected":false},"featured_media":124982,"template":"","meta":{"_acf_changed":false},"product_brand":[],"product_cat":[3249,3071,3170,3078,3175,2514,3086,3248,3147,2111,3041,2105,2085,3143,3070,2061,2068,2073,2092],"product_tag":[],"berocket_brand":[3259],"class_list":{"0":"post-126003","1":"product","2":"type-product","3":"status-publish","4":"has-post-thumbnail","6":"product_cat-accessories-dvorane","7":"product_cat-accessories-proizvodi-accessories","8":"product_cat-accessories-rezidencijalni","9":"product_cat-accessories-namjestaj-za-urede","10":"product_cat-accessories-horeca-prostori","11":"product_cat-accessories","12":"product_cat-accessories-uredi","13":"product_cat-accessories-javni","14":"product_cat-accessories-za-unutarnje-prostore-accessories-proizvodi-accessories","15":"product_cat-dvorane","16":"product_cat-horeca-prostori","17":"product_cat-javni","18":"product_cat-namjestaj-za-urede","19":"product_cat-ogledala","20":"product_cat-proizvodi-accessories","21":"product_cat-proizvodi","22":"product_cat-prostori","23":"product_cat-rezidencijalni","24":"product_cat-uredi","25":"berocket_brand-schonbuch","27":"first","28":"instock","29":"product-type-grouped"},"acf":[],"_links":{"self":[{"href":"https:\/\/cernelic.hr\/en\/wp-json\/wp\/v2\/product\/126003","targetHints":{"allow":["GET"]}}],"collection":[{"href":"https:\/\/cernelic.hr\/en\/wp-json\/wp\/v2\/product"}],"about":[{"href":"https:\/\/cernelic.hr\/en\/wp-json\/wp\/v2\/types\/product"}],"wp:featuredmedia":[{"embeddable":true,"href":"https:\/\/cernelic.hr\/en\/wp-json\/wp\/v2\/media\/124982"}],"wp:attachment":[{"href":"https:\/\/cernelic.hr\/en\/wp-json\/wp\/v2\/media?parent=126003"}],"wp:term":[{"taxonomy":"product_brand","embeddable":true,"href":"https:\/\/cernelic.hr\/en\/wp-json\/wp\/v2\/product_brand?post=126003"},{"taxonomy":"product_cat","embeddable":true,"href":"https:\/\/cernelic.hr\/en\/wp-json\/wp\/v2\/product_cat?post=126003"},{"taxonomy":"product_tag","embeddable":true,"href":"https:\/\/cernelic.hr\/en\/wp-json\/wp\/v2\/product_tag?post=126003"},{"taxonomy":"berocket_brand","embeddable":true,"href":"https:\/\/cernelic.hr\/en\/wp-json\/wp\/v2\/berocket_brand?post=126003"}],"curies":[{"name":"wp","href":"https:\/\/api.w.org\/{rel}","templated":true}]}}