{"id":126005,"date":"2022-09-20T06:27:42","date_gmt":"2022-09-20T06:27:42","guid":{"rendered":"https:\/\/cernelic.hr\/proizvod\/sticks-mini-by-schonbuch\/"},"modified":"2023-12-08T11:12:48","modified_gmt":"2023-12-08T11:12:48","slug":"sticks-mini-by-schonbuch","status":"publish","type":"product","link":"https:\/\/cernelic.hr\/en\/proizvod\/sticks-mini-by-schonbuch\/","title":{"rendered":"STICKS MINI by Sch\u00f6nbuch"},"content":{"rendered":"<p>STICKS dr\u017ea\u010d za kapute bezvremenski je favorit za ure\u0111ivanje stanova ili ure\u0111ivanje ku\u0107a. Kako bi potaknuli djecu da i oni vje\u0161aju svoje stvari, STICKS MINI dostupan je u bijeloj, ru\u017ei\u010dastoj ili aqua boji i zajam\u010deno \u0107e pospremanje u\u010diniti zabavnijim.<\/p>\n","protected":false},"excerpt":{"rendered":"<p>STICKS dr\u017ea\u010d za kapute bezvremenski je favorit za ure\u0111ivanje stanova ili ure\u0111ivanje ku\u0107a. Kako bi potaknuli djecu da i oni vje\u0161aju svoje stvari, STICKS MINI dostupan je u bijeloj, ru\u017ei\u010dastoj ili aqua boji i zajam\u010deno \u0107e pospremanje u\u010diniti zabavnijim.<\/p>\n","protected":false},"featured_media":124984,"template":"","meta":{"_acf_changed":false},"product_brand":[],"product_cat":[3170,3071,3175,3078,3248,2514,3086,3249,3147,2111,3041,2105,2085,3070,2061,2068,2073,2092],"product_tag":[],"berocket_brand":[3259],"class_list":{"0":"post-126005","1":"product","2":"type-product","3":"status-publish","4":"has-post-thumbnail","6":"product_cat-accessories-rezidencijalni","7":"product_cat-accessories-proizvodi-accessories","8":"product_cat-accessories-horeca-prostori","9":"product_cat-accessories-namjestaj-za-urede","10":"product_cat-accessories-javni","11":"product_cat-accessories","12":"product_cat-accessories-uredi","13":"product_cat-accessories-dvorane","14":"product_cat-accessories-za-unutarnje-prostore-accessories-proizvodi-accessories","15":"product_cat-dvorane","16":"product_cat-horeca-prostori","17":"product_cat-javni","18":"product_cat-namjestaj-za-urede","19":"product_cat-proizvodi-accessories","20":"product_cat-proizvodi","21":"product_cat-prostori","22":"product_cat-rezidencijalni","23":"product_cat-uredi","24":"berocket_brand-schonbuch","26":"first","27":"instock","28":"product-type-grouped"},"acf":[],"_links":{"self":[{"href":"https:\/\/cernelic.hr\/en\/wp-json\/wp\/v2\/product\/126005","targetHints":{"allow":["GET"]}}],"collection":[{"href":"https:\/\/cernelic.hr\/en\/wp-json\/wp\/v2\/product"}],"about":[{"href":"https:\/\/cernelic.hr\/en\/wp-json\/wp\/v2\/types\/product"}],"wp:featuredmedia":[{"embeddable":true,"href":"https:\/\/cernelic.hr\/en\/wp-json\/wp\/v2\/media\/124984"}],"wp:attachment":[{"href":"https:\/\/cernelic.hr\/en\/wp-json\/wp\/v2\/media?parent=126005"}],"wp:term":[{"taxonomy":"product_brand","embeddable":true,"href":"https:\/\/cernelic.hr\/en\/wp-json\/wp\/v2\/product_brand?post=126005"},{"taxonomy":"product_cat","embeddable":true,"href":"https:\/\/cernelic.hr\/en\/wp-json\/wp\/v2\/product_cat?post=126005"},{"taxonomy":"product_tag","embeddable":true,"href":"https:\/\/cernelic.hr\/en\/wp-json\/wp\/v2\/product_tag?post=126005"},{"taxonomy":"berocket_brand","embeddable":true,"href":"https:\/\/cernelic.hr\/en\/wp-json\/wp\/v2\/berocket_brand?post=126005"}],"curies":[{"name":"wp","href":"https:\/\/api.w.org\/{rel}","templated":true}]}}