{"id":126007,"date":"2022-09-20T06:28:26","date_gmt":"2022-09-20T06:28:26","guid":{"rendered":"https:\/\/cernelic.hr\/proizvod\/tilda-by-schonbuch\/"},"modified":"2023-12-08T11:12:56","modified_gmt":"2023-12-08T11:12:56","slug":"tilda-by-schonbuch","status":"publish","type":"product","link":"https:\/\/cernelic.hr\/en\/proizvod\/tilda-by-schonbuch\/","title":{"rendered":"TILDA by Sch\u00f6nbuch"},"content":{"rendered":"<p>TILDA je univerzalna i kreativna kombinacija stalka za kapute i puf-a. S ovim rje\u0161enjem dva u jednom, metal se susre\u0107e s tkaninom na vrlo poseban na\u010din. Mala okretna polica podesiva po visini savr\u0161eno je mjesto za pohranu klju\u010deva i drugih va\u017enih svakodnevnih stvari. Bilo kao udobno sjedalo u ulaznim prostorima, spava\u0107im sobama ili garderobama TILDA uvijek zauzima sredi\u0161nje mjesto. Tapecirano sjedalo mo\u017ee se upotrijebiti za odlaganje stvari i dolazi s izborom presvlaka od elegantnih tkanina u razli\u010ditim bojama ili ko\u017ee u raznim nijansama. Apsolutni favorit namje\u0161taja za ure\u0111enje hotela ili ure\u0111enje ureda.<\/p>\n","protected":false},"excerpt":{"rendered":"<p>TILDA je univerzalna i kreativna kombinacija stalka za kapute i puf-a. S ovim rje\u0161enjem dva u jednom, metal se susre\u0107e s tkaninom na vrlo poseban na\u010din. Mala okretna polica podesiva po visini savr\u0161eno je mjesto za pohranu klju\u010deva i drugih va\u017enih svakodnevnih stvari. Bilo kao udobno sjedalo u ulaznim prostorima, spava\u0107im sobama ili garderobama TILDA [&hellip;]<\/p>\n","protected":false},"featured_media":124988,"template":"","meta":{"_acf_changed":false},"product_brand":[],"product_cat":[2514,3086,3249,3170,3071,3175,3078,3248,3147,2111,3041,2105,2085,3070,2061,2068,2073,2092],"product_tag":[],"berocket_brand":[3259],"class_list":{"0":"post-126007","1":"product","2":"type-product","3":"status-publish","4":"has-post-thumbnail","6":"product_cat-accessories","7":"product_cat-accessories-uredi","8":"product_cat-accessories-dvorane","9":"product_cat-accessories-rezidencijalni","10":"product_cat-accessories-proizvodi-accessories","11":"product_cat-accessories-horeca-prostori","12":"product_cat-accessories-namjestaj-za-urede","13":"product_cat-accessories-javni","14":"product_cat-accessories-za-unutarnje-prostore-accessories-proizvodi-accessories","15":"product_cat-dvorane","16":"product_cat-horeca-prostori","17":"product_cat-javni","18":"product_cat-namjestaj-za-urede","19":"product_cat-proizvodi-accessories","20":"product_cat-proizvodi","21":"product_cat-prostori","22":"product_cat-rezidencijalni","23":"product_cat-uredi","24":"berocket_brand-schonbuch","26":"first","27":"instock","28":"product-type-grouped"},"acf":[],"_links":{"self":[{"href":"https:\/\/cernelic.hr\/en\/wp-json\/wp\/v2\/product\/126007","targetHints":{"allow":["GET"]}}],"collection":[{"href":"https:\/\/cernelic.hr\/en\/wp-json\/wp\/v2\/product"}],"about":[{"href":"https:\/\/cernelic.hr\/en\/wp-json\/wp\/v2\/types\/product"}],"wp:featuredmedia":[{"embeddable":true,"href":"https:\/\/cernelic.hr\/en\/wp-json\/wp\/v2\/media\/124988"}],"wp:attachment":[{"href":"https:\/\/cernelic.hr\/en\/wp-json\/wp\/v2\/media?parent=126007"}],"wp:term":[{"taxonomy":"product_brand","embeddable":true,"href":"https:\/\/cernelic.hr\/en\/wp-json\/wp\/v2\/product_brand?post=126007"},{"taxonomy":"product_cat","embeddable":true,"href":"https:\/\/cernelic.hr\/en\/wp-json\/wp\/v2\/product_cat?post=126007"},{"taxonomy":"product_tag","embeddable":true,"href":"https:\/\/cernelic.hr\/en\/wp-json\/wp\/v2\/product_tag?post=126007"},{"taxonomy":"berocket_brand","embeddable":true,"href":"https:\/\/cernelic.hr\/en\/wp-json\/wp\/v2\/berocket_brand?post=126007"}],"curies":[{"name":"wp","href":"https:\/\/api.w.org\/{rel}","templated":true}]}}