{"id":126008,"date":"2022-09-20T06:28:26","date_gmt":"2022-09-20T06:28:26","guid":{"rendered":"https:\/\/cernelic.hr\/proizvod\/trace-by-schonbuch\/"},"modified":"2023-12-08T11:12:57","modified_gmt":"2023-12-08T11:12:57","slug":"trace-by-schonbuch","status":"publish","type":"product","link":"https:\/\/cernelic.hr\/en\/proizvod\/trace-by-schonbuch\/","title":{"rendered":"TRACE by Sch\u00f6nbuch"},"content":{"rendered":"<p>Izra\u0111ena od masivne hrastovine, tra\u010dnica za kuke TRACE nudi savr\u0161enu jesdnostavnost. TRACE stalak idealan je ne samo za jakne i torbe, ve\u0107 i za klju\u010deve ureda, bicikla ili vikendice. TRACE dolazi sa \u0161est ili deset kuka. Idealan za opremanje ureda ili opremanje stanova. \u0160tedi prostor i vrlo je prakti\u010dan.<\/p>\n","protected":false},"excerpt":{"rendered":"<p>Izra\u0111ena od masivne hrastovine, tra\u010dnica za kuke TRACE nudi savr\u0161enu jesdnostavnost. TRACE stalak idealan je ne samo za jakne i torbe, ve\u0107 i za klju\u010deve ureda, bicikla ili vikendice. TRACE dolazi sa \u0161est ili deset kuka. Idealan za opremanje ureda ili opremanje stanova. \u0160tedi prostor i vrlo je prakti\u010dan.<\/p>\n","protected":false},"featured_media":124989,"template":"","meta":{"_acf_changed":false},"product_brand":[],"product_cat":[3175,3078,3248,2514,3086,3249,3170,3071,3147,2111,3041,2105,2085,3070,2061,2068,2073,2092],"product_tag":[],"berocket_brand":[3259],"class_list":{"0":"post-126008","1":"product","2":"type-product","3":"status-publish","4":"has-post-thumbnail","6":"product_cat-accessories-horeca-prostori","7":"product_cat-accessories-namjestaj-za-urede","8":"product_cat-accessories-javni","9":"product_cat-accessories","10":"product_cat-accessories-uredi","11":"product_cat-accessories-dvorane","12":"product_cat-accessories-rezidencijalni","13":"product_cat-accessories-proizvodi-accessories","14":"product_cat-accessories-za-unutarnje-prostore-accessories-proizvodi-accessories","15":"product_cat-dvorane","16":"product_cat-horeca-prostori","17":"product_cat-javni","18":"product_cat-namjestaj-za-urede","19":"product_cat-proizvodi-accessories","20":"product_cat-proizvodi","21":"product_cat-prostori","22":"product_cat-rezidencijalni","23":"product_cat-uredi","24":"berocket_brand-schonbuch","26":"first","27":"instock","28":"product-type-grouped"},"acf":[],"_links":{"self":[{"href":"https:\/\/cernelic.hr\/en\/wp-json\/wp\/v2\/product\/126008","targetHints":{"allow":["GET"]}}],"collection":[{"href":"https:\/\/cernelic.hr\/en\/wp-json\/wp\/v2\/product"}],"about":[{"href":"https:\/\/cernelic.hr\/en\/wp-json\/wp\/v2\/types\/product"}],"wp:featuredmedia":[{"embeddable":true,"href":"https:\/\/cernelic.hr\/en\/wp-json\/wp\/v2\/media\/124989"}],"wp:attachment":[{"href":"https:\/\/cernelic.hr\/en\/wp-json\/wp\/v2\/media?parent=126008"}],"wp:term":[{"taxonomy":"product_brand","embeddable":true,"href":"https:\/\/cernelic.hr\/en\/wp-json\/wp\/v2\/product_brand?post=126008"},{"taxonomy":"product_cat","embeddable":true,"href":"https:\/\/cernelic.hr\/en\/wp-json\/wp\/v2\/product_cat?post=126008"},{"taxonomy":"product_tag","embeddable":true,"href":"https:\/\/cernelic.hr\/en\/wp-json\/wp\/v2\/product_tag?post=126008"},{"taxonomy":"berocket_brand","embeddable":true,"href":"https:\/\/cernelic.hr\/en\/wp-json\/wp\/v2\/berocket_brand?post=126008"}],"curies":[{"name":"wp","href":"https:\/\/api.w.org\/{rel}","templated":true}]}}