{"id":126009,"date":"2022-09-20T06:28:26","date_gmt":"2022-09-20T06:28:26","guid":{"rendered":"https:\/\/cernelic.hr\/proizvod\/tub-by-schonbuch\/"},"modified":"2023-12-08T11:01:06","modified_gmt":"2023-12-08T11:01:06","slug":"tub-by-schonbuch","status":"publish","type":"product","link":"https:\/\/cernelic.hr\/en\/proizvod\/tub-by-schonbuch\/","title":{"rendered":"TUB by Sch\u00f6nbuch"},"content":{"rendered":"<p>Vrhunac ru\u010dne izrade. Linija TUB govori o uzbudljivoj me\u0111uigri izme\u0111u pravih kutova i zakrivljenih povr\u0161ina i spajanju jasnog dizajna s apsolutnom prakti\u010dno\u0161\u0107u \u2013 interpretiranom u drvu i metalu. Polica nudi zgodno skladi\u0161tenje i idealna je za dr\u017eanje cipela u ulaznim prostorima. Linija TUB tako\u0111er uklju\u010duje konzolni stol, klupu i tabure kako bi upotpunila dizajn interijera.<\/p>\n","protected":false},"excerpt":{"rendered":"<p>Vrhunac ru\u010dne izrade. Linija TUB govori o uzbudljivoj me\u0111uigri izme\u0111u pravih kutova i zakrivljenih povr\u0161ina i spajanju jasnog dizajna s apsolutnom prakti\u010dno\u0161\u0107u \u2013 interpretiranom u drvu i metalu. Polica nudi zgodno skladi\u0161tenje i idealna je za dr\u017eanje cipela u ulaznim prostorima. Linija TUB tako\u0111er uklju\u010duje konzolni stol, klupu i tabure kako bi upotpunila dizajn interijera.<\/p>\n","protected":false},"featured_media":124717,"template":"","meta":{"_acf_changed":false},"product_brand":[],"product_cat":[3078,3248,2514,3086,3249,3170,3071,3175,3147,2111,3041,2105,2085,3070,2061,2068,2073,2092],"product_tag":[],"berocket_brand":[3259],"class_list":{"0":"post-126009","1":"product","2":"type-product","3":"status-publish","4":"has-post-thumbnail","6":"product_cat-accessories-namjestaj-za-urede","7":"product_cat-accessories-javni","8":"product_cat-accessories","9":"product_cat-accessories-uredi","10":"product_cat-accessories-dvorane","11":"product_cat-accessories-rezidencijalni","12":"product_cat-accessories-proizvodi-accessories","13":"product_cat-accessories-horeca-prostori","14":"product_cat-accessories-za-unutarnje-prostore-accessories-proizvodi-accessories","15":"product_cat-dvorane","16":"product_cat-horeca-prostori","17":"product_cat-javni","18":"product_cat-namjestaj-za-urede","19":"product_cat-proizvodi-accessories","20":"product_cat-proizvodi","21":"product_cat-prostori","22":"product_cat-rezidencijalni","23":"product_cat-uredi","24":"berocket_brand-schonbuch","26":"first","27":"instock","28":"product-type-grouped"},"acf":[],"_links":{"self":[{"href":"https:\/\/cernelic.hr\/en\/wp-json\/wp\/v2\/product\/126009","targetHints":{"allow":["GET"]}}],"collection":[{"href":"https:\/\/cernelic.hr\/en\/wp-json\/wp\/v2\/product"}],"about":[{"href":"https:\/\/cernelic.hr\/en\/wp-json\/wp\/v2\/types\/product"}],"wp:featuredmedia":[{"embeddable":true,"href":"https:\/\/cernelic.hr\/en\/wp-json\/wp\/v2\/media\/124717"}],"wp:attachment":[{"href":"https:\/\/cernelic.hr\/en\/wp-json\/wp\/v2\/media?parent=126009"}],"wp:term":[{"taxonomy":"product_brand","embeddable":true,"href":"https:\/\/cernelic.hr\/en\/wp-json\/wp\/v2\/product_brand?post=126009"},{"taxonomy":"product_cat","embeddable":true,"href":"https:\/\/cernelic.hr\/en\/wp-json\/wp\/v2\/product_cat?post=126009"},{"taxonomy":"product_tag","embeddable":true,"href":"https:\/\/cernelic.hr\/en\/wp-json\/wp\/v2\/product_tag?post=126009"},{"taxonomy":"berocket_brand","embeddable":true,"href":"https:\/\/cernelic.hr\/en\/wp-json\/wp\/v2\/berocket_brand?post=126009"}],"curies":[{"name":"wp","href":"https:\/\/api.w.org\/{rel}","templated":true}]}}