{"id":126010,"date":"2022-09-20T06:28:26","date_gmt":"2022-09-20T06:28:26","guid":{"rendered":"https:\/\/cernelic.hr\/proizvod\/urban-by-schonbuch\/"},"modified":"2023-12-08T11:22:58","modified_gmt":"2023-12-08T11:22:58","slug":"urban-by-schonbuch","status":"publish","type":"product","link":"https:\/\/cernelic.hr\/en\/proizvod\/urban-by-schonbuch\/","title":{"rendered":"URBAN by Sch\u00f6nbuch"},"content":{"rendered":"<p>Linija URBAN je suvremena i prakti\u010dna. Minimalisti\u010dki stil je poja\u010dan snje\u017enobijelom bojom. Dostupan je u dvije \u0161irine, manja verzija s \u0161ipkom za vje\u0161anje i dvije kuke, a ve\u0107a verzija s dvije \u0161ipke za vje\u0161anje i tri kuke.<br \/>\nURBAN je idealno rje\u0161enje za pohranu kaputa, \u010dak i u sku\u010denim prostorima, bilo za ure\u0111enje ku\u0107e ili za ure\u0111enje hotela. Linija URBAN tako\u0111er uklju\u010duje klupu, niski regal i komodu. Jasan koncept \u2013 jednobojan i svestran.<\/p>\n","protected":false},"excerpt":{"rendered":"<p>Linija URBAN je suvremena i prakti\u010dna. Minimalisti\u010dki stil je poja\u010dan snje\u017enobijelom bojom. Dostupan je u dvije \u0161irine, manja verzija s \u0161ipkom za vje\u0161anje i dvije kuke, a ve\u0107a verzija s dvije \u0161ipke za vje\u0161anje i tri kuke. URBAN je idealno rje\u0161enje za pohranu kaputa, \u010dak i u sku\u010denim prostorima, bilo za ure\u0111enje ku\u0107e ili za [&hellip;]<\/p>\n","protected":false},"featured_media":126246,"template":"","meta":{"_acf_changed":false},"product_brand":[],"product_cat":[3086,3248,3249,3071,3170,3078,3175,2514,3147,2111,3041,2105,2085,3143,3070,2061,2068,2073,2092],"product_tag":[],"berocket_brand":[3259],"class_list":{"0":"post-126010","1":"product","2":"type-product","3":"status-publish","4":"has-post-thumbnail","6":"product_cat-accessories-uredi","7":"product_cat-accessories-javni","8":"product_cat-accessories-dvorane","9":"product_cat-accessories-proizvodi-accessories","10":"product_cat-accessories-rezidencijalni","11":"product_cat-accessories-namjestaj-za-urede","12":"product_cat-accessories-horeca-prostori","13":"product_cat-accessories","14":"product_cat-accessories-za-unutarnje-prostore-accessories-proizvodi-accessories","15":"product_cat-dvorane","16":"product_cat-horeca-prostori","17":"product_cat-javni","18":"product_cat-namjestaj-za-urede","19":"product_cat-ogledala","20":"product_cat-proizvodi-accessories","21":"product_cat-proizvodi","22":"product_cat-prostori","23":"product_cat-rezidencijalni","24":"product_cat-uredi","25":"berocket_brand-schonbuch","27":"first","28":"instock","29":"product-type-grouped"},"acf":[],"_links":{"self":[{"href":"https:\/\/cernelic.hr\/en\/wp-json\/wp\/v2\/product\/126010","targetHints":{"allow":["GET"]}}],"collection":[{"href":"https:\/\/cernelic.hr\/en\/wp-json\/wp\/v2\/product"}],"about":[{"href":"https:\/\/cernelic.hr\/en\/wp-json\/wp\/v2\/types\/product"}],"wp:featuredmedia":[{"embeddable":true,"href":"https:\/\/cernelic.hr\/en\/wp-json\/wp\/v2\/media\/126246"}],"wp:attachment":[{"href":"https:\/\/cernelic.hr\/en\/wp-json\/wp\/v2\/media?parent=126010"}],"wp:term":[{"taxonomy":"product_brand","embeddable":true,"href":"https:\/\/cernelic.hr\/en\/wp-json\/wp\/v2\/product_brand?post=126010"},{"taxonomy":"product_cat","embeddable":true,"href":"https:\/\/cernelic.hr\/en\/wp-json\/wp\/v2\/product_cat?post=126010"},{"taxonomy":"product_tag","embeddable":true,"href":"https:\/\/cernelic.hr\/en\/wp-json\/wp\/v2\/product_tag?post=126010"},{"taxonomy":"berocket_brand","embeddable":true,"href":"https:\/\/cernelic.hr\/en\/wp-json\/wp\/v2\/berocket_brand?post=126010"}],"curies":[{"name":"wp","href":"https:\/\/api.w.org\/{rel}","templated":true}]}}