{"id":126012,"date":"2022-09-20T06:28:26","date_gmt":"2022-09-20T06:28:26","guid":{"rendered":"https:\/\/cernelic.hr\/proizvod\/akira-by-schonbuch\/"},"modified":"2023-12-08T11:08:54","modified_gmt":"2023-12-08T11:08:54","slug":"akira-by-schonbuch","status":"publish","type":"product","link":"https:\/\/cernelic.hr\/en\/proizvod\/akira-by-schonbuch\/","title":{"rendered":"AKIRA by Sch\u00f6nbuch"},"content":{"rendered":"<p>AKIRA je poseban upe\u010datljiv komad koji pretvara mjesto za pisanje u ugodno uto\u010di\u0161te. Radna povr\u0161ina se mo\u017ee pro\u0161iriti kori\u0161tenjem mehanizma za otvaranje. Na suprotnoj strani radne povr\u0161ine nalazi se dodatni pretinac za dr\u017eanje olovaka i drugog uredskog pribora. Napola je prekriveno kliznim poklopcem koji nudi jednostavan pristup sadr\u017eaju i pru\u017ea zgodno mjesto za izlaganje kolekcionarskih predmeta, privjesaka za sre\u0107u i sli\u010dno. Fiksna polica skriva dvije elektri\u010dne uti\u010dnice. Bilo u ku\u0107nim uredima ili kao omiljeno mjesto za privatno dru\u017eenje i razgovore, AKIRA je vrlo svestran i razigran, ali i koristan dodatak svakom prostoru, bilo za ure\u0111enje stana, ure\u0111enje ku\u0107e ili hotela.<\/p>\n","protected":false},"excerpt":{"rendered":"<p>AKIRA je poseban upe\u010datljiv komad koji pretvara mjesto za pisanje u ugodno uto\u010di\u0161te. Radna povr\u0161ina se mo\u017ee pro\u0161iriti kori\u0161tenjem mehanizma za otvaranje. Na suprotnoj strani radne povr\u0161ine nalazi se dodatni pretinac za dr\u017eanje olovaka i drugog uredskog pribora. Napola je prekriveno kliznim poklopcem koji nudi jednostavan pristup sadr\u017eaju i pru\u017ea zgodno mjesto za izlaganje kolekcionarskih [&hellip;]<\/p>\n","protected":false},"featured_media":124908,"template":"","meta":{"_acf_changed":false},"product_brand":[],"product_cat":[3041,3162,3294,3164,3165,2171,3166,2061,2068,2073],"product_tag":[],"berocket_brand":[3259],"class_list":{"0":"post-126012","1":"product","2":"type-product","3":"status-publish","4":"has-post-thumbnail","6":"product_cat-horeca-prostori","7":"product_cat-komode","8":"product_cat-namjestaj-za-djecje-sobe","9":"product_cat-namjestaj-za-hotelske-sobe","10":"product_cat-ormari-i-komode-horeca-prostori","11":"product_cat-ormari-i-komode","12":"product_cat-ormari-i-komode-rezidencijalni","13":"product_cat-proizvodi","14":"product_cat-prostori","15":"product_cat-rezidencijalni","16":"berocket_brand-schonbuch","18":"first","19":"instock","20":"product-type-grouped"},"acf":[],"_links":{"self":[{"href":"https:\/\/cernelic.hr\/en\/wp-json\/wp\/v2\/product\/126012","targetHints":{"allow":["GET"]}}],"collection":[{"href":"https:\/\/cernelic.hr\/en\/wp-json\/wp\/v2\/product"}],"about":[{"href":"https:\/\/cernelic.hr\/en\/wp-json\/wp\/v2\/types\/product"}],"wp:featuredmedia":[{"embeddable":true,"href":"https:\/\/cernelic.hr\/en\/wp-json\/wp\/v2\/media\/124908"}],"wp:attachment":[{"href":"https:\/\/cernelic.hr\/en\/wp-json\/wp\/v2\/media?parent=126012"}],"wp:term":[{"taxonomy":"product_brand","embeddable":true,"href":"https:\/\/cernelic.hr\/en\/wp-json\/wp\/v2\/product_brand?post=126012"},{"taxonomy":"product_cat","embeddable":true,"href":"https:\/\/cernelic.hr\/en\/wp-json\/wp\/v2\/product_cat?post=126012"},{"taxonomy":"product_tag","embeddable":true,"href":"https:\/\/cernelic.hr\/en\/wp-json\/wp\/v2\/product_tag?post=126012"},{"taxonomy":"berocket_brand","embeddable":true,"href":"https:\/\/cernelic.hr\/en\/wp-json\/wp\/v2\/berocket_brand?post=126012"}],"curies":[{"name":"wp","href":"https:\/\/api.w.org\/{rel}","templated":true}]}}