{"id":126013,"date":"2022-09-20T06:28:26","date_gmt":"2022-09-20T06:28:26","guid":{"rendered":"https:\/\/cernelic.hr\/proizvod\/albert-by-schonbuch\/"},"modified":"2023-12-08T11:08:57","modified_gmt":"2023-12-08T11:08:57","slug":"albert-by-schonbuch","status":"publish","type":"product","link":"https:\/\/cernelic.hr\/en\/proizvod\/albert-by-schonbuch\/","title":{"rendered":"ALBERT by Sch\u00f6nbuch"},"content":{"rendered":"<p>Moderan pomo\u0107nik. Pomo\u0107ni stoli\u0107 ALBERT je \u010dist, dekorativan, ali i vrlo svestran. Savr\u0161en kao pomo\u0107ni stol u dnevnim sobama, ali tako\u0111er dobro funkcionira i u hodnicima i ku\u0107nim uredima. Nadahnut arhitekturom iz 1950-ih, stoli\u0107 ide uz svaki dizajn interijera. Njegova moderna elegancija privla\u010di poglede gdje god se nalazili. Gornja polica izra\u0111ena je od stakla, obojana na pole\u0111ini kako bi odgovarala ostatku stola. Jasan dizajn, profinjen i uvjerljiv.<\/p>\n","protected":false},"excerpt":{"rendered":"<p>Moderan pomo\u0107nik. Pomo\u0107ni stoli\u0107 ALBERT je \u010dist, dekorativan, ali i vrlo svestran. Savr\u0161en kao pomo\u0107ni stol u dnevnim sobama, ali tako\u0111er dobro funkcionira i u hodnicima i ku\u0107nim uredima. Nadahnut arhitekturom iz 1950-ih, stoli\u0107 ide uz svaki dizajn interijera. Njegova moderna elegancija privla\u010di poglede gdje god se nalazili. Gornja polica izra\u0111ena je od stakla, obojana [&hellip;]<\/p>\n","protected":false},"featured_media":124910,"template":"","meta":{"_acf_changed":false},"product_brand":[],"product_cat":[3248,3071,3086,2514,3170,3175,3147,3041,2105,3137,3130,2061,3070,2068,2073,2118,3139,3134,2092],"product_tag":[],"berocket_brand":[3259],"class_list":{"0":"post-126013","1":"product","2":"type-product","3":"status-publish","4":"has-post-thumbnail","6":"product_cat-accessories-javni","7":"product_cat-accessories-proizvodi-accessories","8":"product_cat-accessories-uredi","9":"product_cat-accessories","10":"product_cat-accessories-rezidencijalni","11":"product_cat-accessories-horeca-prostori","12":"product_cat-accessories-za-unutarnje-prostore-accessories-proizvodi-accessories","13":"product_cat-horeca-prostori","14":"product_cat-javni","15":"product_cat-niski-klubski-stolici-za-unutarnje-prostore","16":"product_cat-niski-stolovi-za-unutarnje-prostore","17":"product_cat-proizvodi","18":"product_cat-proizvodi-accessories","19":"product_cat-prostori","20":"product_cat-rezidencijalni","21":"product_cat-stolovi","22":"product_cat-stolovi-za-unutarnje-prostore-javni","23":"product_cat-stolovi-za-unutarnje-prostore-horeca-prostori","24":"product_cat-uredi","25":"berocket_brand-schonbuch","27":"first","28":"instock","29":"product-type-grouped"},"acf":[],"_links":{"self":[{"href":"https:\/\/cernelic.hr\/en\/wp-json\/wp\/v2\/product\/126013","targetHints":{"allow":["GET"]}}],"collection":[{"href":"https:\/\/cernelic.hr\/en\/wp-json\/wp\/v2\/product"}],"about":[{"href":"https:\/\/cernelic.hr\/en\/wp-json\/wp\/v2\/types\/product"}],"wp:featuredmedia":[{"embeddable":true,"href":"https:\/\/cernelic.hr\/en\/wp-json\/wp\/v2\/media\/124910"}],"wp:attachment":[{"href":"https:\/\/cernelic.hr\/en\/wp-json\/wp\/v2\/media?parent=126013"}],"wp:term":[{"taxonomy":"product_brand","embeddable":true,"href":"https:\/\/cernelic.hr\/en\/wp-json\/wp\/v2\/product_brand?post=126013"},{"taxonomy":"product_cat","embeddable":true,"href":"https:\/\/cernelic.hr\/en\/wp-json\/wp\/v2\/product_cat?post=126013"},{"taxonomy":"product_tag","embeddable":true,"href":"https:\/\/cernelic.hr\/en\/wp-json\/wp\/v2\/product_tag?post=126013"},{"taxonomy":"berocket_brand","embeddable":true,"href":"https:\/\/cernelic.hr\/en\/wp-json\/wp\/v2\/berocket_brand?post=126013"}],"curies":[{"name":"wp","href":"https:\/\/api.w.org\/{rel}","templated":true}]}}