{"id":126015,"date":"2022-09-20T06:28:26","date_gmt":"2022-09-20T06:28:26","guid":{"rendered":"https:\/\/cernelic.hr\/proizvod\/ant-by-schonbuch\/"},"modified":"2023-12-08T11:09:09","modified_gmt":"2023-12-08T11:09:09","slug":"ant-by-schonbuch","status":"publish","type":"product","link":"https:\/\/cernelic.hr\/en\/proizvod\/ant-by-schonbuch\/","title":{"rendered":"ANT by Sch\u00f6nbuch"},"content":{"rendered":"<p>Asimetri\u010dni dizajn pomo\u0107nog stoli\u0107a ANT jednako je fascinantan koliko i upe\u010datljiv. Donji okvir od punog drva podupire gornji dio izvan sredi\u0161njeg polo\u017eaja, daju\u0107i cjelokupnom dizajnu izgled poput mrava; nje\u017ean, ali uvjerljiv u svojoj prakti\u010dnosti. ANT je vrlo svestran i idealan za pohranjivanje raznih sitnica. Suvremeni must-have idealan za ure\u0111enje stana ili ure\u0111enje ureda.<\/p>\n","protected":false},"excerpt":{"rendered":"<p>Asimetri\u010dni dizajn pomo\u0107nog stoli\u0107a ANT jednako je fascinantan koliko i upe\u010datljiv. Donji okvir od punog drva podupire gornji dio izvan sredi\u0161njeg polo\u017eaja, daju\u0107i cjelokupnom dizajnu izgled poput mrava; nje\u017ean, ali uvjerljiv u svojoj prakti\u010dnosti. ANT je vrlo svestran i idealan za pohranjivanje raznih sitnica. Suvremeni must-have idealan za ure\u0111enje stana ili ure\u0111enje ureda.<\/p>\n","protected":false},"featured_media":124915,"template":"","meta":{"_acf_changed":false},"product_brand":[],"product_cat":[3041,2105,3131,3132,3137,3130,2061,2068,2073,2118,3139,3134,2092],"product_tag":[],"berocket_brand":[3259],"class_list":{"0":"post-126015","1":"product","2":"type-product","3":"status-publish","4":"has-post-thumbnail","6":"product_cat-horeca-prostori","7":"product_cat-javni","8":"product_cat-namjestaj-za-neformalne-sastanke-i-druzenje","9":"product_cat-namjestaj-za-predprostore-i-cekaone","10":"product_cat-niski-klubski-stolici-za-unutarnje-prostore","11":"product_cat-niski-stolovi-za-unutarnje-prostore","12":"product_cat-proizvodi","13":"product_cat-prostori","14":"product_cat-rezidencijalni","15":"product_cat-stolovi","16":"product_cat-stolovi-za-unutarnje-prostore-javni","17":"product_cat-stolovi-za-unutarnje-prostore-horeca-prostori","18":"product_cat-uredi","19":"berocket_brand-schonbuch","21":"first","22":"instock","23":"product-type-grouped"},"acf":[],"_links":{"self":[{"href":"https:\/\/cernelic.hr\/en\/wp-json\/wp\/v2\/product\/126015","targetHints":{"allow":["GET"]}}],"collection":[{"href":"https:\/\/cernelic.hr\/en\/wp-json\/wp\/v2\/product"}],"about":[{"href":"https:\/\/cernelic.hr\/en\/wp-json\/wp\/v2\/types\/product"}],"wp:featuredmedia":[{"embeddable":true,"href":"https:\/\/cernelic.hr\/en\/wp-json\/wp\/v2\/media\/124915"}],"wp:attachment":[{"href":"https:\/\/cernelic.hr\/en\/wp-json\/wp\/v2\/media?parent=126015"}],"wp:term":[{"taxonomy":"product_brand","embeddable":true,"href":"https:\/\/cernelic.hr\/en\/wp-json\/wp\/v2\/product_brand?post=126015"},{"taxonomy":"product_cat","embeddable":true,"href":"https:\/\/cernelic.hr\/en\/wp-json\/wp\/v2\/product_cat?post=126015"},{"taxonomy":"product_tag","embeddable":true,"href":"https:\/\/cernelic.hr\/en\/wp-json\/wp\/v2\/product_tag?post=126015"},{"taxonomy":"berocket_brand","embeddable":true,"href":"https:\/\/cernelic.hr\/en\/wp-json\/wp\/v2\/berocket_brand?post=126015"}],"curies":[{"name":"wp","href":"https:\/\/api.w.org\/{rel}","templated":true}]}}