{"id":126017,"date":"2022-09-20T06:28:26","date_gmt":"2022-09-20T06:28:26","guid":{"rendered":"https:\/\/cernelic.hr\/proizvod\/collect-make-up-table-by-schonbuch\/"},"modified":"2023-12-08T11:09:54","modified_gmt":"2023-12-08T11:09:54","slug":"collect-make-up-table-by-schonbuch","status":"publish","type":"product","link":"https:\/\/cernelic.hr\/en\/proizvod\/collect-make-up-table-by-schonbuch\/","title":{"rendered":"COLLECT Make-up table by Sch\u00f6nbuch"},"content":{"rendered":"<p>Stol za \u0161minkanje COLLECT sa svojih sedam ladica razli\u010ditih veli\u010dina apsolutno je remek-djelo. Sredi\u0161nji dio plo\u010de stola potpuno se otvara kako bi se otkrilo ugra\u0111eno ogledalo iznutra. Odgovaraju\u0107a klupa savr\u0161en je dodatak za ure\u0111enje stana ili ure\u0111enje ku\u0107e. Dostupna je i komoda COLLECT, dizajnirana da odgovara svakom stilu interijera.<\/p>\n","protected":false},"excerpt":{"rendered":"<p>Stol za \u0161minkanje COLLECT sa svojih sedam ladica razli\u010ditih veli\u010dina apsolutno je remek-djelo. Sredi\u0161nji dio plo\u010de stola potpuno se otvara kako bi se otkrilo ugra\u0111eno ogledalo iznutra. Odgovaraju\u0107a klupa savr\u0161en je dodatak za ure\u0111enje stana ili ure\u0111enje ku\u0107e. Dostupna je i komoda COLLECT, dizajnirana da odgovara svakom stilu interijera.<\/p>\n","protected":false},"featured_media":124928,"template":"","meta":{"_acf_changed":false},"product_brand":[],"product_cat":[3041,3164,2061,2068,2073,2087,3100,3104,3108,2118,3181,3182,3134],"product_tag":[],"berocket_brand":[3259],"class_list":{"0":"post-126017","1":"product","2":"type-product","3":"status-publish","4":"has-post-thumbnail","6":"product_cat-horeca-prostori","7":"product_cat-namjestaj-za-hotelske-sobe","8":"product_cat-proizvodi","9":"product_cat-prostori","10":"product_cat-rezidencijalni","11":"product_cat-stolice","12":"product_cat-stolice-za-unutarnje-prostore","13":"product_cat-stolice-za-unutarnje-prostore-horeca-prostori","14":"product_cat-stolice-za-unutarnje-prostore-rezidencijalni","15":"product_cat-stolovi","16":"product_cat-stolovi-za-unutarnje-prostore-stolovi","17":"product_cat-stolovi-za-unutarnje-prostore-rezidencijalni","18":"product_cat-stolovi-za-unutarnje-prostore-horeca-prostori","19":"berocket_brand-schonbuch","21":"first","22":"instock","23":"product-type-grouped"},"acf":[],"_links":{"self":[{"href":"https:\/\/cernelic.hr\/en\/wp-json\/wp\/v2\/product\/126017","targetHints":{"allow":["GET"]}}],"collection":[{"href":"https:\/\/cernelic.hr\/en\/wp-json\/wp\/v2\/product"}],"about":[{"href":"https:\/\/cernelic.hr\/en\/wp-json\/wp\/v2\/types\/product"}],"wp:featuredmedia":[{"embeddable":true,"href":"https:\/\/cernelic.hr\/en\/wp-json\/wp\/v2\/media\/124928"}],"wp:attachment":[{"href":"https:\/\/cernelic.hr\/en\/wp-json\/wp\/v2\/media?parent=126017"}],"wp:term":[{"taxonomy":"product_brand","embeddable":true,"href":"https:\/\/cernelic.hr\/en\/wp-json\/wp\/v2\/product_brand?post=126017"},{"taxonomy":"product_cat","embeddable":true,"href":"https:\/\/cernelic.hr\/en\/wp-json\/wp\/v2\/product_cat?post=126017"},{"taxonomy":"product_tag","embeddable":true,"href":"https:\/\/cernelic.hr\/en\/wp-json\/wp\/v2\/product_tag?post=126017"},{"taxonomy":"berocket_brand","embeddable":true,"href":"https:\/\/cernelic.hr\/en\/wp-json\/wp\/v2\/berocket_brand?post=126017"}],"curies":[{"name":"wp","href":"https:\/\/api.w.org\/{rel}","templated":true}]}}