{"id":126019,"date":"2022-09-20T06:28:26","date_gmt":"2022-09-20T06:28:26","guid":{"rendered":"https:\/\/cernelic.hr\/proizvod\/rack-side-table-by-schonbuch\/"},"modified":"2023-12-08T11:11:59","modified_gmt":"2023-12-08T11:11:59","slug":"rack-side-table-by-schonbuch","status":"publish","type":"product","link":"https:\/\/cernelic.hr\/en\/proizvod\/rack-side-table-by-schonbuch\/","title":{"rendered":"RACK side table by Sch\u00f6nbuch"},"content":{"rendered":"<p>Pomo\u0107ni stoli\u0107 iz linije RACK kombinira jasnu prakti\u010dnost s elegantnim izgledom. Njegov puristi\u010dki stil \u010dini ga savr\u0161enim timskim igra\u010dem u bilo kojem okru\u017eenju. A za improvizirano spremanje tijekom ki\u0161nih dana, lako se mo\u017ee okrenuti i koristiti kao stalak za ki\u0161obrane, dodaju\u0107i dodatnu dimenziju njegovoj prakti\u010dnosti. Linija RACK tako\u0111er uklju\u010duje konzolni stoli\u0107, stalak za kapute, zidnu vje\u0161alicu za kapute i stalak za ki\u0161obrane. Jednostavan, posebno svestran uklapa se u svaki dizajn interijera.<\/p>\n","protected":false},"excerpt":{"rendered":"<p>Pomo\u0107ni stoli\u0107 iz linije RACK kombinira jasnu prakti\u010dnost s elegantnim izgledom. Njegov puristi\u010dki stil \u010dini ga savr\u0161enim timskim igra\u010dem u bilo kojem okru\u017eenju. A za improvizirano spremanje tijekom ki\u0161nih dana, lako se mo\u017ee okrenuti i koristiti kao stalak za ki\u0161obrane, dodaju\u0107i dodatnu dimenziju njegovoj prakti\u010dnosti. Linija RACK tako\u0111er uklju\u010duje konzolni stoli\u0107, stalak za kapute, zidnu [&hellip;]<\/p>\n","protected":false},"featured_media":124972,"template":"","meta":{"_acf_changed":false},"product_brand":[],"product_cat":[3041,2105,3131,3132,3137,3130,2061,2068,2073,2118,3139,3134,2092],"product_tag":[],"berocket_brand":[3259],"class_list":{"0":"post-126019","1":"product","2":"type-product","3":"status-publish","4":"has-post-thumbnail","6":"product_cat-horeca-prostori","7":"product_cat-javni","8":"product_cat-namjestaj-za-neformalne-sastanke-i-druzenje","9":"product_cat-namjestaj-za-predprostore-i-cekaone","10":"product_cat-niski-klubski-stolici-za-unutarnje-prostore","11":"product_cat-niski-stolovi-za-unutarnje-prostore","12":"product_cat-proizvodi","13":"product_cat-prostori","14":"product_cat-rezidencijalni","15":"product_cat-stolovi","16":"product_cat-stolovi-za-unutarnje-prostore-javni","17":"product_cat-stolovi-za-unutarnje-prostore-horeca-prostori","18":"product_cat-uredi","19":"berocket_brand-schonbuch","21":"first","22":"instock","23":"product-type-grouped"},"acf":[],"_links":{"self":[{"href":"https:\/\/cernelic.hr\/en\/wp-json\/wp\/v2\/product\/126019","targetHints":{"allow":["GET"]}}],"collection":[{"href":"https:\/\/cernelic.hr\/en\/wp-json\/wp\/v2\/product"}],"about":[{"href":"https:\/\/cernelic.hr\/en\/wp-json\/wp\/v2\/types\/product"}],"wp:featuredmedia":[{"embeddable":true,"href":"https:\/\/cernelic.hr\/en\/wp-json\/wp\/v2\/media\/124972"}],"wp:attachment":[{"href":"https:\/\/cernelic.hr\/en\/wp-json\/wp\/v2\/media?parent=126019"}],"wp:term":[{"taxonomy":"product_brand","embeddable":true,"href":"https:\/\/cernelic.hr\/en\/wp-json\/wp\/v2\/product_brand?post=126019"},{"taxonomy":"product_cat","embeddable":true,"href":"https:\/\/cernelic.hr\/en\/wp-json\/wp\/v2\/product_cat?post=126019"},{"taxonomy":"product_tag","embeddable":true,"href":"https:\/\/cernelic.hr\/en\/wp-json\/wp\/v2\/product_tag?post=126019"},{"taxonomy":"berocket_brand","embeddable":true,"href":"https:\/\/cernelic.hr\/en\/wp-json\/wp\/v2\/berocket_brand?post=126019"}],"curies":[{"name":"wp","href":"https:\/\/api.w.org\/{rel}","templated":true}]}}