{"id":126020,"date":"2022-09-20T06:28:26","date_gmt":"2022-09-20T06:28:26","guid":{"rendered":"https:\/\/cernelic.hr\/proizvod\/sphere-by-schonbuch\/"},"modified":"2023-12-08T11:12:45","modified_gmt":"2023-12-08T11:12:45","slug":"sphere-by-schonbuch","status":"publish","type":"product","link":"https:\/\/cernelic.hr\/en\/proizvod\/sphere-by-schonbuch\/","title":{"rendered":"SPHERE by Sch\u00f6nbuch"},"content":{"rendered":"<p>Toaletni stol SPHERE suvremeni je element s minimalisti\u010dki pogledom na klasi\u010dan komad namje\u0161taja. Dizajniran u jasnim, geometrijskim oblicima, dostupan je sa ili bez velikog, okretnog zrcala. Za dodatnu za\u0161titu, otporni nano premaz mo\u017ee se naru\u010diti za plo\u010du stola. Plo\u010da stola tako\u0111er uklju\u010duje uredan detalj: usku, izdu\u017eenu, pokrivenu kutiju, koja se mo\u017ee opremiti elektri\u010dnom uti\u010dnicom ili koristiti kao mjesto za pohranjivanje kistova za \u0161minku. Ako se SPHERE koristi kao pisa\u0107i ormari\u0107, integralna kutija idealna je za dr\u017eanje pribora za pisanje. Ispod plo\u010de stola su dvije plitke ladice. Jastuk sjedala mo\u017ee biti presvu\u010den izborom elegantnih tkanina i ko\u017ee. Bilo da se radi o stolu za \u0161minkanje ili komodi, SPHERE je vrhunac svakog prostora komplementiraju\u0107i svako opremanje po mjeri.<\/p>\n","protected":false},"excerpt":{"rendered":"<p>Toaletni stol SPHERE suvremeni je element s minimalisti\u010dki pogledom na klasi\u010dan komad namje\u0161taja. Dizajniran u jasnim, geometrijskim oblicima, dostupan je sa ili bez velikog, okretnog zrcala. Za dodatnu za\u0161titu, otporni nano premaz mo\u017ee se naru\u010diti za plo\u010du stola. Plo\u010da stola tako\u0111er uklju\u010duje uredan detalj: usku, izdu\u017eenu, pokrivenu kutiju, koja se mo\u017ee opremiti elektri\u010dnom uti\u010dnicom ili [&hellip;]<\/p>\n","protected":false},"featured_media":124983,"template":"","meta":{"_acf_changed":false},"product_brand":[],"product_cat":[3041,3164,2061,2068,2073,2087,3100,3104,3108,2118,3181,3182,3134],"product_tag":[],"berocket_brand":[3259],"class_list":{"0":"post-126020","1":"product","2":"type-product","3":"status-publish","4":"has-post-thumbnail","6":"product_cat-horeca-prostori","7":"product_cat-namjestaj-za-hotelske-sobe","8":"product_cat-proizvodi","9":"product_cat-prostori","10":"product_cat-rezidencijalni","11":"product_cat-stolice","12":"product_cat-stolice-za-unutarnje-prostore","13":"product_cat-stolice-za-unutarnje-prostore-horeca-prostori","14":"product_cat-stolice-za-unutarnje-prostore-rezidencijalni","15":"product_cat-stolovi","16":"product_cat-stolovi-za-unutarnje-prostore-stolovi","17":"product_cat-stolovi-za-unutarnje-prostore-rezidencijalni","18":"product_cat-stolovi-za-unutarnje-prostore-horeca-prostori","19":"berocket_brand-schonbuch","21":"first","22":"instock","23":"product-type-grouped"},"acf":[],"_links":{"self":[{"href":"https:\/\/cernelic.hr\/en\/wp-json\/wp\/v2\/product\/126020","targetHints":{"allow":["GET"]}}],"collection":[{"href":"https:\/\/cernelic.hr\/en\/wp-json\/wp\/v2\/product"}],"about":[{"href":"https:\/\/cernelic.hr\/en\/wp-json\/wp\/v2\/types\/product"}],"wp:featuredmedia":[{"embeddable":true,"href":"https:\/\/cernelic.hr\/en\/wp-json\/wp\/v2\/media\/124983"}],"wp:attachment":[{"href":"https:\/\/cernelic.hr\/en\/wp-json\/wp\/v2\/media?parent=126020"}],"wp:term":[{"taxonomy":"product_brand","embeddable":true,"href":"https:\/\/cernelic.hr\/en\/wp-json\/wp\/v2\/product_brand?post=126020"},{"taxonomy":"product_cat","embeddable":true,"href":"https:\/\/cernelic.hr\/en\/wp-json\/wp\/v2\/product_cat?post=126020"},{"taxonomy":"product_tag","embeddable":true,"href":"https:\/\/cernelic.hr\/en\/wp-json\/wp\/v2\/product_tag?post=126020"},{"taxonomy":"berocket_brand","embeddable":true,"href":"https:\/\/cernelic.hr\/en\/wp-json\/wp\/v2\/berocket_brand?post=126020"}],"curies":[{"name":"wp","href":"https:\/\/api.w.org\/{rel}","templated":true}]}}