{"id":126021,"date":"2022-09-20T06:28:26","date_gmt":"2022-09-20T06:28:26","guid":{"rendered":"https:\/\/cernelic.hr\/proizvod\/upon-by-schonbuch\/"},"modified":"2023-12-08T11:13:02","modified_gmt":"2023-12-08T11:13:02","slug":"upon-by-schonbuch","status":"publish","type":"product","link":"https:\/\/cernelic.hr\/en\/proizvod\/upon-by-schonbuch\/","title":{"rendered":"UPON by Sch\u00f6nbuch"},"content":{"rendered":"<p>Stol UPON moderni je klasik kojeg karakterizira uzbudljiva kombinacija materijala. Privla\u010dan za o\u010di u svakom okru\u017eenju, stol zauzima sredi\u0161nje mjesto kao dekorativno rje\u0161enje za pohranu, a ujedno biva i savr\u0161eno postolje za cvjetne aran\u017emane. Odgovaraju\u0107a UPON klupa ima okvir u sli\u010dnom dizajnu sa sjedalom izra\u0111enim od drva s lakiranim zavr\u0161etkom koji nagla\u0161ava prirodne pore drveta. Puristi\u010dki i u\u010dinkovit, svojim stilom oboga\u0107uje svaki dizajn interijera.<\/p>\n","protected":false},"excerpt":{"rendered":"<p>Stol UPON moderni je klasik kojeg karakterizira uzbudljiva kombinacija materijala. Privla\u010dan za o\u010di u svakom okru\u017eenju, stol zauzima sredi\u0161nje mjesto kao dekorativno rje\u0161enje za pohranu, a ujedno biva i savr\u0161eno postolje za cvjetne aran\u017emane. Odgovaraju\u0107a UPON klupa ima okvir u sli\u010dnom dizajnu sa sjedalom izra\u0111enim od drva s lakiranim zavr\u0161etkom koji nagla\u0161ava prirodne pore drveta. [&hellip;]<\/p>\n","protected":false},"featured_media":124992,"template":"","meta":{"_acf_changed":false},"product_brand":[],"product_cat":[3041,2105,3137,3130,2061,2068,2073,2118,3139,3134],"product_tag":[],"berocket_brand":[3259],"class_list":{"0":"post-126021","1":"product","2":"type-product","3":"status-publish","4":"has-post-thumbnail","6":"product_cat-horeca-prostori","7":"product_cat-javni","8":"product_cat-niski-klubski-stolici-za-unutarnje-prostore","9":"product_cat-niski-stolovi-za-unutarnje-prostore","10":"product_cat-proizvodi","11":"product_cat-prostori","12":"product_cat-rezidencijalni","13":"product_cat-stolovi","14":"product_cat-stolovi-za-unutarnje-prostore-javni","15":"product_cat-stolovi-za-unutarnje-prostore-horeca-prostori","16":"berocket_brand-schonbuch","18":"first","19":"instock","20":"product-type-grouped"},"acf":[],"_links":{"self":[{"href":"https:\/\/cernelic.hr\/en\/wp-json\/wp\/v2\/product\/126021","targetHints":{"allow":["GET"]}}],"collection":[{"href":"https:\/\/cernelic.hr\/en\/wp-json\/wp\/v2\/product"}],"about":[{"href":"https:\/\/cernelic.hr\/en\/wp-json\/wp\/v2\/types\/product"}],"wp:featuredmedia":[{"embeddable":true,"href":"https:\/\/cernelic.hr\/en\/wp-json\/wp\/v2\/media\/124992"}],"wp:attachment":[{"href":"https:\/\/cernelic.hr\/en\/wp-json\/wp\/v2\/media?parent=126021"}],"wp:term":[{"taxonomy":"product_brand","embeddable":true,"href":"https:\/\/cernelic.hr\/en\/wp-json\/wp\/v2\/product_brand?post=126021"},{"taxonomy":"product_cat","embeddable":true,"href":"https:\/\/cernelic.hr\/en\/wp-json\/wp\/v2\/product_cat?post=126021"},{"taxonomy":"product_tag","embeddable":true,"href":"https:\/\/cernelic.hr\/en\/wp-json\/wp\/v2\/product_tag?post=126021"},{"taxonomy":"berocket_brand","embeddable":true,"href":"https:\/\/cernelic.hr\/en\/wp-json\/wp\/v2\/berocket_brand?post=126021"}],"curies":[{"name":"wp","href":"https:\/\/api.w.org\/{rel}","templated":true}]}}