{"id":126023,"date":"2022-09-20T06:28:26","date_gmt":"2022-09-20T06:28:26","guid":{"rendered":"https:\/\/cernelic.hr\/proizvod\/alma-bench-by-schonbuch\/"},"modified":"2023-12-08T11:08:59","modified_gmt":"2023-12-08T11:08:59","slug":"alma-bench-by-schonbuch","status":"publish","type":"product","link":"https:\/\/cernelic.hr\/en\/proizvod\/alma-bench-by-schonbuch\/","title":{"rendered":"ALMA Bench by Sch\u00f6nbuch"},"content":{"rendered":"<p>Jedan za sve. Klupa ALMA izra\u0111ena je od punog drva, jedinog materijala koji se mo\u017ee izraditi s takvom to\u010dno\u0161\u0107u. Linije i proporcije imaju ugodnu familijarnost zbog \u010dega je ALMA posebno primamljiva. Tako\u0111er se mo\u017ee koristiti na razne druge na\u010dine: u ulaznim i dnevnim prostorima ili ku\u0107nim uredima, na primjer, kao sjedalo, stoli\u0107 ili spremi\u0161te. Dostupna u dvije duljine, ALMA se tako\u0111er mo\u017ee naru\u010diti prema specifikaciji, s maksimalnom duljinom od 240 cm. ALMA je dostupna i u nauljenoj prirodnoj hrastovini. Promi\u0161ljena u svojoj jednostavnosti kako bi se uklopila u svaki dizajn interijera.<\/p>\n","protected":false},"excerpt":{"rendered":"<p>Jedan za sve. Klupa ALMA izra\u0111ena je od punog drva, jedinog materijala koji se mo\u017ee izraditi s takvom to\u010dno\u0161\u0107u. Linije i proporcije imaju ugodnu familijarnost zbog \u010dega je ALMA posebno primamljiva. Tako\u0111er se mo\u017ee koristiti na razne druge na\u010dine: u ulaznim i dnevnim prostorima ili ku\u0107nim uredima, na primjer, kao sjedalo, stoli\u0107 ili spremi\u0161te. Dostupna [&hellip;]<\/p>\n","protected":false},"featured_media":124911,"template":"","meta":{"_acf_changed":false},"product_brand":[],"product_cat":[3221,3116,3041,2105,3127,3133,3138,3131,3132,2085,2061,2068,2073,3108,2092],"product_tag":[],"berocket_brand":[3259],"class_list":{"0":"post-126023","1":"product","2":"type-product","3":"status-publish","4":"has-post-thumbnail","6":"product_cat-co-working-namjestaj","7":"product_cat-fotelje-garniture-proizvodi","8":"product_cat-horeca-prostori","9":"product_cat-javni","10":"product_cat-klupe-i-separei","11":"product_cat-klupe-i-separei-horeca-prostori","12":"product_cat-namjestaj-za-cekaonice-javni","13":"product_cat-namjestaj-za-neformalne-sastanke-i-druzenje","14":"product_cat-namjestaj-za-predprostore-i-cekaone","15":"product_cat-namjestaj-za-urede","16":"product_cat-proizvodi","17":"product_cat-prostori","18":"product_cat-rezidencijalni","19":"product_cat-stolice-za-unutarnje-prostore-rezidencijalni","20":"product_cat-uredi","21":"berocket_brand-schonbuch","23":"first","24":"instock","25":"product-type-grouped"},"acf":[],"_links":{"self":[{"href":"https:\/\/cernelic.hr\/en\/wp-json\/wp\/v2\/product\/126023","targetHints":{"allow":["GET"]}}],"collection":[{"href":"https:\/\/cernelic.hr\/en\/wp-json\/wp\/v2\/product"}],"about":[{"href":"https:\/\/cernelic.hr\/en\/wp-json\/wp\/v2\/types\/product"}],"wp:featuredmedia":[{"embeddable":true,"href":"https:\/\/cernelic.hr\/en\/wp-json\/wp\/v2\/media\/124911"}],"wp:attachment":[{"href":"https:\/\/cernelic.hr\/en\/wp-json\/wp\/v2\/media?parent=126023"}],"wp:term":[{"taxonomy":"product_brand","embeddable":true,"href":"https:\/\/cernelic.hr\/en\/wp-json\/wp\/v2\/product_brand?post=126023"},{"taxonomy":"product_cat","embeddable":true,"href":"https:\/\/cernelic.hr\/en\/wp-json\/wp\/v2\/product_cat?post=126023"},{"taxonomy":"product_tag","embeddable":true,"href":"https:\/\/cernelic.hr\/en\/wp-json\/wp\/v2\/product_tag?post=126023"},{"taxonomy":"berocket_brand","embeddable":true,"href":"https:\/\/cernelic.hr\/en\/wp-json\/wp\/v2\/berocket_brand?post=126023"}],"curies":[{"name":"wp","href":"https:\/\/api.w.org\/{rel}","templated":true}]}}