{"id":126024,"date":"2022-09-20T06:28:26","date_gmt":"2022-09-20T06:28:26","guid":{"rendered":"https:\/\/cernelic.hr\/proizvod\/amie-bench-by-schonbuch\/"},"modified":"2023-12-08T11:09:04","modified_gmt":"2023-12-08T11:09:04","slug":"amie-bench-by-schonbuch","status":"publish","type":"product","link":"https:\/\/cernelic.hr\/en\/proizvod\/amie-bench-by-schonbuch\/","title":{"rendered":"AMIE Bench by Sch\u00f6nbuch"},"content":{"rendered":"<p>Malen, ali savr\u0161eno oblikovan, AMIE stolac lako se premje\u0161ta s mjesta na mjesto. Za smje\u0161taj vi\u0161e ljudi, ili \u010dak samo kao posebno atraktivno mjesto za dr\u017eanje svakodnevnih stvari, tu je i AMIE klupa. Idealna za postavljanje na kraj kreveta. Sa \u0161irokim rasponom izdr\u017eljivih, visokokvalitetnih tkanina za namje\u0161taj koje mo\u017eete izabrati za pokriva\u010d, AMIE se mo\u017ee stilizirati u nizu mogu\u0107ih boja, od upe\u010datljivih do prigu\u0161enih. Donji okvir se tako\u0111er mo\u017ee naru\u010diti u izboru mat zavr\u0161etaka koji se mogu slobodno kombinirati s odabranom tkaninom, u kreativnom kontrastu ili kao nje\u017eni spoj. Ljepota koja dolazi u bezbroj opcija kako bi inspirirala nove ideje za ure\u0111enje.<\/p>\n","protected":false},"excerpt":{"rendered":"<p>Malen, ali savr\u0161eno oblikovan, AMIE stolac lako se premje\u0161ta s mjesta na mjesto. Za smje\u0161taj vi\u0161e ljudi, ili \u010dak samo kao posebno atraktivno mjesto za dr\u017eanje svakodnevnih stvari, tu je i AMIE klupa. Idealna za postavljanje na kraj kreveta. Sa \u0161irokim rasponom izdr\u017eljivih, visokokvalitetnih tkanina za namje\u0161taj koje mo\u017eete izabrati za pokriva\u010d, AMIE se mo\u017ee [&hellip;]<\/p>\n","protected":false},"featured_media":124913,"template":"","meta":{"_acf_changed":false},"product_brand":[],"product_cat":[2111,3116,3122,3123,3120,3124,3121,3041,2105,3131,2061,2068,2073,3128,2092],"product_tag":[],"berocket_brand":[3259],"class_list":{"0":"post-126024","1":"product","2":"type-product","3":"status-publish","4":"has-post-thumbnail","6":"product_cat-dvorane","7":"product_cat-fotelje-garniture-proizvodi","8":"product_cat-fotelje-i-garniture-unutarnje-prostore-rezidencijalni","9":"product_cat-fotelje-i-garniture-unutarnje-prostore-javni","10":"product_cat-fotelje-i-garniture-za-sjedenje-uredi","11":"product_cat-fotelje-i-garniture-za-unutarnje-prostore-dvorane","12":"product_cat-fotelje-i-garniture-za-unutarnje-prostore-horeca-prostori","13":"product_cat-horeca-prostori","14":"product_cat-javni","15":"product_cat-namjestaj-za-neformalne-sastanke-i-druzenje","16":"product_cat-proizvodi","17":"product_cat-prostori","18":"product_cat-rezidencijalni","19":"product_cat-taburei-fotelje-garniture-proizvodi","20":"product_cat-uredi","21":"berocket_brand-schonbuch","23":"first","24":"instock","25":"product-type-grouped"},"acf":[],"_links":{"self":[{"href":"https:\/\/cernelic.hr\/en\/wp-json\/wp\/v2\/product\/126024","targetHints":{"allow":["GET"]}}],"collection":[{"href":"https:\/\/cernelic.hr\/en\/wp-json\/wp\/v2\/product"}],"about":[{"href":"https:\/\/cernelic.hr\/en\/wp-json\/wp\/v2\/types\/product"}],"wp:featuredmedia":[{"embeddable":true,"href":"https:\/\/cernelic.hr\/en\/wp-json\/wp\/v2\/media\/124913"}],"wp:attachment":[{"href":"https:\/\/cernelic.hr\/en\/wp-json\/wp\/v2\/media?parent=126024"}],"wp:term":[{"taxonomy":"product_brand","embeddable":true,"href":"https:\/\/cernelic.hr\/en\/wp-json\/wp\/v2\/product_brand?post=126024"},{"taxonomy":"product_cat","embeddable":true,"href":"https:\/\/cernelic.hr\/en\/wp-json\/wp\/v2\/product_cat?post=126024"},{"taxonomy":"product_tag","embeddable":true,"href":"https:\/\/cernelic.hr\/en\/wp-json\/wp\/v2\/product_tag?post=126024"},{"taxonomy":"berocket_brand","embeddable":true,"href":"https:\/\/cernelic.hr\/en\/wp-json\/wp\/v2\/berocket_brand?post=126024"}],"curies":[{"name":"wp","href":"https:\/\/api.w.org\/{rel}","templated":true}]}}