{"id":126026,"date":"2022-09-20T06:28:26","date_gmt":"2022-09-20T06:28:26","guid":{"rendered":"https:\/\/cernelic.hr\/proizvod\/hans-stool-by-schonbuch\/"},"modified":"2023-12-08T11:10:53","modified_gmt":"2023-12-08T11:10:53","slug":"hans-stool-by-schonbuch","status":"publish","type":"product","link":"https:\/\/cernelic.hr\/en\/proizvod\/hans-stool-by-schonbuch\/","title":{"rendered":"HANS Stool by Sch\u00f6nbuch"},"content":{"rendered":"<p>Savr\u0161eno svestran. HANS je tabure izra\u0111en od punog drveta. Zahvaljuju\u0107i namjerno elegantnom, ali i klasi\u010dnom dizajnu, HANS dobro funkcionira svugdje, bilo da je to pokretno sjedalo za sastanke tima ili improvizirana polica u uredima i ulaznim prostorima. HANS je dostupan u suptilnim zavr\u0161nim obradama \u2013 nauljeni, prirodni hrast, orah ili brijest, ili obojeni hrast ali tako\u0111er se mo\u017ee naru\u010diti u nizu mat boja kako bi uredu dao \u0161aren, privla\u010dan naglasak. Ljepota jednostavnosti koja oplemljuje svaki dizajn interijera.<\/p>\n","protected":false},"excerpt":{"rendered":"<p>Savr\u0161eno svestran. HANS je tabure izra\u0111en od punog drveta. Zahvaljuju\u0107i namjerno elegantnom, ali i klasi\u010dnom dizajnu, HANS dobro funkcionira svugdje, bilo da je to pokretno sjedalo za sastanke tima ili improvizirana polica u uredima i ulaznim prostorima. HANS je dostupan u suptilnim zavr\u0161nim obradama \u2013 nauljeni, prirodni hrast, orah ili brijest, ili obojeni hrast ali [&hellip;]<\/p>\n","protected":false},"featured_media":124947,"template":"","meta":{"_acf_changed":false},"product_brand":[],"product_cat":[3041,2105,3132,3137,3130,2061,2068,2073,2087,3100,3104,3108,3112,2118,3134,3139,2092],"product_tag":[],"berocket_brand":[3259],"class_list":{"0":"post-126026","1":"product","2":"type-product","3":"status-publish","4":"has-post-thumbnail","6":"product_cat-horeca-prostori","7":"product_cat-javni","8":"product_cat-namjestaj-za-predprostore-i-cekaone","9":"product_cat-niski-klubski-stolici-za-unutarnje-prostore","10":"product_cat-niski-stolovi-za-unutarnje-prostore","11":"product_cat-proizvodi","12":"product_cat-prostori","13":"product_cat-rezidencijalni","14":"product_cat-stolice","15":"product_cat-stolice-za-unutarnje-prostore","16":"product_cat-stolice-za-unutarnje-prostore-horeca-prostori","17":"product_cat-stolice-za-unutarnje-prostore-rezidencijalni","18":"product_cat-stolice-za-unutarnje-prostore-javni","19":"product_cat-stolovi","20":"product_cat-stolovi-za-unutarnje-prostore-horeca-prostori","21":"product_cat-stolovi-za-unutarnje-prostore-javni","22":"product_cat-uredi","23":"berocket_brand-schonbuch","25":"first","26":"instock","27":"product-type-grouped"},"acf":[],"_links":{"self":[{"href":"https:\/\/cernelic.hr\/en\/wp-json\/wp\/v2\/product\/126026","targetHints":{"allow":["GET"]}}],"collection":[{"href":"https:\/\/cernelic.hr\/en\/wp-json\/wp\/v2\/product"}],"about":[{"href":"https:\/\/cernelic.hr\/en\/wp-json\/wp\/v2\/types\/product"}],"wp:featuredmedia":[{"embeddable":true,"href":"https:\/\/cernelic.hr\/en\/wp-json\/wp\/v2\/media\/124947"}],"wp:attachment":[{"href":"https:\/\/cernelic.hr\/en\/wp-json\/wp\/v2\/media?parent=126026"}],"wp:term":[{"taxonomy":"product_brand","embeddable":true,"href":"https:\/\/cernelic.hr\/en\/wp-json\/wp\/v2\/product_brand?post=126026"},{"taxonomy":"product_cat","embeddable":true,"href":"https:\/\/cernelic.hr\/en\/wp-json\/wp\/v2\/product_cat?post=126026"},{"taxonomy":"product_tag","embeddable":true,"href":"https:\/\/cernelic.hr\/en\/wp-json\/wp\/v2\/product_tag?post=126026"},{"taxonomy":"berocket_brand","embeddable":true,"href":"https:\/\/cernelic.hr\/en\/wp-json\/wp\/v2\/berocket_brand?post=126026"}],"curies":[{"name":"wp","href":"https:\/\/api.w.org\/{rel}","templated":true}]}}