{"id":126028,"date":"2022-09-20T06:29:12","date_gmt":"2022-09-20T06:29:12","guid":{"rendered":"https:\/\/cernelic.hr\/proizvod\/nini-stool-by-schonbuch\/"},"modified":"2023-12-08T11:11:43","modified_gmt":"2023-12-08T11:11:43","slug":"nini-stool-by-schonbuch","status":"publish","type":"product","link":"https:\/\/cernelic.hr\/en\/proizvod\/nini-stool-by-schonbuch\/","title":{"rendered":"NINI Stool by Sch\u00f6nbuch"},"content":{"rendered":"<p>NINI tabure bezvremenski je komad koji se jednako dobro uklapa u ured kao i u bar. Dizajn spaja funkcionalnu prakti\u010dnost s doma\u0107om udobnosti punog drveta. Izra\u0111en je od prirodnog, nauljenog hrasta ili oraha, ili od hrasta \u010dije su prirodne pore lakirane u jednoj od mnogih dostupnih mat nijansi. Krajnje \u0161armantan izbor za ure\u0111enje kafi\u0107a ili ure\u0111enje ureda.<\/p>\n","protected":false},"excerpt":{"rendered":"<p>NINI tabure bezvremenski je komad koji se jednako dobro uklapa u ured kao i u bar. Dizajn spaja funkcionalnu prakti\u010dnost s doma\u0107om udobnosti punog drveta. Izra\u0111en je od prirodnog, nauljenog hrasta ili oraha, ili od hrasta \u010dije su prirodne pore lakirane u jednoj od mnogih dostupnih mat nijansi. Krajnje \u0161armantan izbor za ure\u0111enje kafi\u0107a ili [&hellip;]<\/p>\n","protected":false},"featured_media":124964,"template":"","meta":{"_acf_changed":false},"product_brand":[],"product_cat":[3041,2105,3132,3137,3130,2061,2068,2073,2087,3104,3108,3112,3100,2118,3134,3139,2092],"product_tag":[],"berocket_brand":[3259],"class_list":{"0":"post-126028","1":"product","2":"type-product","3":"status-publish","4":"has-post-thumbnail","6":"product_cat-horeca-prostori","7":"product_cat-javni","8":"product_cat-namjestaj-za-predprostore-i-cekaone","9":"product_cat-niski-klubski-stolici-za-unutarnje-prostore","10":"product_cat-niski-stolovi-za-unutarnje-prostore","11":"product_cat-proizvodi","12":"product_cat-prostori","13":"product_cat-rezidencijalni","14":"product_cat-stolice","15":"product_cat-stolice-za-unutarnje-prostore-horeca-prostori","16":"product_cat-stolice-za-unutarnje-prostore-rezidencijalni","17":"product_cat-stolice-za-unutarnje-prostore-javni","18":"product_cat-stolice-za-unutarnje-prostore","19":"product_cat-stolovi","20":"product_cat-stolovi-za-unutarnje-prostore-horeca-prostori","21":"product_cat-stolovi-za-unutarnje-prostore-javni","22":"product_cat-uredi","23":"berocket_brand-schonbuch","25":"first","26":"instock","27":"product-type-grouped"},"acf":[],"_links":{"self":[{"href":"https:\/\/cernelic.hr\/en\/wp-json\/wp\/v2\/product\/126028","targetHints":{"allow":["GET"]}}],"collection":[{"href":"https:\/\/cernelic.hr\/en\/wp-json\/wp\/v2\/product"}],"about":[{"href":"https:\/\/cernelic.hr\/en\/wp-json\/wp\/v2\/types\/product"}],"wp:featuredmedia":[{"embeddable":true,"href":"https:\/\/cernelic.hr\/en\/wp-json\/wp\/v2\/media\/124964"}],"wp:attachment":[{"href":"https:\/\/cernelic.hr\/en\/wp-json\/wp\/v2\/media?parent=126028"}],"wp:term":[{"taxonomy":"product_brand","embeddable":true,"href":"https:\/\/cernelic.hr\/en\/wp-json\/wp\/v2\/product_brand?post=126028"},{"taxonomy":"product_cat","embeddable":true,"href":"https:\/\/cernelic.hr\/en\/wp-json\/wp\/v2\/product_cat?post=126028"},{"taxonomy":"product_tag","embeddable":true,"href":"https:\/\/cernelic.hr\/en\/wp-json\/wp\/v2\/product_tag?post=126028"},{"taxonomy":"berocket_brand","embeddable":true,"href":"https:\/\/cernelic.hr\/en\/wp-json\/wp\/v2\/berocket_brand?post=126028"}],"curies":[{"name":"wp","href":"https:\/\/api.w.org\/{rel}","templated":true}]}}