{"id":126030,"date":"2022-09-20T06:29:12","date_gmt":"2022-09-20T06:29:12","guid":{"rendered":"https:\/\/cernelic.hr\/proizvod\/tub-bench-and-stool-by-schonbuch\/"},"modified":"2023-12-08T11:22:38","modified_gmt":"2023-12-08T11:22:38","slug":"tub-bench-and-stool-by-schonbuch","status":"publish","type":"product","link":"https:\/\/cernelic.hr\/en\/proizvod\/tub-bench-and-stool-by-schonbuch\/","title":{"rendered":"TUB Bench and Stool by Sch\u00f6nbuch"},"content":{"rendered":"<p>Karakteristi\u010dna zna\u010dajka svih TUB modela uzbudljiva je igra izme\u0111u pravih kutova i zakrivljenih povr\u0161ina te kontrast izme\u0111u drva i metala. Klupa, na primjer, \u010dini savr\u0161eno rje\u0161enje za sjedenje i odlaganje u ulaznim prostorima, nude\u0107i dodatni prostor za cipele. Tabure \u010dini upe\u010datljiv no\u0107ni ormari\u0107 ili stoli\u0107. Linija TUB tako\u0111er uklju\u010duje stalak za kapute i konzolni stol kako bi se osigurao cjelovit dizajn interijera.<\/p>\n","protected":false},"excerpt":{"rendered":"<p>Karakteristi\u010dna zna\u010dajka svih TUB modela uzbudljiva je igra izme\u0111u pravih kutova i zakrivljenih povr\u0161ina te kontrast izme\u0111u drva i metala. Klupa, na primjer, \u010dini savr\u0161eno rje\u0161enje za sjedenje i odlaganje u ulaznim prostorima, nude\u0107i dodatni prostor za cipele. Tabure \u010dini upe\u010datljiv no\u0107ni ormari\u0107 ili stoli\u0107. Linija TUB tako\u0111er uklju\u010duje stalak za kapute i konzolni stol [&hellip;]<\/p>\n","protected":false},"featured_media":126243,"template":"","meta":{"_acf_changed":false},"product_brand":[],"product_cat":[3221,3116,3041,2105,3133,3127,3138,3131,3132,2085,2061,2068,2073,3108,2092],"product_tag":[],"berocket_brand":[3259],"class_list":{"0":"post-126030","1":"product","2":"type-product","3":"status-publish","4":"has-post-thumbnail","6":"product_cat-co-working-namjestaj","7":"product_cat-fotelje-garniture-proizvodi","8":"product_cat-horeca-prostori","9":"product_cat-javni","10":"product_cat-klupe-i-separei-horeca-prostori","11":"product_cat-klupe-i-separei","12":"product_cat-namjestaj-za-cekaonice-javni","13":"product_cat-namjestaj-za-neformalne-sastanke-i-druzenje","14":"product_cat-namjestaj-za-predprostore-i-cekaone","15":"product_cat-namjestaj-za-urede","16":"product_cat-proizvodi","17":"product_cat-prostori","18":"product_cat-rezidencijalni","19":"product_cat-stolice-za-unutarnje-prostore-rezidencijalni","20":"product_cat-uredi","21":"berocket_brand-schonbuch","23":"first","24":"instock","25":"product-type-grouped"},"acf":[],"_links":{"self":[{"href":"https:\/\/cernelic.hr\/en\/wp-json\/wp\/v2\/product\/126030","targetHints":{"allow":["GET"]}}],"collection":[{"href":"https:\/\/cernelic.hr\/en\/wp-json\/wp\/v2\/product"}],"about":[{"href":"https:\/\/cernelic.hr\/en\/wp-json\/wp\/v2\/types\/product"}],"wp:featuredmedia":[{"embeddable":true,"href":"https:\/\/cernelic.hr\/en\/wp-json\/wp\/v2\/media\/126243"}],"wp:attachment":[{"href":"https:\/\/cernelic.hr\/en\/wp-json\/wp\/v2\/media?parent=126030"}],"wp:term":[{"taxonomy":"product_brand","embeddable":true,"href":"https:\/\/cernelic.hr\/en\/wp-json\/wp\/v2\/product_brand?post=126030"},{"taxonomy":"product_cat","embeddable":true,"href":"https:\/\/cernelic.hr\/en\/wp-json\/wp\/v2\/product_cat?post=126030"},{"taxonomy":"product_tag","embeddable":true,"href":"https:\/\/cernelic.hr\/en\/wp-json\/wp\/v2\/product_tag?post=126030"},{"taxonomy":"berocket_brand","embeddable":true,"href":"https:\/\/cernelic.hr\/en\/wp-json\/wp\/v2\/berocket_brand?post=126030"}],"curies":[{"name":"wp","href":"https:\/\/api.w.org\/{rel}","templated":true}]}}