{"id":126031,"date":"2022-09-20T06:29:12","date_gmt":"2022-09-20T06:29:12","guid":{"rendered":"https:\/\/cernelic.hr\/proizvod\/upon-bench-by-schonbuch\/"},"modified":"2023-12-08T11:13:00","modified_gmt":"2023-12-08T11:13:00","slug":"upon-bench-by-schonbuch","status":"publish","type":"product","link":"https:\/\/cernelic.hr\/en\/proizvod\/upon-bench-by-schonbuch\/","title":{"rendered":"UPON Bench by Sch\u00f6nbuch"},"content":{"rendered":"<p>UPON klupa moderni je klasik izra\u0111en od posebne kombinacije materijala. Njegov poseban izgled dolazi od upe\u010datljivog okvira, koji je izra\u0111en od presavijenog \u010deli\u010dnog lima s fino teksturiranim premazom. Sjedalo je izra\u0111eno od obojenog jasena s prirodnim drvenim porama. Dostupna u crnoj ili bijeloj boji, klupa je vrlo svestrana i privla\u010di poglede ponajvi\u0161e u ulaznim prostorima. Odgovaraju\u0107i UPON stol ima sli\u010dan okvir na \u010dijem je vrhu kru\u017ena plo\u010da od prozirnog stakla. Sna\u017ena stilska izjava koju biraju dizajneri interijera \u0161irom svijeta.<\/p>\n","protected":false},"excerpt":{"rendered":"<p>UPON klupa moderni je klasik izra\u0111en od posebne kombinacije materijala. Njegov poseban izgled dolazi od upe\u010datljivog okvira, koji je izra\u0111en od presavijenog \u010deli\u010dnog lima s fino teksturiranim premazom. Sjedalo je izra\u0111eno od obojenog jasena s prirodnim drvenim porama. Dostupna u crnoj ili bijeloj boji, klupa je vrlo svestrana i privla\u010di poglede ponajvi\u0161e u ulaznim prostorima. [&hellip;]<\/p>\n","protected":false},"featured_media":124991,"template":"","meta":{"_acf_changed":false},"product_brand":[],"product_cat":[3221,3116,3041,2105,3127,3133,3138,3131,3132,2085,2061,2068,2073,3108,2092],"product_tag":[],"berocket_brand":[3259],"class_list":{"0":"post-126031","1":"product","2":"type-product","3":"status-publish","4":"has-post-thumbnail","6":"product_cat-co-working-namjestaj","7":"product_cat-fotelje-garniture-proizvodi","8":"product_cat-horeca-prostori","9":"product_cat-javni","10":"product_cat-klupe-i-separei","11":"product_cat-klupe-i-separei-horeca-prostori","12":"product_cat-namjestaj-za-cekaonice-javni","13":"product_cat-namjestaj-za-neformalne-sastanke-i-druzenje","14":"product_cat-namjestaj-za-predprostore-i-cekaone","15":"product_cat-namjestaj-za-urede","16":"product_cat-proizvodi","17":"product_cat-prostori","18":"product_cat-rezidencijalni","19":"product_cat-stolice-za-unutarnje-prostore-rezidencijalni","20":"product_cat-uredi","21":"berocket_brand-schonbuch","23":"first","24":"instock","25":"product-type-grouped"},"acf":[],"_links":{"self":[{"href":"https:\/\/cernelic.hr\/en\/wp-json\/wp\/v2\/product\/126031","targetHints":{"allow":["GET"]}}],"collection":[{"href":"https:\/\/cernelic.hr\/en\/wp-json\/wp\/v2\/product"}],"about":[{"href":"https:\/\/cernelic.hr\/en\/wp-json\/wp\/v2\/types\/product"}],"wp:featuredmedia":[{"embeddable":true,"href":"https:\/\/cernelic.hr\/en\/wp-json\/wp\/v2\/media\/124991"}],"wp:attachment":[{"href":"https:\/\/cernelic.hr\/en\/wp-json\/wp\/v2\/media?parent=126031"}],"wp:term":[{"taxonomy":"product_brand","embeddable":true,"href":"https:\/\/cernelic.hr\/en\/wp-json\/wp\/v2\/product_brand?post=126031"},{"taxonomy":"product_cat","embeddable":true,"href":"https:\/\/cernelic.hr\/en\/wp-json\/wp\/v2\/product_cat?post=126031"},{"taxonomy":"product_tag","embeddable":true,"href":"https:\/\/cernelic.hr\/en\/wp-json\/wp\/v2\/product_tag?post=126031"},{"taxonomy":"berocket_brand","embeddable":true,"href":"https:\/\/cernelic.hr\/en\/wp-json\/wp\/v2\/berocket_brand?post=126031"}],"curies":[{"name":"wp","href":"https:\/\/api.w.org\/{rel}","templated":true}]}}