{"id":126032,"date":"2022-09-20T06:29:12","date_gmt":"2022-09-20T06:29:12","guid":{"rendered":"https:\/\/cernelic.hr\/proizvod\/cores-shelf-by-schonbuch\/"},"modified":"2023-12-08T11:10:06","modified_gmt":"2023-12-08T11:10:06","slug":"cores-shelf-by-schonbuch","status":"publish","type":"product","link":"https:\/\/cernelic.hr\/en\/proizvod\/cores-shelf-by-schonbuch\/","title":{"rendered":"CORES Shelf by Sch\u00f6nbuch"},"content":{"rendered":"<p>Jasne linije i obojeni pravokutnici CORES ukrasnog dodatka podsje\u0107aju na slike Pieta Mondriana. Sa ili bez knjiga ili ukrasa, kao pregrada za sobu ili klasi\u010dna polica za knjige, CORES je puno vi\u0161e od pukog skladi\u0161ta: to je apsolutni statement komad kojeg prepoznaje svaki dizajner interijera.<\/p>\n","protected":false},"excerpt":{"rendered":"<p>Jasne linije i obojeni pravokutnici CORES ukrasnog dodatka podsje\u0107aju na slike Pieta Mondriana. Sa ili bez knjiga ili ukrasa, kao pregrada za sobu ili klasi\u010dna polica za knjige, CORES je puno vi\u0161e od pukog skladi\u0161ta: to je apsolutni statement komad kojeg prepoznaje svaki dizajner interijera.<\/p>\n","protected":false},"featured_media":124932,"template":"","meta":{"_acf_changed":false},"product_brand":[],"product_cat":[3041,3164,3091,3264,2171,3165,3166,3081,2061,2068,2073,2092],"product_tag":[],"berocket_brand":[3259],"class_list":{"0":"post-126032","1":"product","2":"type-product","3":"status-publish","4":"has-post-thumbnail","6":"product_cat-horeca-prostori","7":"product_cat-namjestaj-za-hotelske-sobe","8":"product_cat-namjestaj-za-kucni-ured","9":"product_cat-namjestaj-za-odlaganje-i-arhiviranje-ormari","10":"product_cat-ormari-i-komode","11":"product_cat-ormari-i-komode-horeca-prostori","12":"product_cat-ormari-i-komode-rezidencijalni","13":"product_cat-police-i-regali","14":"product_cat-proizvodi","15":"product_cat-prostori","16":"product_cat-rezidencijalni","17":"product_cat-uredi","18":"berocket_brand-schonbuch","20":"first","21":"instock","22":"product-type-grouped"},"acf":[],"_links":{"self":[{"href":"https:\/\/cernelic.hr\/en\/wp-json\/wp\/v2\/product\/126032","targetHints":{"allow":["GET"]}}],"collection":[{"href":"https:\/\/cernelic.hr\/en\/wp-json\/wp\/v2\/product"}],"about":[{"href":"https:\/\/cernelic.hr\/en\/wp-json\/wp\/v2\/types\/product"}],"wp:featuredmedia":[{"embeddable":true,"href":"https:\/\/cernelic.hr\/en\/wp-json\/wp\/v2\/media\/124932"}],"wp:attachment":[{"href":"https:\/\/cernelic.hr\/en\/wp-json\/wp\/v2\/media?parent=126032"}],"wp:term":[{"taxonomy":"product_brand","embeddable":true,"href":"https:\/\/cernelic.hr\/en\/wp-json\/wp\/v2\/product_brand?post=126032"},{"taxonomy":"product_cat","embeddable":true,"href":"https:\/\/cernelic.hr\/en\/wp-json\/wp\/v2\/product_cat?post=126032"},{"taxonomy":"product_tag","embeddable":true,"href":"https:\/\/cernelic.hr\/en\/wp-json\/wp\/v2\/product_tag?post=126032"},{"taxonomy":"berocket_brand","embeddable":true,"href":"https:\/\/cernelic.hr\/en\/wp-json\/wp\/v2\/berocket_brand?post=126032"}],"curies":[{"name":"wp","href":"https:\/\/api.w.org\/{rel}","templated":true}]}}