{"id":126034,"date":"2022-09-20T06:29:12","date_gmt":"2022-09-20T06:29:12","guid":{"rendered":"https:\/\/cernelic.hr\/proizvod\/dado-shelf-by-schonbuch\/"},"modified":"2023-12-08T11:10:22","modified_gmt":"2023-12-08T11:10:22","slug":"dado-shelf-by-schonbuch","status":"publish","type":"product","link":"https:\/\/cernelic.hr\/en\/proizvod\/dado-shelf-by-schonbuch\/","title":{"rendered":"DADO Shelf by Sch\u00f6nbuch"},"content":{"rendered":"<p>DADO polica nudi kreativnu igru boja, drveta i metala. Dolazi u tri veli\u010dine i mo\u017ee se koristiti uspravno ili vodoravno. DADO nudi mnogo mogu\u0107nosti za osobni dekor zidova, sa svakim dodatnim elementom u bilo kojoj veli\u010dini ili boji \u0161to doprinosi ukupnom stilskom dojmu interijera. Idealan za skladi\u0161tenje ili kao polica, mo\u017ee se neograni\u010deno konfigurirati i pro\u0161irivati. Sna\u017ean timski igra\u010d za svako opremanje po mjeri.<\/p>\n","protected":false},"excerpt":{"rendered":"<p>DADO polica nudi kreativnu igru boja, drveta i metala. Dolazi u tri veli\u010dine i mo\u017ee se koristiti uspravno ili vodoravno. DADO nudi mnogo mogu\u0107nosti za osobni dekor zidova, sa svakim dodatnim elementom u bilo kojoj veli\u010dini ili boji \u0161to doprinosi ukupnom stilskom dojmu interijera. Idealan za skladi\u0161tenje ili kao polica, mo\u017ee se neograni\u010deno konfigurirati i [&hellip;]<\/p>\n","protected":false},"featured_media":124938,"template":"","meta":{"_acf_changed":false},"product_brand":[],"product_cat":[3041,3164,3091,3264,2171,3081,2061,2068,2073,2092],"product_tag":[],"berocket_brand":[3259],"class_list":{"0":"post-126034","1":"product","2":"type-product","3":"status-publish","4":"has-post-thumbnail","6":"product_cat-horeca-prostori","7":"product_cat-namjestaj-za-hotelske-sobe","8":"product_cat-namjestaj-za-kucni-ured","9":"product_cat-namjestaj-za-odlaganje-i-arhiviranje-ormari","10":"product_cat-ormari-i-komode","11":"product_cat-police-i-regali","12":"product_cat-proizvodi","13":"product_cat-prostori","14":"product_cat-rezidencijalni","15":"product_cat-uredi","16":"berocket_brand-schonbuch","18":"first","19":"instock","20":"product-type-grouped"},"acf":[],"_links":{"self":[{"href":"https:\/\/cernelic.hr\/en\/wp-json\/wp\/v2\/product\/126034","targetHints":{"allow":["GET"]}}],"collection":[{"href":"https:\/\/cernelic.hr\/en\/wp-json\/wp\/v2\/product"}],"about":[{"href":"https:\/\/cernelic.hr\/en\/wp-json\/wp\/v2\/types\/product"}],"wp:featuredmedia":[{"embeddable":true,"href":"https:\/\/cernelic.hr\/en\/wp-json\/wp\/v2\/media\/124938"}],"wp:attachment":[{"href":"https:\/\/cernelic.hr\/en\/wp-json\/wp\/v2\/media?parent=126034"}],"wp:term":[{"taxonomy":"product_brand","embeddable":true,"href":"https:\/\/cernelic.hr\/en\/wp-json\/wp\/v2\/product_brand?post=126034"},{"taxonomy":"product_cat","embeddable":true,"href":"https:\/\/cernelic.hr\/en\/wp-json\/wp\/v2\/product_cat?post=126034"},{"taxonomy":"product_tag","embeddable":true,"href":"https:\/\/cernelic.hr\/en\/wp-json\/wp\/v2\/product_tag?post=126034"},{"taxonomy":"berocket_brand","embeddable":true,"href":"https:\/\/cernelic.hr\/en\/wp-json\/wp\/v2\/berocket_brand?post=126034"}],"curies":[{"name":"wp","href":"https:\/\/api.w.org\/{rel}","templated":true}]}}